{"id":10615,"date":"2021-01-29T14:22:52","date_gmt":"2021-01-29T14:22:52","guid":{"rendered":"https:\/\/riff.is\/?page_id=10615"},"modified":"2024-10-17T10:00:41","modified_gmt":"2024-10-17T10:00:41","slug":"film-submission","status":"publish","type":"page","link":"https:\/\/riff.is\/en\/film-submission\/","title":{"rendered":"Film Submission"},"content":{"rendered":"<div data-elementor-type=\"wp-page\" data-elementor-id=\"10615\" class=\"elementor elementor-10615\" data-elementor-post-type=\"page\">\n\t\t\t\t\t\t<section class=\"elementor-section elementor-top-section elementor-element elementor-element-6e4eb330 elementor-section-height-min-height elementor-section-boxed elementor-section-height-default elementor-section-items-middle\" data-id=\"6e4eb330\" data-element_type=\"section\" data-e-type=\"section\" data-settings=\"{&quot;background_background&quot;:&quot;classic&quot;}\">\n\t\t\t\t\t\t\t<div class=\"elementor-background-overlay\"><\/div>\n\t\t\t\t\t\t\t<div class=\"elementor-container elementor-column-gap-default\">\n\t\t\t\t\t<div class=\"elementor-column elementor-col-100 elementor-top-column elementor-element elementor-element-52c6a792\" data-id=\"52c6a792\" data-element_type=\"column\" data-e-type=\"column\">\n\t\t\t<div class=\"elementor-widget-wrap elementor-element-populated\">\n\t\t\t\t\t\t\t<\/div>\n\t\t<\/div>\n\t\t\t\t\t<\/div>\n\t\t<\/section>\n\t\t\t\t<section class=\"elementor-section elementor-top-section elementor-element elementor-element-54af552c elementor-section-boxed elementor-section-height-default elementor-section-height-default\" data-id=\"54af552c\" data-element_type=\"section\" data-e-type=\"section\">\n\t\t\t\t\t\t<div class=\"elementor-container elementor-column-gap-default\">\n\t\t\t\t\t<div class=\"elementor-column elementor-col-100 elementor-top-column elementor-element elementor-element-6e086a09\" data-id=\"6e086a09\" data-element_type=\"column\" data-e-type=\"column\">\n\t\t\t<div class=\"elementor-widget-wrap elementor-element-populated\">\n\t\t\t\t\t\t<div class=\"elementor-element elementor-element-2e685b4 elementor-widget elementor-widget-text-editor\" data-id=\"2e685b4\" data-element_type=\"widget\" data-e-type=\"widget\" data-widget_type=\"text-editor.default\">\n\t\t\t\t<div class=\"elementor-widget-container\">\n\t\t\t\t\t\t\t\t\t<p>We open for film submissions on November 1st 2024!\u00a0<\/p><p><span style=\"font-size: 20px; background-color: var( --e-global-color-astglobalcolor8 );\">The 22nd edition of the Reykjav\u00edk International Film Festival will take place between September 25st and October 5th, 2025. The main purpose of RIFF, Iceland\u2019s major annual film event, is to offer a wide selection of groundbreaking, independent cinema, and to highlight the work of young and emerging filmmakers, by presenting only first and second works in the Grand Prix competition category New Visions.\u00a0<\/span><\/p><p><span style=\"background-color: var( --e-global-color-astglobalcolor8 ); font-size: 20px;\">The festival's objective is to increase general interest in independent cinema, increase the level of cinematic literacy and enrich film culture in Iceland by offering different cross-platform programs.<\/span><\/p>\t\t\t\t\t\t\t\t<\/div>\n\t\t\t\t<\/div>\n\t\t\t\t<div class=\"elementor-element elementor-element-a958220 elementor-widget elementor-widget-image\" data-id=\"a958220\" data-element_type=\"widget\" data-e-type=\"widget\" data-widget_type=\"image.default\">\n\t\t\t\t<div class=\"elementor-widget-container\">\n\t\t\t\t\t\t\t\t\t\t\t\t\t\t\t\t<a href=\"https:\/\/filmfreeway.com\/ReykjavikInternationalFilmFestival\" rel=\"nofollow noopener\" target=\"_blank\">\n\t\t\t\t\t\t\t<img decoding=\"async\" width=\"300\" height=\"56\" src=\"https:\/\/riff.is\/wp-content\/uploads\/2020\/08\/sm_submission_btn@2x-sky-gradient-300x56.png\" class=\"attachment-medium size-medium wp-image-10526\" alt=\"\" srcset=\"https:\/\/riff.is\/wp-content\/uploads\/2020\/08\/sm_submission_btn@2x-sky-gradient-300x56.png 300w, https:\/\/riff.is\/wp-content\/uploads\/2020\/08\/sm_submission_btn@2x-sky-gradient.png 526w\" sizes=\"(max-width: 300px) 100vw, 300px\" title=\"\">\t\t\t\t\t\t\t\t<\/a>\n\t\t\t\t\t\t\t\t\t\t\t\t\t\t\t<\/div>\n\t\t\t\t<\/div>\n\t\t\t\t<div class=\"elementor-element elementor-element-caaccfe elementor-widget elementor-widget-text-editor\" data-id=\"caaccfe\" data-element_type=\"widget\" data-e-type=\"widget\" data-widget_type=\"text-editor.default\">\n\t\t\t\t<div class=\"elementor-widget-container\">\n\t\t\t\t\t\t\t\t\t<p><b>Rules and Conditions\u00a0<\/b><\/p><p>We accept fiction, documentary, hybrid, and animation films of any genre, both in the feature (beyond 60 min) and short (under 60 min) forms.\u00a0<\/p><p>All submissions: Must have been completed after January 1st, 2024. Must be at minimum Icelandic premieres (i.e. must not have been screened publicly in Iceland prior to the 2025 festival, including a broadcast version of any length). Must be in English, or subtitled in English.\u00a0<\/p><p><b>Submission Fee\u00a0<\/b><\/p><p>The price for submission is 7.600 ISK (about 55 EUR) but early submission price is 4.900 ISK (about 35 EUR). Early submission is open until March 31st. The fee is non-refundable. The submission deadline is July 10th 2025.\u00a0<\/p><p>Please note that submission fees contribute towards the administrative duties carried out by our festival team and previewing panel. These fees are essential to the sustainability of our festival and therefore we are unable to offer waivers.\u00a0<\/p><p><b>Programming Consideration<\/b>\u00a0<\/p><p>RIFF will consider both international and Icelandic films, whether they are fiction films or documentaries, regardless of length or subject matter. All submissions will be given full consideration by our programming team.\u00a0<\/p><p><b>Programming Decisions\u00a0<\/b><\/p><p>The final decision on programming, categorization, and scheduling of films will be determined by the festival programming team. Their decision is final (and not open to negotiation). Successful applicants will receive this information in their official invitation.\u00a0<\/p><p>No screeners or application materials will be returned. Do not send film prints, master tapes, or other originals.\u00a0<\/p><p>If your film is selected, you will receive a more detailed form asking for promotional materials needed for our catalogue and website (delivering these on time and in the right format is 100% on you). We expect all submitted films to be free of screening fees.\u00a0<\/p><p>You can expect your film to be screened 3-4 times during the festival and 4-5 times around the rural countryside of Iceland in the month following the end of RIFF in a separate program named \u2018RIFF around the country\u2019. The project aims to reach audiences that would otherwise not have a chance to see our program. For officially selected films, RIFF wants to provide as much support as possible to filmmakers attending the festival: \n\nFor feature-length films, RIFF will do its best to bring a representative to Reykjav\u00edk Iceland for each invited film. \n\nFor all selected films, RIFF will provide festival accreditation for every credited director.\u00a0<\/p><p><b>Selected Films<\/b>\u00a0<\/p><p>RIFF features three juried competition programs: the \u2018New Visions\u2019 category (fiction and documentary films), the \u2018A Different Tomorrow\u2019 category (documentaries) and the short film categories (\u2018Best Icelandic Short\u2019, \u2018Best International Short\u2019, and the \u2018Golden Egg\u2019 \u2013 which goes to the best short film at the Talent Lab); and several other programs that are non-competitive.\u00a0<\/p><p>Selected feature-length films in the \u2018New Visions\u2019 and \u2018A Different Tomorrow\u2019 categories, and short films at the \u2018Short Film\u2019 categories are eligible for jury prizes.\u00a0<\/p><p><b>Preview Format<\/b>\u00a0<\/p><p>Online screeners are mandatory. Any number of titles may be submitted. However, each title must be submitted on a separate entry form and screener.<\/p>\t\t\t\t\t\t\t\t<\/div>\n\t\t\t\t<\/div>\n\t\t\t\t<div class=\"elementor-element elementor-element-4f6e8aa elementor-widget elementor-widget-image\" data-id=\"4f6e8aa\" data-element_type=\"widget\" data-e-type=\"widget\" data-widget_type=\"image.default\">\n\t\t\t\t<div class=\"elementor-widget-container\">\n\t\t\t\t\t\t\t\t\t\t\t\t\t\t\t\t<a href=\"https:\/\/filmfreeway.com\/ReykjavikInternationalFilmFestival\" rel=\"nofollow noopener\" target=\"_blank\">\n\t\t\t\t\t\t\t<img decoding=\"async\" width=\"300\" height=\"56\" src=\"https:\/\/riff.is\/wp-content\/uploads\/2020\/08\/sm_submission_btn@2x-sky-gradient-300x56.png\" class=\"attachment-medium size-medium wp-image-10526\" alt=\"\" srcset=\"https:\/\/riff.is\/wp-content\/uploads\/2020\/08\/sm_submission_btn@2x-sky-gradient-300x56.png 300w, https:\/\/riff.is\/wp-content\/uploads\/2020\/08\/sm_submission_btn@2x-sky-gradient.png 526w\" sizes=\"(max-width: 300px) 100vw, 300px\" title=\"\">\t\t\t\t\t\t\t\t<\/a>\n\t\t\t\t\t\t\t\t\t\t\t\t\t\t\t<\/div>\n\t\t\t\t<\/div>\n\t\t\t\t\t<\/div>\n\t\t<\/div>\n\t\t\t\t\t<\/div>\n\t\t<\/section>\n\t\t\t\t<\/div>","protected":false},"excerpt":{"rendered":"<p>Vi\u00f0 opnum fyrir kvikmyndaums\u00f3knir 1. n\u00f3vember 2024!\u00a0 Al\u00fej\u00f3\u00f0leg kvikmyndah\u00e1t\u00ed\u00f0 \u00ed Reykjav\u00edk mun fara fram milli 25. september og 5. okt\u00f3ber 2025 \u00ed 22. skipti\u00f0. Megintilgangur RIFF, st\u00e6rsta kvikmyndavi\u00f0bur\u00f0ar \u00cdslands, er [&hellip;]<\/p>\n","protected":false},"author":893,"featured_media":10648,"parent":0,"menu_order":0,"comment_status":"closed","ping_status":"closed","template":"elementor_header_footer","meta":{"_monsterinsights_skip_tracking":false,"_monsterinsights_sitenote_active":false,"_monsterinsights_sitenote_note":"","_monsterinsights_sitenote_category":0,"_price":"","_stock":"","_tribe_ticket_header":"","_tribe_default_ticket_provider":"","_tribe_ticket_capacity":"0","_ticket_start_date":"","_ticket_end_date":"","_tribe_ticket_show_description":"","_tribe_ticket_show_not_going":false,"_tribe_ticket_use_global_stock":"","_tribe_ticket_global_stock_level":"","_global_stock_mode":"","_global_stock_cap":"","_tribe_rsvp_for_event":"","_tribe_ticket_going_count":"","_tribe_ticket_not_going_count":"","_tribe_tickets_list":"[]","_tribe_ticket_has_attendee_info_fields":false,"footnotes":"","_tec_slr_enabled":"","_tec_slr_layout":""},"class_list":["post-10615","page","type-page","status-publish","has-post-thumbnail","hentry"],"ticketed":false,"_links":{"self":[{"href":"https:\/\/riff.is\/en\/wp-json\/wp\/v2\/pages\/10615","targetHints":{"allow":["GET"]}}],"collection":[{"href":"https:\/\/riff.is\/en\/wp-json\/wp\/v2\/pages"}],"about":[{"href":"https:\/\/riff.is\/en\/wp-json\/wp\/v2\/types\/page"}],"author":[{"embeddable":true,"href":"https:\/\/riff.is\/en\/wp-json\/wp\/v2\/users\/893"}],"replies":[{"embeddable":true,"href":"https:\/\/riff.is\/en\/wp-json\/wp\/v2\/comments?post=10615"}],"version-history":[{"count":17,"href":"https:\/\/riff.is\/en\/wp-json\/wp\/v2\/pages\/10615\/revisions"}],"predecessor-version":[{"id":58016,"href":"https:\/\/riff.is\/en\/wp-json\/wp\/v2\/pages\/10615\/revisions\/58016"}],"wp:featuredmedia":[{"embeddable":true,"href":"https:\/\/riff.is\/en\/wp-json\/wp\/v2\/media\/10648"}],"wp:attachment":[{"href":"https:\/\/riff.is\/en\/wp-json\/wp\/v2\/media?parent=10615"}],"curies":[{"name":"wp","href":"https:\/\/api.w.org\/{rel}","templated":true}]}}