{"id":41836,"date":"2022-09-19T16:06:27","date_gmt":"2022-09-19T16:06:27","guid":{"rendered":"https:\/\/riff.is\/?page_id=41836"},"modified":"2023-06-22T09:24:45","modified_gmt":"2023-06-22T09:24:45","slug":"umhverfisvernd","status":"publish","type":"page","link":"https:\/\/riff.is\/en\/umhverfisvernd\/","title":{"rendered":"Environmental policy"},"content":{"rendered":"<div data-elementor-type=\"wp-page\" data-elementor-id=\"41836\" class=\"elementor elementor-41836\" data-elementor-post-type=\"page\">\n\t\t\t\t\t\t<section class=\"elementor-section elementor-top-section elementor-element elementor-element-cede90b elementor-section-height-min-height elementor-section-boxed elementor-section-height-default elementor-section-items-middle\" data-id=\"cede90b\" data-element_type=\"section\" data-e-type=\"section\" data-settings=\"{&quot;background_background&quot;:&quot;classic&quot;}\">\n\t\t\t\t\t\t\t<div class=\"elementor-background-overlay\"><\/div>\n\t\t\t\t\t\t\t<div class=\"elementor-container elementor-column-gap-default\">\n\t\t\t\t\t<div class=\"elementor-column elementor-col-100 elementor-top-column elementor-element elementor-element-8030dba\" data-id=\"8030dba\" data-element_type=\"column\" data-e-type=\"column\">\n\t\t\t<div class=\"elementor-widget-wrap elementor-element-populated\">\n\t\t\t\t\t\t<div class=\"elementor-element elementor-element-dc096b2 elementor-widget elementor-widget-heading\" data-id=\"dc096b2\" data-element_type=\"widget\" data-e-type=\"widget\" data-widget_type=\"heading.default\">\n\t\t\t\t<div class=\"elementor-widget-container\">\n\t\t\t\t\t<h1 class=\"elementor-heading-title elementor-size-default\">Environmental policy<\/h1>\t\t\t\t<\/div>\n\t\t\t\t<\/div>\n\t\t\t\t\t<\/div>\n\t\t<\/div>\n\t\t\t\t\t<\/div>\n\t\t<\/section>\n\t\t\t\t<section class=\"elementor-section elementor-top-section elementor-element elementor-element-046f9a1 elementor-section-boxed elementor-section-height-default elementor-section-height-default\" data-id=\"046f9a1\" data-element_type=\"section\" data-e-type=\"section\">\n\t\t\t\t\t\t<div class=\"elementor-container elementor-column-gap-default\">\n\t\t\t\t\t<div class=\"elementor-column elementor-col-100 elementor-top-column elementor-element elementor-element-e9eb1db\" data-id=\"e9eb1db\" data-element_type=\"column\" data-e-type=\"column\">\n\t\t\t<div class=\"elementor-widget-wrap elementor-element-populated\">\n\t\t\t\t\t\t<div class=\"elementor-element elementor-element-20ce9ea elementor-widget elementor-widget-text-editor\" data-id=\"20ce9ea\" data-element_type=\"widget\" data-e-type=\"widget\" data-widget_type=\"text-editor.default\">\n\t\t\t\t<div class=\"elementor-widget-container\">\n\t\t\t\t\t\t\t\t\t<p class=\"translation-block\">RIFF, Reykjav\u00edk International Film Festival aims to be at the forefront of\u00a0increasing sustainability and reducing the environmental impact\u00a0of culture festivals. In light of this RIFF has, in partnership with our sponsors, committed to reducing our\u00a0eco-footprint\u00a0and to making choices with the good of the environment in mind.<br>\nAmong this year's initiatives, in partnership with Hertz, scooter rental service Hopp and the city bus line Str\u00e6t\u00f3 bs, RIFF aims to reduce traffic related pollution by increasing the availability of\u00a0eco-friendly transport\u00a0to the festival\u2019s venues. Printed materials will be provided by the eco-certified printer \u00cdsafold. Trees will be planted to offset the carbon-footprint of airline passengers visiting the festival. RIFF has joined together with six other film festivals to\u00a0promote environmental protection. Festival events with this focus will accordingly be prioritized.<\/p>\n<p class=\"translation-block\">\"We encourage festival visitors and film lovers to consider the environment in their travel methods and help us fulfill policy goals. \"Foreign visitors will make a trip to Hei\u00f0m\u00f6rk and help director\u00a0<b>Benedikt Erlingsson<\/b>\u00a0in the planting and cultivation of a\u00a0special film forest, which was established precisely to reduce the environmental pollution of the film industry. We want to build that forest and call a branch of it\u00a0The RIFF forest,\" says  <b>Hr\u00f6nn Marin\u00f3sd\u00f3ttir<\/b>, the festival's director.<\/p>\t\t\t\t\t\t\t\t<\/div>\n\t\t\t\t<\/div>\n\t\t\t\t\t<\/div>\n\t\t<\/div>\n\t\t\t\t\t<\/div>\n\t\t<\/section>\n\t\t\t\t<\/div>","protected":false},"excerpt":{"rendered":"<p>Umhverfisvernd RIFF, Al\u00fej\u00f3\u00f0leg kvikmyndah\u00e1t\u00ed\u00f0 \u00ed Reykjav\u00edk vill vera \u00ed fararbroddi menningarh\u00e1t\u00ed\u00f0a me\u00f0 umhverfisvernd og sj\u00e1lfb\u00e6rni \u00ed n\u00fdrri stefnu sinni og breyttum \u00e1herslum \u00ed st\u00f6rfum \u00ed samvinnu vi\u00f0 marga samstarfsf\u00e9laga h\u00e1t\u00ed\u00f0arinnar. [&hellip;]<\/p>\n","protected":false},"author":893,"featured_media":39811,"parent":0,"menu_order":0,"comment_status":"closed","ping_status":"closed","template":"","meta":{"_monsterinsights_skip_tracking":false,"_monsterinsights_sitenote_active":false,"_monsterinsights_sitenote_note":"","_monsterinsights_sitenote_category":0,"_price":"","_stock":"","_tribe_ticket_header":"","_tribe_default_ticket_provider":"","_tribe_ticket_capacity":"0","_ticket_start_date":"","_ticket_end_date":"","_tribe_ticket_show_description":"","_tribe_ticket_show_not_going":false,"_tribe_ticket_use_global_stock":"","_tribe_ticket_global_stock_level":"","_global_stock_mode":"","_global_stock_cap":"","_tribe_rsvp_for_event":"","_tribe_ticket_going_count":"","_tribe_ticket_not_going_count":"","_tribe_tickets_list":"[]","_tribe_ticket_has_attendee_info_fields":false,"footnotes":"","_tec_slr_enabled":"","_tec_slr_layout":""},"class_list":["post-41836","page","type-page","status-publish","has-post-thumbnail","hentry"],"ticketed":false,"_links":{"self":[{"href":"https:\/\/riff.is\/en\/wp-json\/wp\/v2\/pages\/41836","targetHints":{"allow":["GET"]}}],"collection":[{"href":"https:\/\/riff.is\/en\/wp-json\/wp\/v2\/pages"}],"about":[{"href":"https:\/\/riff.is\/en\/wp-json\/wp\/v2\/types\/page"}],"author":[{"embeddable":true,"href":"https:\/\/riff.is\/en\/wp-json\/wp\/v2\/users\/893"}],"replies":[{"embeddable":true,"href":"https:\/\/riff.is\/en\/wp-json\/wp\/v2\/comments?post=41836"}],"version-history":[{"count":5,"href":"https:\/\/riff.is\/en\/wp-json\/wp\/v2\/pages\/41836\/revisions"}],"predecessor-version":[{"id":47092,"href":"https:\/\/riff.is\/en\/wp-json\/wp\/v2\/pages\/41836\/revisions\/47092"}],"wp:featuredmedia":[{"embeddable":true,"href":"https:\/\/riff.is\/en\/wp-json\/wp\/v2\/media\/39811"}],"wp:attachment":[{"href":"https:\/\/riff.is\/en\/wp-json\/wp\/v2\/media?parent=41836"}],"curies":[{"name":"wp","href":"https:\/\/api.w.org\/{rel}","templated":true}]}}