{"id":60865,"date":"2025-05-28T16:17:36","date_gmt":"2025-05-28T16:17:36","guid":{"rendered":"https:\/\/riff.is\/?page_id=60865"},"modified":"2026-03-26T18:19:05","modified_gmt":"2026-03-26T18:19:05","slug":"merch-gift-cards","status":"publish","type":"page","link":"https:\/\/riff.is\/en\/merch-gift-cards\/","title":{"rendered":"Merch &#038; Gift Cards"},"content":{"rendered":"<div data-elementor-type=\"wp-page\" data-elementor-id=\"60865\" class=\"elementor elementor-60865\" data-elementor-post-type=\"page\">\n\t\t\t\t\t\t<section class=\"elementor-section elementor-top-section elementor-element elementor-element-2686929 elementor-section-full_width elementor-section-height-default elementor-section-height-default\" data-id=\"2686929\" data-element_type=\"section\" data-e-type=\"section\">\n\t\t\t\t\t\t<div class=\"elementor-container elementor-column-gap-default\">\n\t\t\t\t\t<div class=\"elementor-column elementor-col-100 elementor-top-column elementor-element elementor-element-b6f4c84\" data-id=\"b6f4c84\" data-element_type=\"column\" data-e-type=\"column\">\n\t\t\t<div class=\"elementor-widget-wrap elementor-element-populated\">\n\t\t\t\t<div class=\"elementor-element elementor-element-b2f11a9 e-flex e-con-boxed e-con e-parent\" data-id=\"b2f11a9\" data-element_type=\"container\" data-e-type=\"container\" data-settings=\"{&quot;background_background&quot;:&quot;classic&quot;}\">\n\t\t\t\t\t<div class=\"e-con-inner\">\n\t\t\t\t\t<\/div>\n\t\t\t\t<\/div>\n\t\t\t\t\t<\/div>\n\t\t<\/div>\n\t\t\t\t\t<\/div>\n\t\t<\/section>\n\t\t\t\t<section class=\"elementor-section elementor-top-section elementor-element elementor-element-ccb3b84 elementor-section-boxed elementor-section-height-default elementor-section-height-default\" data-id=\"ccb3b84\" data-element_type=\"section\" data-e-type=\"section\">\n\t\t\t\t\t\t<div class=\"elementor-container elementor-column-gap-default\">\n\t\t\t\t\t<div class=\"elementor-column elementor-col-100 elementor-top-column elementor-element elementor-element-a1ca6cb\" data-id=\"a1ca6cb\" data-element_type=\"column\" data-e-type=\"column\">\n\t\t\t<div class=\"elementor-widget-wrap elementor-element-populated\">\n\t\t\t\t\t\t<div class=\"elementor-element elementor-element-26972bd elementor-widget elementor-widget-heading\" data-id=\"26972bd\" data-element_type=\"widget\" data-e-type=\"widget\" data-widget_type=\"heading.default\">\n\t\t\t\t<div class=\"elementor-widget-container\">\n\t\t\t\t\t<h2 class=\"elementor-heading-title elementor-size-default\">MERCH AND GIFT CARDS<\/h2>\t\t\t\t<\/div>\n\t\t\t\t<\/div>\n\t\t\t\t\t<\/div>\n\t\t<\/div>\n\t\t\t\t\t<\/div>\n\t\t<\/section>\n\t\t\t\t<section class=\"elementor-section elementor-top-section elementor-element elementor-element-08e28cb elementor-section-boxed elementor-section-height-default elementor-section-height-default\" data-id=\"08e28cb\" data-element_type=\"section\" data-e-type=\"section\">\n\t\t\t\t\t\t<div class=\"elementor-container elementor-column-gap-default\">\n\t\t\t\t\t<div class=\"elementor-column elementor-col-100 elementor-top-column elementor-element elementor-element-9f0333b\" data-id=\"9f0333b\" data-element_type=\"column\" data-e-type=\"column\">\n\t\t\t<div class=\"elementor-widget-wrap elementor-element-populated\">\n\t\t\t\t\t\t<div class=\"elementor-element elementor-element-982c55f elementor-product-loop-item--align-center elementor-grid-4 elementor-grid-tablet-3 elementor-grid-mobile-2 elementor-products-grid elementor-wc-products elementor-widget elementor-widget-woocommerce-products\" data-id=\"982c55f\" data-element_type=\"widget\" data-e-type=\"widget\" data-widget_type=\"woocommerce-products.default\">\n\t\t\t\t<div class=\"elementor-widget-container\">\n\t\t\t\t\t<div class=\"woocommerce columns-4\"><ul class=\"products elementor-grid columns-4\">\n<li class=\"product type-product post-62249 status-publish first instock product_cat-gjafakort has-post-thumbnail downloadable virtual purchasable product-type-simple\">\n\t<a href=\"https:\/\/riff.is\/en\/product\/u20-ungmennapassi-gjafakort\/\" class=\"woocommerce-LoopProduct-link woocommerce-loop-product__link\"><img fetchpriority=\"high\" decoding=\"async\" width=\"300\" height=\"300\" src=\"https:\/\/riff.is\/wp-content\/uploads\/2025\/06\/web_01_u20_giftcard-1-300x300.png\" class=\"attachment-woocommerce_thumbnail size-woocommerce_thumbnail\" alt=\"U20 Ungmennapassi Gjafakort\" srcset=\"https:\/\/riff.is\/wp-content\/uploads\/2025\/06\/web_01_u20_giftcard-1-300x300.png 300w, https:\/\/riff.is\/wp-content\/uploads\/2025\/06\/web_01_u20_giftcard-1-12x12.png 12w, https:\/\/riff.is\/wp-content\/uploads\/2025\/06\/web_01_u20_giftcard-1-600x600.png 600w, https:\/\/riff.is\/wp-content\/uploads\/2025\/06\/web_01_u20_giftcard-1-100x100.png 100w, https:\/\/riff.is\/wp-content\/uploads\/2025\/06\/web_01_u20_giftcard-1-150x150.png 150w, https:\/\/riff.is\/wp-content\/uploads\/2025\/06\/web_01_u20_giftcard-1-768x768.png 768w, https:\/\/riff.is\/wp-content\/uploads\/2025\/06\/web_01_u20_giftcard-1-1024x1024.png 1024w, https:\/\/riff.is\/wp-content\/uploads\/2025\/06\/web_01_u20_giftcard-1.png 1080w\" sizes=\"(max-width: 300px) 100vw, 300px\" title=\"\"><h2 class=\"woocommerce-loop-product__title\">U20 Youth Pass Gift Card<\/h2>\n\t<span class=\"price\"><span class=\"woocommerce-Price-amount amount\"><bdi>6,490&nbsp;<span class=\"woocommerce-Price-currencySymbol\">kr.<\/span><\/bdi><\/span><\/span>\n<\/a><a href=\"\/en\/wp-json\/wp\/v2\/pages\/60865?add-to-cart=62249\" aria-describedby=\"woocommerce_loop_add_to_cart_link_describedby_62249\" data-quantity=\"1\" class=\"button product_type_simple add_to_cart_button ajax_add_to_cart\" data-product_id=\"62249\" data-product_sku=\"\" aria-label=\"Add to basket: \u201cU20 Ungmennapassi Gjafakort\u201d\" rel=\"nofollow\" data-success_message=\"\u201cU20 Ungmennapassi Gjafakort\u201d has been added to your basket\" data-no-translation=\"\" data-trp-gettext=\"\" data-no-translation-aria-label=\"\" data-no-translation-data-success_message=\"\">Add to basket<\/a>\t<span id=\"woocommerce_loop_add_to_cart_link_describedby_62249\" class=\"screen-reader-text\">\n\t\t\t<\/span>\n<\/li>\n<li class=\"product type-product post-62244 status-publish instock product_cat-gjafakort has-post-thumbnail downloadable virtual purchasable product-type-simple\">\n\t<a href=\"https:\/\/riff.is\/en\/product\/u30-ungmennapassi-gjafakort\/\" class=\"woocommerce-LoopProduct-link woocommerce-loop-product__link\"><img decoding=\"async\" width=\"300\" height=\"300\" src=\"https:\/\/riff.is\/wp-content\/uploads\/2025\/06\/web_01_u30_giftcard-1-300x300.png\" class=\"attachment-woocommerce_thumbnail size-woocommerce_thumbnail\" alt=\"U30 Ungmennapassi Gjafakort\" srcset=\"https:\/\/riff.is\/wp-content\/uploads\/2025\/06\/web_01_u30_giftcard-1-300x300.png 300w, https:\/\/riff.is\/wp-content\/uploads\/2025\/06\/web_01_u30_giftcard-1-12x12.png 12w, https:\/\/riff.is\/wp-content\/uploads\/2025\/06\/web_01_u30_giftcard-1-600x600.png 600w, https:\/\/riff.is\/wp-content\/uploads\/2025\/06\/web_01_u30_giftcard-1-100x100.png 100w, https:\/\/riff.is\/wp-content\/uploads\/2025\/06\/web_01_u30_giftcard-1-150x150.png 150w, https:\/\/riff.is\/wp-content\/uploads\/2025\/06\/web_01_u30_giftcard-1-768x768.png 768w, https:\/\/riff.is\/wp-content\/uploads\/2025\/06\/web_01_u30_giftcard-1-1024x1024.png 1024w, https:\/\/riff.is\/wp-content\/uploads\/2025\/06\/web_01_u30_giftcard-1.png 1080w\" sizes=\"(max-width: 300px) 100vw, 300px\" title=\"\"><h2 class=\"woocommerce-loop-product__title\">U30 Youth Pass Gift Card<\/h2>\n\t<span class=\"price\"><span class=\"woocommerce-Price-amount amount\"><bdi>9,390&nbsp;<span class=\"woocommerce-Price-currencySymbol\">kr.<\/span><\/bdi><\/span><\/span>\n<\/a><a href=\"\/en\/wp-json\/wp\/v2\/pages\/60865?add-to-cart=62244\" aria-describedby=\"woocommerce_loop_add_to_cart_link_describedby_62244\" data-quantity=\"1\" class=\"button product_type_simple add_to_cart_button ajax_add_to_cart\" data-product_id=\"62244\" data-product_sku=\"\" aria-label=\"Add to basket: \u201cU30 Ungmennapassi Gjafakort\u201d\" rel=\"nofollow\" data-success_message=\"\u201cU30 Ungmennapassi Gjafakort\u201d has been added to your basket\" data-no-translation=\"\" data-trp-gettext=\"\" data-no-translation-aria-label=\"\" data-no-translation-data-success_message=\"\">Add to basket<\/a>\t<span id=\"woocommerce_loop_add_to_cart_link_describedby_62244\" class=\"screen-reader-text\">\n\t\t\t<\/span>\n<\/li>\n<li class=\"product type-product post-51909 status-publish instock product_cat-gjafakort has-post-thumbnail downloadable virtual purchasable product-type-simple\">\n\t<a href=\"https:\/\/riff.is\/en\/product\/gjafahatidarpassi-2\/\" class=\"woocommerce-LoopProduct-link woocommerce-loop-product__link\"><img decoding=\"async\" width=\"300\" height=\"300\" src=\"https:\/\/riff.is\/wp-content\/uploads\/2023\/10\/web_01_hatidarpassi_giftcard-1-300x300.png\" class=\"attachment-woocommerce_thumbnail size-woocommerce_thumbnail\" alt=\"H\u00e1t\u00ed\u00f0arpassi Gjafakort\" srcset=\"https:\/\/riff.is\/wp-content\/uploads\/2023\/10\/web_01_hatidarpassi_giftcard-1-300x300.png 300w, https:\/\/riff.is\/wp-content\/uploads\/2023\/10\/web_01_hatidarpassi_giftcard-1-12x12.png 12w, https:\/\/riff.is\/wp-content\/uploads\/2023\/10\/web_01_hatidarpassi_giftcard-1-600x600.png 600w, https:\/\/riff.is\/wp-content\/uploads\/2023\/10\/web_01_hatidarpassi_giftcard-1-100x100.png 100w, https:\/\/riff.is\/wp-content\/uploads\/2023\/10\/web_01_hatidarpassi_giftcard-1-150x150.png 150w, https:\/\/riff.is\/wp-content\/uploads\/2023\/10\/web_01_hatidarpassi_giftcard-1-768x768.png 768w, https:\/\/riff.is\/wp-content\/uploads\/2023\/10\/web_01_hatidarpassi_giftcard-1-1024x1024.png 1024w, https:\/\/riff.is\/wp-content\/uploads\/2023\/10\/web_01_hatidarpassi_giftcard-1.png 1080w\" sizes=\"(max-width: 300px) 100vw, 300px\" title=\"\"><h2 class=\"woocommerce-loop-product__title\">Festival Pass Gift Card<\/h2>\n\t<span class=\"price\"><span class=\"woocommerce-Price-amount amount\"><bdi>25,500&nbsp;<span class=\"woocommerce-Price-currencySymbol\">kr.<\/span><\/bdi><\/span><\/span>\n<\/a><a href=\"\/en\/wp-json\/wp\/v2\/pages\/60865?add-to-cart=51909\" aria-describedby=\"woocommerce_loop_add_to_cart_link_describedby_51909\" data-quantity=\"1\" class=\"button product_type_simple add_to_cart_button ajax_add_to_cart\" data-product_id=\"51909\" data-product_sku=\"\" aria-label=\"Add to basket: \u201cH\u00e1t\u00ed\u00f0arpassi Gjafakort\u201d\" rel=\"nofollow\" data-success_message=\"\u201cH\u00e1t\u00ed\u00f0arpassi Gjafakort\u201d has been added to your basket\" data-no-translation=\"\" data-trp-gettext=\"\" data-no-translation-aria-label=\"\" data-no-translation-data-success_message=\"\">Add to basket<\/a>\t<span id=\"woocommerce_loop_add_to_cart_link_describedby_51909\" class=\"screen-reader-text\">\n\t\t\t<\/span>\n<\/li>\n<li class=\"product type-product post-51904 status-publish last instock product_cat-gjafakort has-post-thumbnail downloadable virtual purchasable product-type-simple\">\n\t<a href=\"https:\/\/riff.is\/en\/product\/gjafaklippikort-2\/\" class=\"woocommerce-LoopProduct-link woocommerce-loop-product__link\"><img loading=\"lazy\" decoding=\"async\" width=\"300\" height=\"300\" src=\"https:\/\/riff.is\/wp-content\/uploads\/2023\/10\/web_01_super8_giftcard-1-300x300.png\" class=\"attachment-woocommerce_thumbnail size-woocommerce_thumbnail\" alt=\"S\u00faper 8 Klippikort Gjafakort\" srcset=\"https:\/\/riff.is\/wp-content\/uploads\/2023\/10\/web_01_super8_giftcard-1-300x300.png 300w, https:\/\/riff.is\/wp-content\/uploads\/2023\/10\/web_01_super8_giftcard-1-12x12.png 12w, https:\/\/riff.is\/wp-content\/uploads\/2023\/10\/web_01_super8_giftcard-1-600x600.png 600w, https:\/\/riff.is\/wp-content\/uploads\/2023\/10\/web_01_super8_giftcard-1-100x100.png 100w, https:\/\/riff.is\/wp-content\/uploads\/2023\/10\/web_01_super8_giftcard-1-150x150.png 150w, https:\/\/riff.is\/wp-content\/uploads\/2023\/10\/web_01_super8_giftcard-1-768x768.png 768w, https:\/\/riff.is\/wp-content\/uploads\/2023\/10\/web_01_super8_giftcard-1-1024x1024.png 1024w, https:\/\/riff.is\/wp-content\/uploads\/2023\/10\/web_01_super8_giftcard-1.png 1080w\" sizes=\"(max-width: 300px) 100vw, 300px\" title=\"\"><h2 class=\"woocommerce-loop-product__title\">Super 8 Discount Card Gift Card<\/h2>\n\t<span class=\"price\"><span class=\"woocommerce-Price-amount amount\"><bdi>15,190&nbsp;<span class=\"woocommerce-Price-currencySymbol\">kr.<\/span><\/bdi><\/span><\/span>\n<\/a><a href=\"\/en\/wp-json\/wp\/v2\/pages\/60865?add-to-cart=51904\" aria-describedby=\"woocommerce_loop_add_to_cart_link_describedby_51904\" data-quantity=\"1\" class=\"button product_type_simple add_to_cart_button ajax_add_to_cart\" data-product_id=\"51904\" data-product_sku=\"\" aria-label=\"Add to basket: \u201cS\u00faper 8 Klippikort Gjafakort\u201d\" rel=\"nofollow\" data-success_message=\"\u201cS\u00faper 8 Klippikort Gjafakort\u201d has been added to your basket\" data-no-translation=\"\" data-trp-gettext=\"\" data-no-translation-aria-label=\"\" data-no-translation-data-success_message=\"\">Add to basket<\/a>\t<span id=\"woocommerce_loop_add_to_cart_link_describedby_51904\" class=\"screen-reader-text\">\n\t\t\t<\/span>\n<\/li>\n<\/ul>\n<\/div>\t\t\t\t<\/div>\n\t\t\t\t<\/div>\n\t\t\t\t\t<\/div>\n\t\t<\/div>\n\t\t\t\t\t<\/div>\n\t\t<\/section>\n\t\t\t\t<section class=\"elementor-section elementor-top-section elementor-element elementor-element-e6fd3d0 elementor-section-boxed elementor-section-height-default elementor-section-height-default\" data-id=\"e6fd3d0\" data-element_type=\"section\" data-e-type=\"section\">\n\t\t\t\t\t\t<div class=\"elementor-container elementor-column-gap-default\">\n\t\t\t\t\t<div class=\"elementor-column elementor-col-100 elementor-top-column elementor-element elementor-element-6313f3f\" data-id=\"6313f3f\" data-element_type=\"column\" data-e-type=\"column\">\n\t\t\t<div class=\"elementor-widget-wrap elementor-element-populated\">\n\t\t\t\t\t\t<div class=\"elementor-element elementor-element-9ebd2b1 elementor-product-loop-item--align-center elementor-grid-4 elementor-grid-tablet-3 elementor-grid-mobile-2 elementor-products-grid elementor-wc-products elementor-widget elementor-widget-woocommerce-products\" data-id=\"9ebd2b1\" data-element_type=\"widget\" data-e-type=\"widget\" data-widget_type=\"woocommerce-products.default\">\n\t\t\t\t<div class=\"elementor-widget-container\">\n\t\t\t\t\t<div class=\"woocommerce columns-4\"><ul class=\"products elementor-grid columns-4\">\n<li class=\"product type-product post-56790 status-publish first instock product_cat-merchandise product_cat-varningur has-post-thumbnail shipping-taxable purchasable product-type-simple\">\n\t<a href=\"https:\/\/riff.is\/en\/product\/riff-taupoki-2024\/\" class=\"woocommerce-LoopProduct-link woocommerce-loop-product__link\"><img loading=\"lazy\" decoding=\"async\" width=\"300\" height=\"300\" src=\"https:\/\/riff.is\/wp-content\/uploads\/2024\/09\/tote-bag1.jpg\" class=\"attachment-woocommerce_thumbnail size-woocommerce_thumbnail\" alt=\"RIFF taupoki 2024\" title=\"\"><h2 class=\"woocommerce-loop-product__title\">RIFF totebag 2024<\/h2>\n\t<span class=\"price\"><span class=\"woocommerce-Price-amount amount\"><bdi>3,000&nbsp;<span class=\"woocommerce-Price-currencySymbol\">kr.<\/span><\/bdi><\/span><\/span>\n<\/a><a href=\"\/en\/wp-json\/wp\/v2\/pages\/60865?add-to-cart=56790\" aria-describedby=\"woocommerce_loop_add_to_cart_link_describedby_56790\" data-quantity=\"1\" class=\"button product_type_simple add_to_cart_button ajax_add_to_cart\" data-product_id=\"56790\" data-product_sku=\"\" aria-label=\"Add to basket: \u201cRIFF taupoki 2024\u201d\" rel=\"nofollow\" data-success_message=\"\u201cRIFF taupoki 2024\u201d has been added to your basket\" data-no-translation=\"\" data-trp-gettext=\"\" data-no-translation-aria-label=\"\" data-no-translation-data-success_message=\"\">Add to basket<\/a>\t<span id=\"woocommerce_loop_add_to_cart_link_describedby_56790\" class=\"screen-reader-text\">\n\t\t\t<\/span>\n<\/li>\n<li class=\"product type-product post-56787 status-publish instock product_cat-merchandise product_cat-varningur has-post-thumbnail shipping-taxable purchasable product-type-simple\">\n\t<a href=\"https:\/\/riff.is\/en\/product\/riff-bolur-2024-appelsinugulur\/\" class=\"woocommerce-LoopProduct-link woocommerce-loop-product__link\"><img loading=\"lazy\" decoding=\"async\" width=\"300\" height=\"300\" src=\"https:\/\/riff.is\/wp-content\/uploads\/2024\/09\/orange-t-shirt.jpg\" class=\"attachment-woocommerce_thumbnail size-woocommerce_thumbnail\" alt=\"RIFF bolur 2024: Appels\u00ednugulur\" title=\"\"><h2 class=\"woocommerce-loop-product__title\">RIFF 2024 t-shirt: Orange<\/h2>\n\t<span class=\"price\"><span class=\"woocommerce-Price-amount amount\"><bdi>4,000&nbsp;<span class=\"woocommerce-Price-currencySymbol\">kr.<\/span><\/bdi><\/span><\/span>\n<\/a><a href=\"\/en\/wp-json\/wp\/v2\/pages\/60865?add-to-cart=56787\" aria-describedby=\"woocommerce_loop_add_to_cart_link_describedby_56787\" data-quantity=\"1\" class=\"button product_type_simple add_to_cart_button ajax_add_to_cart\" data-product_id=\"56787\" data-product_sku=\"\" aria-label=\"Add to basket: \u201cRIFF bolur 2024: Appels\u00ednugulur\u201d\" rel=\"nofollow\" data-success_message=\"\u201cRIFF bolur 2024: Appels\u00ednugulur\u201d has been added to your basket\" data-no-translation=\"\" data-trp-gettext=\"\" data-no-translation-aria-label=\"\" data-no-translation-data-success_message=\"\">Add to basket<\/a>\t<span id=\"woocommerce_loop_add_to_cart_link_describedby_56787\" class=\"screen-reader-text\">\n\t\t\t<\/span>\n<\/li>\n<li class=\"product type-product post-55671 status-publish instock product_cat-merchandise product_cat-varningur has-post-thumbnail shipping-taxable purchasable product-type-simple\">\n\t<a href=\"https:\/\/riff.is\/en\/product\/riff-bolur-2024-hvitur\/\" class=\"woocommerce-LoopProduct-link woocommerce-loop-product__link\"><img loading=\"lazy\" decoding=\"async\" width=\"300\" height=\"300\" src=\"https:\/\/riff.is\/wp-content\/uploads\/2024\/08\/white-t-shirt.jpg\" class=\"attachment-woocommerce_thumbnail size-woocommerce_thumbnail\" alt=\"RIFF bolur 2024: Hv\u00edtur\" title=\"\"><h2 class=\"woocommerce-loop-product__title\">RIFF 2024 T-shirt: White<\/h2>\n\t<span class=\"price\"><span class=\"woocommerce-Price-amount amount\"><bdi>4,000&nbsp;<span class=\"woocommerce-Price-currencySymbol\">kr.<\/span><\/bdi><\/span><\/span>\n<\/a><a href=\"\/en\/wp-json\/wp\/v2\/pages\/60865?add-to-cart=55671\" aria-describedby=\"woocommerce_loop_add_to_cart_link_describedby_55671\" data-quantity=\"1\" class=\"button product_type_simple add_to_cart_button ajax_add_to_cart\" data-product_id=\"55671\" data-product_sku=\"\" aria-label=\"Add to basket: \u201cRIFF bolur 2024: Hv\u00edtur\u201d\" rel=\"nofollow\" data-success_message=\"\u201cRIFF bolur 2024: Hv\u00edtur\u201d has been added to your basket\" data-no-translation=\"\" data-trp-gettext=\"\" data-no-translation-aria-label=\"\" data-no-translation-data-success_message=\"\">Add to basket<\/a>\t<span id=\"woocommerce_loop_add_to_cart_link_describedby_55671\" class=\"screen-reader-text\">\n\t\t\t<\/span>\n<\/li>\n<li class=\"product type-product post-51009 status-publish last instock product_cat-merchandise product_cat-varningur has-post-thumbnail shipping-taxable purchasable product-type-simple\">\n\t<a href=\"https:\/\/riff.is\/en\/product\/pinnanaela\/\" class=\"woocommerce-LoopProduct-link woocommerce-loop-product__link\"><img loading=\"lazy\" decoding=\"async\" width=\"300\" height=\"300\" src=\"https:\/\/riff.is\/wp-content\/uploads\/2023\/09\/IMG_8776-300x300.jpg\" class=\"attachment-woocommerce_thumbnail size-woocommerce_thumbnail\" alt=\"Pinnan\u00e6la\" srcset=\"https:\/\/riff.is\/wp-content\/uploads\/2023\/09\/IMG_8776-300x300.jpg 300w, https:\/\/riff.is\/wp-content\/uploads\/2023\/09\/IMG_8776-1024x1024.jpg 1024w, https:\/\/riff.is\/wp-content\/uploads\/2023\/09\/IMG_8776-150x150.jpg 150w, https:\/\/riff.is\/wp-content\/uploads\/2023\/09\/IMG_8776-768x768.jpg 768w, https:\/\/riff.is\/wp-content\/uploads\/2023\/09\/IMG_8776-1536x1536.jpg 1536w, https:\/\/riff.is\/wp-content\/uploads\/2023\/09\/IMG_8776-12x12.jpg 12w, https:\/\/riff.is\/wp-content\/uploads\/2023\/09\/IMG_8776-600x600.jpg 600w, https:\/\/riff.is\/wp-content\/uploads\/2023\/09\/IMG_8776-100x100.jpg 100w, https:\/\/riff.is\/wp-content\/uploads\/2023\/09\/IMG_8776.jpg 1554w\" sizes=\"(max-width: 300px) 100vw, 300px\" title=\"\"><h2 class=\"woocommerce-loop-product__title\">Pin<\/h2>\n\t<span class=\"price\"><span class=\"woocommerce-Price-amount amount\"><bdi>2,000&nbsp;<span class=\"woocommerce-Price-currencySymbol\">kr.<\/span><\/bdi><\/span><\/span>\n<\/a><a href=\"\/en\/wp-json\/wp\/v2\/pages\/60865?add-to-cart=51009\" aria-describedby=\"woocommerce_loop_add_to_cart_link_describedby_51009\" data-quantity=\"1\" class=\"button product_type_simple add_to_cart_button ajax_add_to_cart\" data-product_id=\"51009\" data-product_sku=\"500\" aria-label=\"Add to basket: \u201cPinnan\u00e6la\u201d\" rel=\"nofollow\" data-success_message=\"\u201cPinnan\u00e6la\u201d has been added to your basket\" data-no-translation=\"\" data-trp-gettext=\"\" data-no-translation-aria-label=\"\" data-no-translation-data-success_message=\"\">Add to basket<\/a>\t<span id=\"woocommerce_loop_add_to_cart_link_describedby_51009\" class=\"screen-reader-text\">\n\t\t\t<\/span>\n<\/li>\n<li class=\"product type-product post-49461 status-publish first instock product_cat-merchandise product_cat-varningur has-post-thumbnail shipping-taxable purchasable product-type-variable\">\n\t<a href=\"https:\/\/riff.is\/en\/product\/riff-bolur-2023\/\" class=\"woocommerce-LoopProduct-link woocommerce-loop-product__link\"><img loading=\"lazy\" decoding=\"async\" width=\"300\" height=\"300\" src=\"https:\/\/riff.is\/wp-content\/uploads\/2023\/09\/DSC04443B-300x300.jpg\" class=\"attachment-woocommerce_thumbnail size-woocommerce_thumbnail\" alt=\"RIFF bolur 2023\" srcset=\"https:\/\/riff.is\/wp-content\/uploads\/2023\/09\/DSC04443B-300x300.jpg 300w, https:\/\/riff.is\/wp-content\/uploads\/2023\/09\/DSC04443B-150x150.jpg 150w, https:\/\/riff.is\/wp-content\/uploads\/2023\/09\/DSC04443B-100x100.jpg 100w\" sizes=\"(max-width: 300px) 100vw, 300px\" title=\"\"><h2 class=\"woocommerce-loop-product__title\">RIFF T-shirt 2023<\/h2>\n\t<span class=\"price\"><span class=\"woocommerce-Price-amount amount\"><bdi>4,500&nbsp;<span class=\"woocommerce-Price-currencySymbol\">kr.<\/span><\/bdi><\/span><\/span>\n<\/a><a href=\"https:\/\/riff.is\/en\/product\/riff-bolur-2023\/\" aria-describedby=\"woocommerce_loop_add_to_cart_link_describedby_49461\" data-quantity=\"1\" class=\"button product_type_variable add_to_cart_button\" data-product_id=\"49461\" data-product_sku=\"70\" aria-label=\"Select options for \u201cRIFF bolur 2023\u201d\" rel=\"nofollow\" data-no-translation=\"\" data-trp-gettext=\"\" data-no-translation-aria-label=\"\">Select options<\/a>\t<span id=\"woocommerce_loop_add_to_cart_link_describedby_49461\" class=\"screen-reader-text\">\n\t\tThis product has multiple variants. The options may be chosen on the product page\t<\/span>\n<\/li>\n<li class=\"product type-product post-24739 status-publish instock product_cat-merchandise product_cat-varningur has-post-thumbnail shipping-taxable purchasable product-type-simple\">\n\t<a href=\"https:\/\/riff.is\/en\/product\/riff-tote-bag\/\" class=\"woocommerce-LoopProduct-link woocommerce-loop-product__link\"><img loading=\"lazy\" decoding=\"async\" width=\"300\" height=\"300\" src=\"https:\/\/riff.is\/wp-content\/uploads\/2021\/09\/DSC04459D-300x300.jpg\" class=\"attachment-woocommerce_thumbnail size-woocommerce_thumbnail\" alt=\"RIFF Tote bag\" srcset=\"https:\/\/riff.is\/wp-content\/uploads\/2021\/09\/DSC04459D-300x300.jpg 300w, https:\/\/riff.is\/wp-content\/uploads\/2021\/09\/DSC04459D-150x150.jpg 150w, https:\/\/riff.is\/wp-content\/uploads\/2021\/09\/DSC04459D-100x100.jpg 100w\" sizes=\"(max-width: 300px) 100vw, 300px\" title=\"\"><h2 class=\"woocommerce-loop-product__title\">RIFF Tote bag<\/h2>\n\t<span class=\"price\"><span class=\"woocommerce-Price-amount amount\"><bdi>3,000&nbsp;<span class=\"woocommerce-Price-currencySymbol\">kr.<\/span><\/bdi><\/span><\/span>\n<\/a><a href=\"\/en\/wp-json\/wp\/v2\/pages\/60865?add-to-cart=24739\" aria-describedby=\"woocommerce_loop_add_to_cart_link_describedby_24739\" data-quantity=\"1\" class=\"button product_type_simple add_to_cart_button ajax_add_to_cart\" data-product_id=\"24739\" data-product_sku=\"50\" aria-label=\"Add to basket: \u201cRIFF Tote bag\u201d\" rel=\"nofollow\" data-success_message=\"\u201cRIFF Tote bag\u201d has been added to your basket\" data-no-translation=\"\" data-trp-gettext=\"\" data-no-translation-aria-label=\"\" data-no-translation-data-success_message=\"\">Add to basket<\/a>\t<span id=\"woocommerce_loop_add_to_cart_link_describedby_24739\" class=\"screen-reader-text\">\n\t\t\t<\/span>\n<\/li>\n<\/ul>\n<\/div>\t\t\t\t<\/div>\n\t\t\t\t<\/div>\n\t\t\t\t\t<\/div>\n\t\t<\/div>\n\t\t\t\t\t<\/div>\n\t\t<\/section>\n\t\t\t\t<\/div>","protected":false},"excerpt":{"rendered":"<p>MERCH AND GIFT CARDS<\/p>","protected":false},"author":893,"featured_media":0,"parent":0,"menu_order":0,"comment_status":"closed","ping_status":"closed","template":"","meta":{"_monsterinsights_skip_tracking":false,"_monsterinsights_sitenote_active":false,"_monsterinsights_sitenote_note":"","_monsterinsights_sitenote_category":0,"_price":"","_stock":"","_tribe_ticket_header":"","_tribe_default_ticket_provider":"","_tribe_ticket_capacity":"0","_ticket_start_date":"","_ticket_end_date":"","_tribe_ticket_show_description":"","_tribe_ticket_show_not_going":false,"_tribe_ticket_use_global_stock":"","_tribe_ticket_global_stock_level":"","_global_stock_mode":"","_global_stock_cap":"","_tribe_rsvp_for_event":"","_tribe_ticket_going_count":"","_tribe_ticket_not_going_count":"","_tribe_tickets_list":"[]","_tribe_ticket_has_attendee_info_fields":false,"footnotes":"","_tec_slr_enabled":"","_tec_slr_layout":""},"class_list":["post-60865","page","type-page","status-publish","hentry"],"ticketed":false,"_links":{"self":[{"href":"https:\/\/riff.is\/en\/wp-json\/wp\/v2\/pages\/60865","targetHints":{"allow":["GET"]}}],"collection":[{"href":"https:\/\/riff.is\/en\/wp-json\/wp\/v2\/pages"}],"about":[{"href":"https:\/\/riff.is\/en\/wp-json\/wp\/v2\/types\/page"}],"author":[{"embeddable":true,"href":"https:\/\/riff.is\/en\/wp-json\/wp\/v2\/users\/893"}],"replies":[{"embeddable":true,"href":"https:\/\/riff.is\/en\/wp-json\/wp\/v2\/comments?post=60865"}],"version-history":[{"count":28,"href":"https:\/\/riff.is\/en\/wp-json\/wp\/v2\/pages\/60865\/revisions"}],"predecessor-version":[{"id":67565,"href":"https:\/\/riff.is\/en\/wp-json\/wp\/v2\/pages\/60865\/revisions\/67565"}],"wp:attachment":[{"href":"https:\/\/riff.is\/en\/wp-json\/wp\/v2\/media?parent=60865"}],"curies":[{"name":"wp","href":"https:\/\/api.w.org\/{rel}","templated":true}]}}