{"id":61158,"date":"2025-05-30T16:09:57","date_gmt":"2025-05-30T16:09:57","guid":{"rendered":"https:\/\/riff.is\/?page_id=61158"},"modified":"2026-03-11T13:02:18","modified_gmt":"2026-03-11T13:02:18","slug":"participate","status":"publish","type":"page","link":"https:\/\/riff.is\/en\/participate\/","title":{"rendered":"Participate"},"content":{"rendered":"<div data-elementor-type=\"wp-page\" data-elementor-id=\"61158\" class=\"elementor elementor-61158\" data-elementor-post-type=\"page\">\n\t\t\t\t\t\t<section class=\"elementor-section elementor-top-section elementor-element elementor-element-926a93f elementor-section-full_width elementor-section-height-default elementor-section-height-default\" data-id=\"926a93f\" data-element_type=\"section\" data-e-type=\"section\">\n\t\t\t\t\t\t<div class=\"elementor-container elementor-column-gap-default\">\n\t\t\t\t\t<div class=\"elementor-column elementor-col-100 elementor-top-column elementor-element elementor-element-c6a823d\" data-id=\"c6a823d\" data-element_type=\"column\" data-e-type=\"column\">\n\t\t\t<div class=\"elementor-widget-wrap elementor-element-populated\">\n\t\t\t\t\t\t<div class=\"elementor-element elementor-element-4bf37f8 elementor-widget elementor-widget-image\" data-id=\"4bf37f8\" data-element_type=\"widget\" data-e-type=\"widget\" data-widget_type=\"image.default\">\n\t\t\t\t<div class=\"elementor-widget-container\">\n\t\t\t\t\t\t\t\t\t\t\t\t\t\t\t<img fetchpriority=\"high\" decoding=\"async\" width=\"2560\" height=\"950\" src=\"https:\/\/riff.is\/wp-content\/uploads\/2026\/03\/54024950946_d338950221_o-1-scaled-e1773234080214.jpg\" class=\"attachment-full size-full wp-image-67213\" alt=\"\" srcset=\"https:\/\/riff.is\/wp-content\/uploads\/2026\/03\/54024950946_d338950221_o-1-scaled-e1773234080214.jpg 2560w, https:\/\/riff.is\/wp-content\/uploads\/2026\/03\/54024950946_d338950221_o-1-scaled-e1773234080214-1536x570.jpg 1536w, https:\/\/riff.is\/wp-content\/uploads\/2026\/03\/54024950946_d338950221_o-1-scaled-e1773234080214-2048x760.jpg 2048w, https:\/\/riff.is\/wp-content\/uploads\/2026\/03\/54024950946_d338950221_o-1-scaled-e1773234080214-18x7.jpg 18w, https:\/\/riff.is\/wp-content\/uploads\/2026\/03\/54024950946_d338950221_o-1-scaled-e1773234080214-600x223.jpg 600w, https:\/\/riff.is\/wp-content\/uploads\/2026\/03\/54024950946_d338950221_o-1-scaled-e1773234080214-300x111.jpg 300w, https:\/\/riff.is\/wp-content\/uploads\/2026\/03\/54024950946_d338950221_o-1-scaled-e1773234080214-768x285.jpg 768w, https:\/\/riff.is\/wp-content\/uploads\/2026\/03\/54024950946_d338950221_o-1-scaled-e1773234080214-1024x380.jpg 1024w\" sizes=\"(max-width: 2560px) 100vw, 2560px\" title=\"\">\t\t\t\t\t\t\t\t\t\t\t\t\t\t\t<\/div>\n\t\t\t\t<\/div>\n\t\t\t\t\t<\/div>\n\t\t<\/div>\n\t\t\t\t\t<\/div>\n\t\t<\/section>\n\t\t\t\t<section class=\"elementor-section elementor-top-section elementor-element elementor-element-3afcd5a elementor-hidden-mobile elementor-section-boxed elementor-section-height-default elementor-section-height-default\" data-id=\"3afcd5a\" data-element_type=\"section\" data-e-type=\"section\">\n\t\t\t\t\t\t<div class=\"elementor-container elementor-column-gap-default\">\n\t\t\t\t\t<div class=\"elementor-column elementor-col-100 elementor-top-column elementor-element elementor-element-a6ff5d7\" data-id=\"a6ff5d7\" data-element_type=\"column\" data-e-type=\"column\">\n\t\t\t<div class=\"elementor-widget-wrap elementor-element-populated\">\n\t\t\t\t\t\t<div class=\"elementor-element elementor-element-455552a elementor-widget elementor-widget-heading\" data-id=\"455552a\" data-element_type=\"widget\" data-e-type=\"widget\" data-widget_type=\"heading.default\">\n\t\t\t\t<div class=\"elementor-widget-container\">\n\t\t\t\t\t<h2 class=\"elementor-heading-title elementor-size-default\">PARTICIPATE<\/h2>\t\t\t\t<\/div>\n\t\t\t\t<\/div>\n\t\t\t\t<div class=\"elementor-element elementor-element-bc1c3ee elementor-widget elementor-widget-heading\" data-id=\"bc1c3ee\" data-element_type=\"widget\" data-e-type=\"widget\" data-widget_type=\"heading.default\">\n\t\t\t\t<div class=\"elementor-widget-container\">\n\t\t\t\t\t<h2 class=\"elementor-heading-title elementor-size-default\">24 September \u2014 4 October 2026<\/h2>\t\t\t\t<\/div>\n\t\t\t\t<\/div>\n\t\t\t\t\t<\/div>\n\t\t<\/div>\n\t\t\t\t\t<\/div>\n\t\t<\/section>\n\t\t\t\t<section class=\"elementor-section elementor-top-section elementor-element elementor-element-1014180 elementor-section-boxed elementor-section-height-default elementor-section-height-default\" data-id=\"1014180\" data-element_type=\"section\" data-e-type=\"section\">\n\t\t\t\t\t\t<div class=\"elementor-container elementor-column-gap-default\">\n\t\t\t\t\t<div class=\"elementor-column elementor-col-100 elementor-top-column elementor-element elementor-element-3e0e9ec\" data-id=\"3e0e9ec\" data-element_type=\"column\" data-e-type=\"column\">\n\t\t\t<div class=\"elementor-widget-wrap elementor-element-populated\">\n\t\t\t\t\t\t<section class=\"elementor-section elementor-inner-section elementor-element elementor-element-9daec36 elementor-section-boxed elementor-section-height-default elementor-section-height-default\" data-id=\"9daec36\" data-element_type=\"section\" data-e-type=\"section\">\n\t\t\t\t\t\t<div class=\"elementor-container elementor-column-gap-default\">\n\t\t\t\t\t<div class=\"elementor-column elementor-col-100 elementor-inner-column elementor-element elementor-element-f1f35aa\" data-id=\"f1f35aa\" data-element_type=\"column\" data-e-type=\"column\">\n\t\t\t<div class=\"elementor-widget-wrap elementor-element-populated\">\n\t\t\t\t\t\t<div class=\"elementor-element elementor-element-b559a11 elementor-widget elementor-widget-heading\" data-id=\"b559a11\" data-element_type=\"widget\" data-e-type=\"widget\" data-widget_type=\"heading.default\">\n\t\t\t\t<div class=\"elementor-widget-container\">\n\t\t\t\t\t<h2 class=\"elementor-heading-title elementor-size-default\">FILM SUBMISSION<\/h2>\t\t\t\t<\/div>\n\t\t\t\t<\/div>\n\t\t\t\t<div class=\"elementor-element elementor-element-ed3a066 elementor-widget elementor-widget-text-editor\" data-id=\"ed3a066\" data-element_type=\"widget\" data-e-type=\"widget\" data-widget_type=\"text-editor.default\">\n\t\t\t\t<div class=\"elementor-widget-container\">\n\t\t\t\t\t\t\t\t\t<p class=\"p1\">The 23nd edition of the Reykjav\u00edk International Film Festival will take place between September 24th and October 4th, 2026. The main purpose of RIFF, Iceland\u2019s major annual film event, is to offer a wide selection of groundbreaking, independent cinema, and to highlight the work of young and emerging filmmakers, by presenting only first and second works in the Grand Prix competition category New Visions.\u00a0<\/p><p class=\"p1\">The festival's objective is to increase general interest in independent cinema, increase the level of cinematic literacy and enrich film culture in Iceland by offering different cross-platform programs.<\/p>\t\t\t\t\t\t\t\t<\/div>\n\t\t\t\t<\/div>\n\t\t\t\t<div class=\"elementor-element elementor-element-1ae0e54 elementor-align-right elementor-widget elementor-widget-button\" data-id=\"1ae0e54\" data-element_type=\"widget\" data-e-type=\"widget\" data-widget_type=\"button.default\">\n\t\t\t\t<div class=\"elementor-widget-container\">\n\t\t\t\t\t\t\t\t\t<div class=\"elementor-button-wrapper\">\n\t\t\t\t\t<a class=\"elementor-button elementor-button-link elementor-size-sm\" href=\"https:\/\/filmfreeway.com\/ReykjavikInternationalFilmFestival\" rel=\"nofollow noopener\" target=\"_blank\">\n\t\t\t\t\t\t<span class=\"elementor-button-content-wrapper\">\n\t\t\t\t\t\t\t\t\t<span class=\"elementor-button-text\">FILM SUBMISSION<\/span>\n\t\t\t\t\t<\/span>\n\t\t\t\t\t<\/a>\n\t\t\t\t<\/div>\n\t\t\t\t\t\t\t\t<\/div>\n\t\t\t\t<\/div>\n\t\t\t\t<div class=\"elementor-element elementor-element-a047577 elementor-widget elementor-widget-text-editor\" data-id=\"a047577\" data-element_type=\"widget\" data-e-type=\"widget\" data-widget_type=\"text-editor.default\">\n\t\t\t\t<div class=\"elementor-widget-container\">\n\t\t\t\t\t\t\t\t\t<p class=\"p1\"><b>RULES AND CONDITIONS<\/b><\/p><p class=\"p1\">We accept fiction, documentary, hybrid, and animation films of any genre, both in the feature (beyond 60 min) and short (under 60 min) forms.\u00a0<\/p><p class=\"p1\">All submissions: Must have been completed after January 1st, 2025. Must be at minimum Icelandic premieres (i.e. must not have been screened publicly in Iceland prior to the 2026 festival, including a broadcast version of any length). Must be in English, or subtitled in English.\u00a0<\/p><p class=\"p1\">RIFF will consider both international and Icelandic films, whether they are fiction films or documentaries, regardless of length or subject matter. All submissions will be given full consideration by our programming team.\u00a0<\/p><p class=\"p1\"><b>DECISIONS ON THE AGENDA<\/b><\/p><p class=\"p1\">The final decision on programming, categorization, and scheduling of films will be determined by the festival programming team. Their decision is final (and not open to negotiation). Successful applicants will receive this information in their official invitation.\u00a0<\/p><p class=\"p1\">No screeners or application materials will be returned. Do not send film prints, master tapes, or other originals.\u00a0<\/p><p class=\"p1\">If your film is selected, you will receive a more detailed form asking for promotional materials needed for our catalogue and website (delivering these on time and in the right format is 100% on you). We expect all submitted films to be free of screening fees.\u00a0<\/p><p class=\"p1\">You can expect your film to be screened 3-4 times during the festival and 4-5 times around the rural countryside of Iceland in the month following the end of RIFF in a separate program named \u2018RIFF around the country\u2019. The project aims to reach audiences that would otherwise not have a chance to see our program. For officially selected films, RIFF wants to provide as much support as possible to filmmakers attending the festival: \n\nFor feature-length films, RIFF will do its best to bring a representative to Reykjav\u00edk Iceland for each invited film. \n\nFor all selected films, RIFF will provide festival accreditation for every credited director.\u00a0<\/p><p class=\"p1\"><b>THREE COMPETITION CATEGORIES<\/b><\/p><p class=\"p1\">RIFF features three juried competition programs: the \u2018New Visions\u2019 category (fiction and documentary films), the \u2018A Different Tomorrow\u2019 category (documentaries) and the short film categories (\u2018Best Icelandic Short\u2019, \u2018Best International Short\u2019; and several other programs that are non-competitive.\u00a0<\/p><p class=\"p1\">Selected feature-length films in the \u2018New Visions\u2019 and \u2018A Different Tomorrow\u2019 categories, and short films at the \u2018Short Film\u2019 categories are eligible for jury prizes.\u00a0<\/p><p class=\"p1\"><b>SAMPLE COPIES\u00a0<\/b><\/p><p class=\"p1\">Online screeners are mandatory. Any number of titles may be submitted. However, each title must be submitted on a separate entry form and screener.<\/p>\t\t\t\t\t\t\t\t<\/div>\n\t\t\t\t<\/div>\n\t\t\t\t\t<\/div>\n\t\t<\/div>\n\t\t\t\t\t<\/div>\n\t\t<\/section>\n\t\t\t\t<div class=\"elementor-element elementor-element-4ac774d elementor-widget elementor-widget-spacer\" data-id=\"4ac774d\" data-element_type=\"widget\" data-e-type=\"widget\" data-widget_type=\"spacer.default\">\n\t\t\t\t<div class=\"elementor-widget-container\">\n\t\t\t\t\t\t\t<div class=\"elementor-spacer\">\n\t\t\t<div class=\"elementor-spacer-inner\"><\/div>\n\t\t<\/div>\n\t\t\t\t\t\t<\/div>\n\t\t\t\t<\/div>\n\t\t\t\t\t<\/div>\n\t\t<\/div>\n\t\t\t\t\t<\/div>\n\t\t<\/section>\n\t\t\t\t<\/div>","protected":false},"excerpt":{"rendered":"<p>TAKA \u00de\u00c1TT 24. September \u2014 4. Oktober 2026 SENDA INN KVIKMYND Al\u00fej\u00f3\u00f0leg kvikmyndah\u00e1t\u00ed\u00f0 \u00ed Reykjav\u00edk mun fara fram milli 24. september og 4. okt\u00f3ber 2026 \u00ed 23. skipti\u00f0. Megintilgangur RIFF, [&hellip;]<\/p>\n","protected":false},"author":893,"featured_media":0,"parent":0,"menu_order":0,"comment_status":"closed","ping_status":"closed","template":"","meta":{"_monsterinsights_skip_tracking":false,"_monsterinsights_sitenote_active":false,"_monsterinsights_sitenote_note":"","_monsterinsights_sitenote_category":0,"_price":"","_stock":"","_tribe_ticket_header":"","_tribe_default_ticket_provider":"","_tribe_ticket_capacity":"0","_ticket_start_date":"","_ticket_end_date":"","_tribe_ticket_show_description":"","_tribe_ticket_show_not_going":false,"_tribe_ticket_use_global_stock":"","_tribe_ticket_global_stock_level":"","_global_stock_mode":"","_global_stock_cap":"","_tribe_rsvp_for_event":"","_tribe_ticket_going_count":"","_tribe_ticket_not_going_count":"","_tribe_tickets_list":"[]","_tribe_ticket_has_attendee_info_fields":false,"footnotes":"","_tec_slr_enabled":"","_tec_slr_layout":""},"class_list":["post-61158","page","type-page","status-publish","hentry"],"ticketed":false,"_links":{"self":[{"href":"https:\/\/riff.is\/en\/wp-json\/wp\/v2\/pages\/61158","targetHints":{"allow":["GET"]}}],"collection":[{"href":"https:\/\/riff.is\/en\/wp-json\/wp\/v2\/pages"}],"about":[{"href":"https:\/\/riff.is\/en\/wp-json\/wp\/v2\/types\/page"}],"author":[{"embeddable":true,"href":"https:\/\/riff.is\/en\/wp-json\/wp\/v2\/users\/893"}],"replies":[{"embeddable":true,"href":"https:\/\/riff.is\/en\/wp-json\/wp\/v2\/comments?post=61158"}],"version-history":[{"count":43,"href":"https:\/\/riff.is\/en\/wp-json\/wp\/v2\/pages\/61158\/revisions"}],"predecessor-version":[{"id":67237,"href":"https:\/\/riff.is\/en\/wp-json\/wp\/v2\/pages\/61158\/revisions\/67237"}],"wp:attachment":[{"href":"https:\/\/riff.is\/en\/wp-json\/wp\/v2\/media?parent=61158"}],"curies":[{"name":"wp","href":"https:\/\/api.w.org\/{rel}","templated":true}]}}