{"id":61177,"date":"2025-06-02T10:08:22","date_gmt":"2025-06-02T10:08:22","guid":{"rendered":"https:\/\/riff.is\/?page_id=61177"},"modified":"2026-04-29T14:47:18","modified_gmt":"2026-04-29T14:47:18","slug":"join-us","status":"publish","type":"page","link":"https:\/\/riff.is\/en\/join-us\/","title":{"rendered":"Interns Volunteers"},"content":{"rendered":"<div data-elementor-type=\"wp-page\" data-elementor-id=\"61177\" class=\"elementor elementor-61177\" data-elementor-post-type=\"page\">\n\t\t\t\t\t\t<section class=\"elementor-section elementor-top-section elementor-element elementor-element-7fcf9d5 elementor-section-boxed elementor-section-height-default elementor-section-height-default\" data-id=\"7fcf9d5\" data-element_type=\"section\" data-e-type=\"section\">\n\t\t\t\t\t\t<div class=\"elementor-container elementor-column-gap-default\">\n\t\t\t\t\t<div class=\"elementor-column elementor-col-100 elementor-top-column elementor-element elementor-element-27ffaa2\" data-id=\"27ffaa2\" data-element_type=\"column\" data-e-type=\"column\">\n\t\t\t<div class=\"elementor-widget-wrap elementor-element-populated\">\n\t\t\t\t<div class=\"elementor-element elementor-element-58ef0f9 e-flex e-con-boxed e-con e-parent\" data-id=\"58ef0f9\" data-element_type=\"container\" data-e-type=\"container\" data-settings=\"{&quot;background_background&quot;:&quot;classic&quot;}\">\n\t\t\t\t\t<div class=\"e-con-inner\">\n\t\t\t\t\t<\/div>\n\t\t\t\t<\/div>\n\t\t\t\t\t<\/div>\n\t\t<\/div>\n\t\t\t\t\t<\/div>\n\t\t<\/section>\n\t\t\t\t<section class=\"elementor-section elementor-top-section elementor-element elementor-element-5088141 elementor-section-boxed elementor-section-height-default elementor-section-height-default\" data-id=\"5088141\" data-element_type=\"section\" data-e-type=\"section\">\n\t\t\t\t\t\t<div class=\"elementor-container elementor-column-gap-default\">\n\t\t\t\t\t\t<\/div>\n\t\t<\/section>\n\t\t\t\t<section class=\"elementor-section elementor-top-section elementor-element elementor-element-198faf2 elementor-section-boxed elementor-section-height-default elementor-section-height-default\" data-id=\"198faf2\" data-element_type=\"section\" data-e-type=\"section\">\n\t\t\t\t\t\t<div class=\"elementor-container elementor-column-gap-default\">\n\t\t\t\t\t\t<\/div>\n\t\t<\/section>\n\t\t\t\t<section class=\"elementor-section elementor-top-section elementor-element elementor-element-c99e73b elementor-section-full_width elementor-section-height-default elementor-section-height-default\" data-id=\"c99e73b\" data-element_type=\"section\" data-e-type=\"section\">\n\t\t\t\t\t\t<div class=\"elementor-container elementor-column-gap-default\">\n\t\t\t\t\t<div class=\"elementor-column elementor-col-100 elementor-top-column elementor-element elementor-element-69497bd\" data-id=\"69497bd\" data-element_type=\"column\" data-e-type=\"column\">\n\t\t\t<div class=\"elementor-widget-wrap elementor-element-populated\">\n\t\t\t\t\t\t<div class=\"elementor-element elementor-element-491d16c elementor-widget elementor-widget-heading\" data-id=\"491d16c\" data-element_type=\"widget\" data-e-type=\"widget\" data-widget_type=\"heading.default\">\n\t\t\t\t<div class=\"elementor-widget-container\">\n\t\t\t\t\t<h2 class=\"elementor-heading-title elementor-size-default\">JOIN THE TEAM<\/h2>\t\t\t\t<\/div>\n\t\t\t\t<\/div>\n\t\t\t\t\t<\/div>\n\t\t<\/div>\n\t\t\t\t\t<\/div>\n\t\t<\/section>\n\t\t\t\t<section class=\"elementor-section elementor-top-section elementor-element elementor-element-ed0151b elementor-section-boxed elementor-section-height-default elementor-section-height-default\" data-id=\"ed0151b\" data-element_type=\"section\" data-e-type=\"section\">\n\t\t\t\t\t\t<div class=\"elementor-container elementor-column-gap-default\">\n\t\t\t\t\t<div class=\"elementor-column elementor-col-100 elementor-top-column elementor-element elementor-element-ede6ef2\" data-id=\"ede6ef2\" data-element_type=\"column\" data-e-type=\"column\">\n\t\t\t<div class=\"elementor-widget-wrap elementor-element-populated\">\n\t\t\t\t\t\t<div class=\"elementor-element elementor-element-e9026f1 elementor-widget elementor-widget-text-editor\" data-id=\"e9026f1\" data-element_type=\"widget\" data-e-type=\"widget\" data-widget_type=\"text-editor.default\">\n\t\t\t\t<div class=\"elementor-widget-container\">\n\t\t\t\t\t\t\t\t\t<p>Are you passionate about film and looking for your first experience in the world of events and film in Iceland? Do you want to be part of the production and organization of one of the largest film festivals in Iceland?<\/p><p>Vi\u00f0 hj\u00e1 RIFF bj\u00f3\u00f0um upp\u00e1 t\u00e6kif\u00e6ri til a\u00f0 \u00f6\u00f0last reynslu og l\u00e6ra af okkur. Ef \u00feetta vekur \u00e1huga \u00feinn og og \u00fe\u00fa ert tilb\u00fain a\u00f0 skuldbinda \u00feig, \u00fe\u00e1 \u00e6ttir\u00f0u a\u00f0 \u00edhuga a\u00f0 gerast starfsnemi e\u00f0a sj\u00e1lfbo\u00f0ali\u00f0i fyrir RIFF 2026!<\/p><p>RIFF takes place at the end of September each year in the city of Reykjavik, a cultural hub in the land of thermal pools, waterfalls, and striking glaciers.<\/p>\t\t\t\t\t\t\t\t<\/div>\n\t\t\t\t<\/div>\n\t\t\t\t<section class=\"elementor-section elementor-inner-section elementor-element elementor-element-827e8d8 elementor-section-boxed elementor-section-height-default elementor-section-height-default\" data-id=\"827e8d8\" data-element_type=\"section\" data-e-type=\"section\">\n\t\t\t\t\t\t<div class=\"elementor-container elementor-column-gap-default\">\n\t\t\t\t\t<div class=\"elementor-column elementor-col-50 elementor-inner-column elementor-element elementor-element-959f508\" data-id=\"959f508\" data-element_type=\"column\" data-e-type=\"column\">\n\t\t\t<div class=\"elementor-widget-wrap elementor-element-populated\">\n\t\t\t\t\t\t<div class=\"elementor-element elementor-element-1ff2c15 elementor-widget elementor-widget-heading\" data-id=\"1ff2c15\" data-element_type=\"widget\" data-e-type=\"widget\" data-widget_type=\"heading.default\">\n\t\t\t\t<div class=\"elementor-widget-container\">\n\t\t\t\t\t<h2 class=\"elementor-heading-title elementor-size-default\">INTERNSHIP<\/h2>\t\t\t\t<\/div>\n\t\t\t\t<\/div>\n\t\t\t\t<div class=\"elementor-element elementor-element-e90a1d5 elementor-widget__width-initial elementor-widget elementor-widget-text-editor\" data-id=\"e90a1d5\" data-element_type=\"widget\" data-e-type=\"widget\" data-widget_type=\"text-editor.default\">\n\t\t\t\t<div class=\"elementor-widget-container\">\n\t\t\t\t\t\t\t\t\t<p>RIFF is looking for interns to join us at the office in Reykjavik. There is a myriad of interesting tasks that we need support with, and as an intern, you will become an essential part of the team, being involved in many aspects of the festival.<\/p><p>The tasks include organisation, production, communication with filmmakers, companies, venues and other partners, and many more.<\/p><p>Vi\u00f0 t\u00f6kum inn starfsnemar \u00ferisvar sinnum \u00e1 \u00e1ri, \u00fdmist \u00ed \u00ferj\u00e1 e\u00f0a sex m\u00e1nu\u00f0i. Ums\u00f3knarfrestur eru 10. jan\u00faar 2026 fyrir \u00fe\u00e1 sem vilja taka \u00fe\u00e1tt \u00ed undirb\u00faningi h\u00e1t\u00ed\u00f0arinnar, 2. febr\u00faar fyrir \u00fe\u00e1 sem vilja vera hluti af \u00f6llu h\u00e1t\u00ed\u00f0arferlinu fr\u00e1 apr\u00edl til okt\u00f3ber, og 11. ma\u00ed fyrir \u00fe\u00e1 sem vilja koma og vera \u00ed taka \u00fe\u00e1tt \u00ed framkv\u00e6md h\u00e1t\u00ed\u00f0arinnar fr\u00e1 j\u00fal\u00ed til okt\u00f3ber. Starfsn\u00e1m er ekki launa\u00f0, en \u00fea\u00f0 er m\u00f6guleiki \u00e1 a\u00f0 vera r\u00e1\u00f0inn inn eftir starfsn\u00e1mi\u00f0.<\/p><p>These internships are great for newcomers in the film industry. Our goal is to provide a colourful taste of what it takes to organise and produce a film festival while working in a fun and interesting environment. All interns also get a festival pass, which gives access to all screenings at the festival.<\/p>\t\t\t\t\t\t\t\t<\/div>\n\t\t\t\t<\/div>\n\t\t\t\t<div class=\"elementor-element elementor-element-154c1f7 elementor-align-left elementor-widget elementor-widget-button\" data-id=\"154c1f7\" data-element_type=\"widget\" data-e-type=\"widget\" data-widget_type=\"button.default\">\n\t\t\t\t<div class=\"elementor-widget-container\">\n\t\t\t\t\t\t\t\t\t<div class=\"elementor-button-wrapper\">\n\t\t\t\t\t<a class=\"elementor-button elementor-button-link elementor-size-sm\" href=\"https:\/\/vp.eventival.com\/riff\/2026\" rel=\"nofollow noopener\" target=\"_blank\">\n\t\t\t\t\t\t<span class=\"elementor-button-content-wrapper\">\n\t\t\t\t\t\t\t\t\t<span class=\"elementor-button-text\">APPLY FOR INTERNSHIP<\/span>\n\t\t\t\t\t<\/span>\n\t\t\t\t\t<\/a>\n\t\t\t\t<\/div>\n\t\t\t\t\t\t\t\t<\/div>\n\t\t\t\t<\/div>\n\t\t\t\t\t<\/div>\n\t\t<\/div>\n\t\t\t\t<div class=\"elementor-column elementor-col-50 elementor-inner-column elementor-element elementor-element-1f6859f\" data-id=\"1f6859f\" data-element_type=\"column\" data-e-type=\"column\">\n\t\t\t<div class=\"elementor-widget-wrap elementor-element-populated\">\n\t\t\t\t\t\t<div class=\"elementor-element elementor-element-3b36880 elementor-widget elementor-widget-heading\" data-id=\"3b36880\" data-element_type=\"widget\" data-e-type=\"widget\" data-widget_type=\"heading.default\">\n\t\t\t\t<div class=\"elementor-widget-container\">\n\t\t\t\t\t<h2 class=\"elementor-heading-title elementor-size-default\">VOLUNTEERING<\/h2>\t\t\t\t<\/div>\n\t\t\t\t<\/div>\n\t\t\t\t<div class=\"elementor-element elementor-element-5c56d67 elementor-widget elementor-widget-text-editor\" data-id=\"5c56d67\" data-element_type=\"widget\" data-e-type=\"widget\" data-widget_type=\"text-editor.default\">\n\t\t\t\t<div class=\"elementor-widget-container\">\n\t\t\t\t\t\t\t\t\t<p class=\"translation-block\">Are you interested in helping a world-class festival grow, watching great films and improving your professional skills at the same time? Then you should join us as a festival volunteer! Various tasks need to be carried out, such as organising special events, helping at the cinema and screenings, taking care of the guests and awarded personalities, and distributing information online or in the real world.<\/p><p class=\"translation-block\">Our humble festival could not take place successfully each year without the unconditional support of the many volunteers that join us each year. We want your help!<\/p>\t\t\t\t\t\t\t\t<\/div>\n\t\t\t\t<\/div>\n\t\t\t\t<div class=\"elementor-element elementor-element-cd9e3e3 elementor-blockquote--skin-border elementor-widget elementor-widget-blockquote\" data-id=\"cd9e3e3\" data-element_type=\"widget\" data-e-type=\"widget\" data-widget_type=\"blockquote.default\">\n\t\t\t\t<div class=\"elementor-widget-container\">\n\t\t\t\t\t\t\t<blockquote class=\"elementor-blockquote\">\n\t\t\t<p class=\"elementor-blockquote__content\">\n\t\t\t\t\"RIFF brings a much-needed breath of fresh air to the film industry by successfully celebrating diversity, valuing innovation and bringing impactful and thought-provoking stories to the forefront. I am grateful to have contributed to such an inclusive and dynamic festival and helped get us a step closer to a brighter future for cinema.\"\t\t\t<\/p>\n\t\t\t\t\t\t\t<div class=\"e-q-footer\">\n\t\t\t\t\t\t\t\t\t\t\t<cite class=\"elementor-blockquote__author\">Marie-Lys Roche, RIFF intern 2024<\/cite>\n\t\t\t\t\t\t\t\t\t\t\t\t\t\t<\/div>\n\t\t\t\t\t<\/blockquote>\n\t\t\t\t\t\t<\/div>\n\t\t\t\t<\/div>\n\t\t\t\t<div class=\"elementor-element elementor-element-217e35f elementor-align-center elementor-widget elementor-widget-button\" data-id=\"217e35f\" data-element_type=\"widget\" data-e-type=\"widget\" data-widget_type=\"button.default\">\n\t\t\t\t<div class=\"elementor-widget-container\">\n\t\t\t\t\t\t\t\t\t<div class=\"elementor-button-wrapper\">\n\t\t\t\t\t<a class=\"elementor-button elementor-button-link elementor-size-sm\" href=\"https:\/\/vp.eventival.com\/riff\/2026\/custom-form\/volunteer_application_2026\/edit\" rel=\"nofollow noopener\" target=\"_blank\">\n\t\t\t\t\t\t<span class=\"elementor-button-content-wrapper\">\n\t\t\t\t\t\t\t\t\t<span class=\"elementor-button-text\">APPLY AS A\nVOLUNTEER<\/span>\n\t\t\t\t\t<\/span>\n\t\t\t\t\t<\/a>\n\t\t\t\t<\/div>\n\t\t\t\t\t\t\t\t<\/div>\n\t\t\t\t<\/div>\n\t\t\t\t\t<\/div>\n\t\t<\/div>\n\t\t\t\t\t<\/div>\n\t\t<\/section>\n\t\t\t\t\t<\/div>\n\t\t<\/div>\n\t\t\t\t\t<\/div>\n\t\t<\/section>\n\t\t\t\t<section class=\"elementor-section elementor-top-section elementor-element elementor-element-77a48de elementor-section-boxed elementor-section-height-default elementor-section-height-default\" data-id=\"77a48de\" data-element_type=\"section\" data-e-type=\"section\">\n\t\t\t\t\t\t<div class=\"elementor-container elementor-column-gap-default\">\n\t\t\t\t\t<div class=\"elementor-column elementor-col-100 elementor-top-column elementor-element elementor-element-874ca4b\" data-id=\"874ca4b\" data-element_type=\"column\" data-e-type=\"column\">\n\t\t\t<div class=\"elementor-widget-wrap\">\n\t\t\t\t\t\t\t<\/div>\n\t\t<\/div>\n\t\t\t\t\t<\/div>\n\t\t<\/section>\n\t\t\t\t<section class=\"elementor-section elementor-top-section elementor-element elementor-element-4b33350 elementor-section-boxed elementor-section-height-default elementor-section-height-default\" data-id=\"4b33350\" data-element_type=\"section\" data-e-type=\"section\">\n\t\t\t\t\t\t<div class=\"elementor-container elementor-column-gap-default\">\n\t\t\t\t\t<div class=\"elementor-column elementor-col-100 elementor-top-column elementor-element elementor-element-199f3c7\" data-id=\"199f3c7\" data-element_type=\"column\" data-e-type=\"column\">\n\t\t\t<div class=\"elementor-widget-wrap\">\n\t\t\t\t\t\t\t<\/div>\n\t\t<\/div>\n\t\t\t\t\t<\/div>\n\t\t<\/section>\n\t\t\t\t<section class=\"elementor-section elementor-top-section elementor-element elementor-element-5eeb5c0 elementor-section-boxed elementor-section-height-default elementor-section-height-default\" data-id=\"5eeb5c0\" data-element_type=\"section\" data-e-type=\"section\">\n\t\t\t\t\t\t<div class=\"elementor-container elementor-column-gap-default\">\n\t\t\t\t\t<div class=\"elementor-column elementor-col-100 elementor-top-column elementor-element elementor-element-7843db2\" data-id=\"7843db2\" data-element_type=\"column\" data-e-type=\"column\">\n\t\t\t<div class=\"elementor-widget-wrap\">\n\t\t\t\t\t\t\t<\/div>\n\t\t<\/div>\n\t\t\t\t\t<\/div>\n\t\t<\/section>\n\t\t\t\t<\/div>","protected":false},"excerpt":{"rendered":"<p>VERTU ME\u00d0 Hefur \u00fe\u00fa brennandi \u00e1huga \u00e1 kvikmyndum og ert a\u00f0 leita a\u00f0 \u00feinni fyrstu reynslu \u00ed heimi vi\u00f0bur\u00f0a og kvikmynda \u00e1 \u00cdslandi? Viltu vera partur af framlei\u00f0slu og skipulagningu [&hellip;]<\/p>\n","protected":false},"author":893,"featured_media":0,"parent":0,"menu_order":0,"comment_status":"closed","ping_status":"closed","template":"","meta":{"_monsterinsights_skip_tracking":false,"_monsterinsights_sitenote_active":false,"_monsterinsights_sitenote_note":"","_monsterinsights_sitenote_category":0,"_price":"","_stock":"","_tribe_ticket_header":"","_tribe_default_ticket_provider":"","_tribe_ticket_capacity":"0","_ticket_start_date":"","_ticket_end_date":"","_tribe_ticket_show_description":"","_tribe_ticket_show_not_going":false,"_tribe_ticket_use_global_stock":"","_tribe_ticket_global_stock_level":"","_global_stock_mode":"","_global_stock_cap":"","_tribe_rsvp_for_event":"","_tribe_ticket_going_count":"","_tribe_ticket_not_going_count":"","_tribe_tickets_list":"[]","_tribe_ticket_has_attendee_info_fields":false,"footnotes":"","_tec_slr_enabled":"","_tec_slr_layout":""},"class_list":["post-61177","page","type-page","status-publish","hentry"],"ticketed":false,"_links":{"self":[{"href":"https:\/\/riff.is\/en\/wp-json\/wp\/v2\/pages\/61177","targetHints":{"allow":["GET"]}}],"collection":[{"href":"https:\/\/riff.is\/en\/wp-json\/wp\/v2\/pages"}],"about":[{"href":"https:\/\/riff.is\/en\/wp-json\/wp\/v2\/types\/page"}],"author":[{"embeddable":true,"href":"https:\/\/riff.is\/en\/wp-json\/wp\/v2\/users\/893"}],"replies":[{"embeddable":true,"href":"https:\/\/riff.is\/en\/wp-json\/wp\/v2\/comments?post=61177"}],"version-history":[{"count":40,"href":"https:\/\/riff.is\/en\/wp-json\/wp\/v2\/pages\/61177\/revisions"}],"predecessor-version":[{"id":67930,"href":"https:\/\/riff.is\/en\/wp-json\/wp\/v2\/pages\/61177\/revisions\/67930"}],"wp:attachment":[{"href":"https:\/\/riff.is\/en\/wp-json\/wp\/v2\/media?parent=61177"}],"curies":[{"name":"wp","href":"https:\/\/api.w.org\/{rel}","templated":true}]}}