{"id":61694,"date":"2025-06-04T11:22:23","date_gmt":"2025-06-04T11:22:23","guid":{"rendered":"https:\/\/riff.is\/?page_id=61694"},"modified":"2026-03-05T11:00:17","modified_gmt":"2026-03-05T11:00:17","slug":"press","status":"publish","type":"page","link":"https:\/\/riff.is\/en\/press\/","title":{"rendered":"Press"},"content":{"rendered":"<div data-elementor-type=\"wp-page\" data-elementor-id=\"61694\" class=\"elementor elementor-61694\" data-elementor-post-type=\"page\">\n\t\t\t\t\t\t<section class=\"elementor-section elementor-top-section elementor-element elementor-element-7fcf9d5 elementor-hidden-tablet elementor-hidden-mobile elementor-section-boxed elementor-section-height-default elementor-section-height-default\" data-id=\"7fcf9d5\" data-element_type=\"section\" data-e-type=\"section\">\n\t\t\t\t\t\t<div class=\"elementor-container elementor-column-gap-default\">\n\t\t\t\t\t<div class=\"elementor-column elementor-col-100 elementor-top-column elementor-element elementor-element-27ffaa2\" data-id=\"27ffaa2\" data-element_type=\"column\" data-e-type=\"column\">\n\t\t\t<div class=\"elementor-widget-wrap elementor-element-populated\">\n\t\t\t\t\t\t<div class=\"elementor-element elementor-element-4033a71 elementor-widget elementor-widget-heading\" data-id=\"4033a71\" data-element_type=\"widget\" data-e-type=\"widget\" data-widget_type=\"heading.default\">\n\t\t\t\t<div class=\"elementor-widget-container\">\n\t\t\t\t\t<h2 class=\"elementor-heading-title elementor-size-default\">PRESS<\/h2>\t\t\t\t<\/div>\n\t\t\t\t<\/div>\n\t\t\t\t\t<\/div>\n\t\t<\/div>\n\t\t\t\t\t<\/div>\n\t\t<\/section>\n\t\t\t\t<section class=\"elementor-section elementor-top-section elementor-element elementor-element-5088141 elementor-section-boxed elementor-section-height-default elementor-section-height-default\" data-id=\"5088141\" data-element_type=\"section\" data-e-type=\"section\">\n\t\t\t\t\t\t<div class=\"elementor-container elementor-column-gap-default\">\n\t\t\t\t\t\t<\/div>\n\t\t<\/section>\n\t\t\t\t<section class=\"elementor-section elementor-top-section elementor-element elementor-element-198faf2 elementor-section-boxed elementor-section-height-default elementor-section-height-default\" data-id=\"198faf2\" data-element_type=\"section\" data-e-type=\"section\">\n\t\t\t\t\t\t<div class=\"elementor-container elementor-column-gap-default\">\n\t\t\t\t\t\t<\/div>\n\t\t<\/section>\n\t\t\t\t<section class=\"elementor-section elementor-top-section elementor-element elementor-element-ed0151b elementor-section-boxed elementor-section-height-default elementor-section-height-default\" data-id=\"ed0151b\" data-element_type=\"section\" data-e-type=\"section\">\n\t\t\t\t\t\t<div class=\"elementor-container elementor-column-gap-default\">\n\t\t\t\t\t<div class=\"elementor-column elementor-col-100 elementor-top-column elementor-element elementor-element-ede6ef2\" data-id=\"ede6ef2\" data-element_type=\"column\" data-e-type=\"column\">\n\t\t\t<div class=\"elementor-widget-wrap elementor-element-populated\">\n\t\t\t\t\t\t<div class=\"elementor-element elementor-element-e9026f1 elementor-widget elementor-widget-text-editor\" data-id=\"e9026f1\" data-element_type=\"widget\" data-e-type=\"widget\" data-widget_type=\"text-editor.default\">\n\t\t\t\t<div class=\"elementor-widget-container\">\n\t\t\t\t\t\t\t\t\t<p>Reykjav\u00edk International Film Festival welcomes journalists to our 2026 Edition from the 24th of September until the 4th of October. Press attends film screenings, panels, special events, honorary awards, parties and other events.\u00a0<\/p><p>RIFF has various photographers at its disposal who photograph all of its events. The festival has data, photos, and press material on the festival.\u00a0<\/p><p>Contact information for artists and guests of honor, along with the press release, can be accessed through the RIFF media team.\u00a0<\/p><p>Email:\u00a0<a href=\"mailto:press@riff.is\">press@riff.is<\/a><\/p>\t\t\t\t\t\t\t\t<\/div>\n\t\t\t\t<\/div>\n\t\t\t\t<div class=\"elementor-element elementor-element-0ab0c76 elementor-align-right elementor-widget elementor-widget-button\" data-id=\"0ab0c76\" data-element_type=\"widget\" data-e-type=\"widget\" data-widget_type=\"button.default\">\n\t\t\t\t<div class=\"elementor-widget-container\">\n\t\t\t\t\t\t\t\t\t<div class=\"elementor-button-wrapper\">\n\t\t\t\t\t<a class=\"elementor-button elementor-button-link elementor-size-sm\" href=\"https:\/\/vp.eventival.com\/riff\/2026\/custom-form\/2026_press_accreditation\/edit\" rel=\"nofollow noopener\" target=\"_blank\">\n\t\t\t\t\t\t<span class=\"elementor-button-content-wrapper\">\n\t\t\t\t\t\t\t\t\t<span class=\"elementor-button-text\">APPLY FOR ACCREDITATION <\/span>\n\t\t\t\t\t<\/span>\n\t\t\t\t\t<\/a>\n\t\t\t\t<\/div>\n\t\t\t\t\t\t\t\t<\/div>\n\t\t\t\t<\/div>\n\t\t\t\t\t<\/div>\n\t\t<\/div>\n\t\t\t\t\t<\/div>\n\t\t<\/section>\n\t\t\t\t<\/div>","protected":false},"excerpt":{"rendered":"<p>BLA\u00d0AMENN Al\u00fej\u00f3\u00f0legt fj\u00f6lmi\u00f0laf\u00f3lk s\u00e6kir h\u00e1t\u00ed\u00f0ina \u00e1r hvert til a\u00f0 fjalla um dagskr\u00e1 h\u00e1t\u00ed\u00f0arinnar. Fj\u00f6lmi\u00f0af\u00f3lk getur s\u00f3tt um passa sem gildir \u00e1 allar s\u00fdningar, pallbor\u00f0, m\u00e1l\u00feing og fj\u00f6lda s\u00e9rvi\u00f0bur\u00f0a og h\u00f3fa, [&hellip;]<\/p>\n","protected":false},"author":893,"featured_media":0,"parent":0,"menu_order":0,"comment_status":"closed","ping_status":"closed","template":"","meta":{"_monsterinsights_skip_tracking":false,"_monsterinsights_sitenote_active":false,"_monsterinsights_sitenote_note":"","_monsterinsights_sitenote_category":0,"_price":"","_stock":"","_tribe_ticket_header":"","_tribe_default_ticket_provider":"","_tribe_ticket_capacity":"0","_ticket_start_date":"","_ticket_end_date":"","_tribe_ticket_show_description":"","_tribe_ticket_show_not_going":false,"_tribe_ticket_use_global_stock":"","_tribe_ticket_global_stock_level":"","_global_stock_mode":"","_global_stock_cap":"","_tribe_rsvp_for_event":"","_tribe_ticket_going_count":"","_tribe_ticket_not_going_count":"","_tribe_tickets_list":"[]","_tribe_ticket_has_attendee_info_fields":false,"footnotes":"","_tec_slr_enabled":"","_tec_slr_layout":""},"class_list":["post-61694","page","type-page","status-publish","hentry"],"ticketed":false,"_links":{"self":[{"href":"https:\/\/riff.is\/en\/wp-json\/wp\/v2\/pages\/61694","targetHints":{"allow":["GET"]}}],"collection":[{"href":"https:\/\/riff.is\/en\/wp-json\/wp\/v2\/pages"}],"about":[{"href":"https:\/\/riff.is\/en\/wp-json\/wp\/v2\/types\/page"}],"author":[{"embeddable":true,"href":"https:\/\/riff.is\/en\/wp-json\/wp\/v2\/users\/893"}],"replies":[{"embeddable":true,"href":"https:\/\/riff.is\/en\/wp-json\/wp\/v2\/comments?post=61694"}],"version-history":[{"count":10,"href":"https:\/\/riff.is\/en\/wp-json\/wp\/v2\/pages\/61694\/revisions"}],"predecessor-version":[{"id":67144,"href":"https:\/\/riff.is\/en\/wp-json\/wp\/v2\/pages\/61694\/revisions\/67144"}],"wp:attachment":[{"href":"https:\/\/riff.is\/en\/wp-json\/wp\/v2\/media?parent=61694"}],"curies":[{"name":"wp","href":"https:\/\/api.w.org\/{rel}","templated":true}]}}