{"id":51009,"date":"2023-09-26T13:19:02","date_gmt":"2023-09-26T13:19:02","guid":{"rendered":"https:\/\/riff.is\/?post_type=product&#038;p=51009"},"modified":"2023-09-26T13:45:10","modified_gmt":"2023-09-26T13:45:10","slug":"pinnanaela","status":"publish","type":"product","link":"https:\/\/riff.is\/en\/product\/pinnanaela\/","title":{"rendered":"Pin"},"content":{"rendered":"<p>This pin is a twentieth anniversary edition of the Golden Puffin, a RIFF award-winning piece.<\/p>\n<p>The pin is cool to the touch and embodies the personality of the festival.<\/p>\n<p>These pins come on a beautiful card with key information about the festival.<\/p>\n<p>Perfect for all Riffa fans!<\/p>","protected":false},"excerpt":{"rendered":"<p>\u00feessi pinnan\u00e6la er tuttugu \u00e1ra afm\u00e6lis\u00fatg\u00e1fa af Gyllta lundanum, ver\u00f0launagrip RIFF. N\u00e6lan er flott \u00ed barminn og inniheldur\u00a0 pers\u00f3nuleika h\u00e1t\u00ed\u00f0arinnar. \u00deessar pinnan\u00e6lur koma \u00e1 fallegu spjaldi me\u00f0 helstu uppl\u00fdsingum um [&hellip;]<\/p>\n","protected":false},"featured_media":51011,"template":"","meta":{"_monsterinsights_skip_tracking":false,"_monsterinsights_sitenote_active":false,"_monsterinsights_sitenote_note":"","_monsterinsights_sitenote_category":0,"_price":"2000","_stock":null,"_tribe_ticket_header":"","_tribe_default_ticket_provider":"","_tribe_ticket_capacity":"0","_ticket_start_date":"","_ticket_end_date":"","_tribe_ticket_show_description":"","_tribe_ticket_show_not_going":false,"_tribe_ticket_use_global_stock":"","_tribe_ticket_global_stock_level":"","_global_stock_mode":"","_global_stock_cap":"","_tribe_rsvp_for_event":"","_tribe_ticket_going_count":"","_tribe_ticket_not_going_count":"","_tribe_tickets_list":"[]","_tribe_ticket_has_attendee_info_fields":false},"product_brand":[],"product_cat":[54,623],"product_tag":[],"class_list":{"0":"post-51009","1":"product","2":"type-product","3":"status-publish","4":"has-post-thumbnail","6":"product_cat-merchandise","7":"product_cat-varningur","9":"first","10":"instock","11":"shipping-taxable","12":"purchasable","13":"product-type-simple"},"_links":{"self":[{"href":"https:\/\/riff.is\/en\/wp-json\/wp\/v2\/product\/51009","targetHints":{"allow":["GET"]}}],"collection":[{"href":"https:\/\/riff.is\/en\/wp-json\/wp\/v2\/product"}],"about":[{"href":"https:\/\/riff.is\/en\/wp-json\/wp\/v2\/types\/product"}],"version-history":[{"count":4,"href":"https:\/\/riff.is\/en\/wp-json\/wp\/v2\/product\/51009\/revisions"}],"predecessor-version":[{"id":51019,"href":"https:\/\/riff.is\/en\/wp-json\/wp\/v2\/product\/51009\/revisions\/51019"}],"wp:featuredmedia":[{"embeddable":true,"href":"https:\/\/riff.is\/en\/wp-json\/wp\/v2\/media\/51011"}],"wp:attachment":[{"href":"https:\/\/riff.is\/en\/wp-json\/wp\/v2\/media?parent=51009"}],"wp:term":[{"taxonomy":"product_brand","embeddable":true,"href":"https:\/\/riff.is\/en\/wp-json\/wp\/v2\/product_brand?post=51009"},{"taxonomy":"product_cat","embeddable":true,"href":"https:\/\/riff.is\/en\/wp-json\/wp\/v2\/product_cat?post=51009"},{"taxonomy":"product_tag","embeddable":true,"href":"https:\/\/riff.is\/en\/wp-json\/wp\/v2\/product_tag?post=51009"}],"curies":[{"name":"wp","href":"https:\/\/api.w.org\/{rel}","templated":true}]}}