{"id":51904,"date":"2023-10-31T14:19:47","date_gmt":"2023-10-31T14:19:47","guid":{"rendered":"https:\/\/riff.is\/?post_type=product&#038;p=51904"},"modified":"2026-01-07T14:58:27","modified_gmt":"2026-01-07T14:58:27","slug":"gjafaklippikort-2","status":"publish","type":"product","link":"https:\/\/riff.is\/en\/product\/gjafaklippikort-2\/","title":{"rendered":"Super 8 Discount Card Gift Card"},"content":{"rendered":"","protected":false},"excerpt":{"rendered":"<p><strong>Our shareable discount card is the perfect gift for all film-, culture-, and festival lovers who already have everything.\u00a0<\/strong><\/p>\n<p><span style=\"font-weight: 400;\">The Super 8 Discount Card includes 8 tickets to any screenings during the festival (special events excluded). This means that the lucky card holder can bring up to 7 friends or family members to one screening, or use all 8 tickets to enjoy multiple films solo. This flexibility makes it perfect for sharing memorable cinematic experiences!\u00a0<\/span><\/p>\n<p><span style=\"font-weight: 400;\">Klippikorti\u00f0 gildir \u00e1 RIFF sem haldin ver\u00f0ur \u00ed 23. sinn \u00feann 24. september til 4. okt\u00f3ber n.k..\u00a0<\/span><\/p>\n<p><span style=\"font-weight: 400;\">Note: Our cards and passes are completely electronic. Upon purchase, you will receive a downloadable PDF which you can print out. It is also possible to pick up the gift card at RIFF\u2019s offices at Tryggvagata 11, during weekdays from 10-12 and 13-17. We offer the possibility to mail the gift cards at the expense of the recipient.\u00a0<\/span><\/p>\n<p>Vi\u00f0takandi gjafakortsins getur s\u00ed\u00f0an skipt \u00fev\u00ed \u00fat fyrir klippikort \u00ed mi\u00f0as\u00f6lunni \u00ed H\u00e1sk\u00f3lab\u00ed\u00f3 fr\u00e1 og me\u00f0 21. september 2026 \u00e1 milli 11-16 e\u00f0a hven\u00e6r sem er \u00e1 me\u00f0an h\u00e1t\u00ed\u00f0inni stendur.<\/p>\n<p><em><span style=\"font-weight: 400;\">The Super 8 Discount Card is non-refundable.<\/span><\/em><\/p>\n<p>&nbsp;<\/p>","protected":false},"featured_media":66039,"template":"","meta":{"_monsterinsights_skip_tracking":false,"_monsterinsights_sitenote_active":false,"_monsterinsights_sitenote_note":"","_monsterinsights_sitenote_category":0,"_price":"15190","_stock":"","_tribe_ticket_header":"","_tribe_default_ticket_provider":"","_tribe_ticket_capacity":"0","_ticket_start_date":"","_ticket_end_date":"","_tribe_ticket_show_description":"","_tribe_ticket_show_not_going":false,"_tribe_ticket_use_global_stock":"","_tribe_ticket_global_stock_level":"","_global_stock_mode":"","_global_stock_cap":"","_tribe_rsvp_for_event":"","_tribe_ticket_going_count":"","_tribe_ticket_not_going_count":"","_tribe_tickets_list":"[]","_tribe_ticket_has_attendee_info_fields":false},"product_brand":[],"product_cat":[702],"product_tag":[],"class_list":{"0":"post-51904","1":"product","2":"type-product","3":"status-publish","4":"has-post-thumbnail","6":"product_cat-gjafakort","8":"first","9":"instock","10":"downloadable","11":"virtual","12":"purchasable","13":"product-type-simple"},"_links":{"self":[{"href":"https:\/\/riff.is\/en\/wp-json\/wp\/v2\/product\/51904","targetHints":{"allow":["GET"]}}],"collection":[{"href":"https:\/\/riff.is\/en\/wp-json\/wp\/v2\/product"}],"about":[{"href":"https:\/\/riff.is\/en\/wp-json\/wp\/v2\/types\/product"}],"version-history":[{"count":9,"href":"https:\/\/riff.is\/en\/wp-json\/wp\/v2\/product\/51904\/revisions"}],"predecessor-version":[{"id":65935,"href":"https:\/\/riff.is\/en\/wp-json\/wp\/v2\/product\/51904\/revisions\/65935"}],"wp:featuredmedia":[{"embeddable":true,"href":"https:\/\/riff.is\/en\/wp-json\/wp\/v2\/media\/66039"}],"wp:attachment":[{"href":"https:\/\/riff.is\/en\/wp-json\/wp\/v2\/media?parent=51904"}],"wp:term":[{"taxonomy":"product_brand","embeddable":true,"href":"https:\/\/riff.is\/en\/wp-json\/wp\/v2\/product_brand?post=51904"},{"taxonomy":"product_cat","embeddable":true,"href":"https:\/\/riff.is\/en\/wp-json\/wp\/v2\/product_cat?post=51904"},{"taxonomy":"product_tag","embeddable":true,"href":"https:\/\/riff.is\/en\/wp-json\/wp\/v2\/product_tag?post=51904"}],"curies":[{"name":"wp","href":"https:\/\/api.w.org\/{rel}","templated":true}]}}