{"id":51909,"date":"2023-10-31T14:37:39","date_gmt":"2023-10-31T14:37:39","guid":{"rendered":"https:\/\/riff.is\/?post_type=product&#038;p=51909"},"modified":"2026-01-07T14:50:43","modified_gmt":"2026-01-07T14:50:43","slug":"gjafahatidarpassi-2","status":"publish","type":"product","link":"https:\/\/riff.is\/en\/product\/gjafahatidarpassi-2\/","title":{"rendered":"Festival Pass Gift Card"},"content":{"rendered":"","protected":false},"excerpt":{"rendered":"<p><strong>Our festival pass is the perfect gift for film-, culture-, and festival lovers who already own everything.<\/strong><\/p>\n<p><span style=\"font-weight: 400;\">This pass gives its holder access to 4 shows of their choice! Along with a RIFF tote bag and 30 minutes of Hopp credit. Please note that the U20 youth pass cannot be shared with others or used for special events unless otherwise stated. One pass is valid once per show and is intended for those under 20 only.<\/span><\/p>\n<p><span style=\"font-weight: 400;\">Gjafah\u00e1t\u00ed\u00f0arpassinn gildir \u00e1 RIFF sem haldin ver\u00f0ur \u00ed 23. sinn \u00feann 24. september til 4. okt\u00f3ber 2026.\u00a0<\/span><\/p>\n<p><span style=\"font-weight: 400;\">Note: Our cards and passes are completely electronic. Upon purchase, you will receive a downloadable PDF which you can print out. It is also possible to pick up the gift card at RIFF\u2019s offices at Tryggvagata 11, during weekdays from 10-12 and 13-17. We offer the possibility to mail the gift cards at the expense of the recipient.\u00a0<\/span><\/p>\n<p><span style=\"font-weight: 400;\">Vi\u00f0takandi gjafakortsins getur s\u00ed\u00f0an skipt \u00fev\u00ed \u00fat fyrir passa \u00ed mi\u00f0as\u00f6lunni \u00ed H\u00e1sk\u00f3lab\u00ed\u00f3 fr\u00e1 og me\u00f0 21. september 2026 e\u00f0a hven\u00e6r sem er \u00e1 me\u00f0an h\u00e1t\u00ed\u00f0inni stendur.\u00a0<\/span><\/p>\n<p><em><span style=\"font-weight: 400;\">The Festival Pass is non-refundable.<\/span><\/em><\/p>","protected":false},"featured_media":66038,"template":"","meta":{"_monsterinsights_skip_tracking":false,"_monsterinsights_sitenote_active":false,"_monsterinsights_sitenote_note":"","_monsterinsights_sitenote_category":0,"_price":"25500","_stock":"","_tribe_ticket_header":"","_tribe_default_ticket_provider":"","_tribe_ticket_capacity":"0","_ticket_start_date":"","_ticket_end_date":"","_tribe_ticket_show_description":"","_tribe_ticket_show_not_going":false,"_tribe_ticket_use_global_stock":"","_tribe_ticket_global_stock_level":"","_global_stock_mode":"","_global_stock_cap":"","_tribe_rsvp_for_event":"","_tribe_ticket_going_count":"","_tribe_ticket_not_going_count":"","_tribe_tickets_list":"[]","_tribe_ticket_has_attendee_info_fields":false},"product_brand":[],"product_cat":[702],"product_tag":[],"class_list":{"0":"post-51909","1":"product","2":"type-product","3":"status-publish","4":"has-post-thumbnail","6":"product_cat-gjafakort","8":"first","9":"instock","10":"downloadable","11":"virtual","12":"purchasable","13":"product-type-simple"},"_links":{"self":[{"href":"https:\/\/riff.is\/en\/wp-json\/wp\/v2\/product\/51909","targetHints":{"allow":["GET"]}}],"collection":[{"href":"https:\/\/riff.is\/en\/wp-json\/wp\/v2\/product"}],"about":[{"href":"https:\/\/riff.is\/en\/wp-json\/wp\/v2\/types\/product"}],"version-history":[{"count":7,"href":"https:\/\/riff.is\/en\/wp-json\/wp\/v2\/product\/51909\/revisions"}],"predecessor-version":[{"id":65934,"href":"https:\/\/riff.is\/en\/wp-json\/wp\/v2\/product\/51909\/revisions\/65934"}],"wp:featuredmedia":[{"embeddable":true,"href":"https:\/\/riff.is\/en\/wp-json\/wp\/v2\/media\/66038"}],"wp:attachment":[{"href":"https:\/\/riff.is\/en\/wp-json\/wp\/v2\/media?parent=51909"}],"wp:term":[{"taxonomy":"product_brand","embeddable":true,"href":"https:\/\/riff.is\/en\/wp-json\/wp\/v2\/product_brand?post=51909"},{"taxonomy":"product_cat","embeddable":true,"href":"https:\/\/riff.is\/en\/wp-json\/wp\/v2\/product_cat?post=51909"},{"taxonomy":"product_tag","embeddable":true,"href":"https:\/\/riff.is\/en\/wp-json\/wp\/v2\/product_tag?post=51909"}],"curies":[{"name":"wp","href":"https:\/\/api.w.org\/{rel}","templated":true}]}}