{"id":53620,"date":"2024-05-29T13:46:02","date_gmt":"2024-05-29T13:46:02","guid":{"rendered":"https:\/\/riff.is\/?post_type=product&#038;p=53620"},"modified":"2026-01-07T14:44:06","modified_gmt":"2026-01-07T14:44:06","slug":"super-8-klippikort","status":"publish","type":"product","link":"https:\/\/riff.is\/en\/product\/super-8-klippikort\/","title":{"rendered":"Super 8 Discount Card"},"content":{"rendered":"","protected":false},"excerpt":{"rendered":"<p><strong>Our shareable discount card is the perfect for all film-, culture-, and festival lovers.\u00a0<\/strong><\/p>\n<p><span style=\"font-weight: 400;\">The Super 8 Discount Card includes 8 tickets to see any screenings during the festival (special events excluded). This means that the lucky card holder can bring up to 7 friends or family members to one screening, or use all 8 tickets to enjoy multiple films solo. This flexibility makes it perfect for sharing memorable cinematic experiences!\u00a0<\/span><\/p>\n<p><span style=\"font-weight: 400;\">Klippikorti\u00f0 gildir \u00e1 RIFF sem haldin ver\u00f0ur \u00ed 23. sinn \u00feann 24. september til 4. okt\u00f3ber 2026.\u00a0<\/span><\/p>\n<p><span style=\"font-weight: 400;\">All RIFF passes and discount cards are electronic <\/span><span style=\"font-weight: 400;\">A week before the festival you RIFF discount card will be accessible to you through your email.\u00a0<\/span><\/p>\n<p><span style=\"font-weight: 400;\">The Super 8 Discount Card is non-refundable.<\/span><\/p>","protected":false},"featured_media":66036,"template":"","meta":{"_monsterinsights_skip_tracking":false,"_monsterinsights_sitenote_active":false,"_monsterinsights_sitenote_note":"","_monsterinsights_sitenote_category":0,"_price":"15190","_stock":"","_tribe_ticket_header":"","_tribe_default_ticket_provider":"","_tribe_ticket_capacity":"0","_ticket_start_date":"","_ticket_end_date":"","_tribe_ticket_show_description":"","_tribe_ticket_show_not_going":false,"_tribe_ticket_use_global_stock":"","_tribe_ticket_global_stock_level":"","_global_stock_mode":"","_global_stock_cap":"","_tribe_rsvp_for_event":"","_tribe_ticket_going_count":"","_tribe_ticket_not_going_count":"","_tribe_tickets_list":"[]","_tribe_ticket_has_attendee_info_fields":false},"product_brand":[],"product_cat":[615,480,710],"product_tag":[],"class_list":{"0":"post-53620","1":"product","2":"type-product","3":"status-publish","4":"has-post-thumbnail","6":"product_cat-passar-og-klippikort","7":"product_cat-midar","8":"product_cat-passes-and-gift-cards","10":"first","11":"instock","12":"downloadable","13":"virtual","14":"purchasable","15":"product-type-simple"},"_links":{"self":[{"href":"https:\/\/riff.is\/en\/wp-json\/wp\/v2\/product\/53620","targetHints":{"allow":["GET"]}}],"collection":[{"href":"https:\/\/riff.is\/en\/wp-json\/wp\/v2\/product"}],"about":[{"href":"https:\/\/riff.is\/en\/wp-json\/wp\/v2\/types\/product"}],"version-history":[{"count":8,"href":"https:\/\/riff.is\/en\/wp-json\/wp\/v2\/product\/53620\/revisions"}],"predecessor-version":[{"id":66037,"href":"https:\/\/riff.is\/en\/wp-json\/wp\/v2\/product\/53620\/revisions\/66037"}],"wp:featuredmedia":[{"embeddable":true,"href":"https:\/\/riff.is\/en\/wp-json\/wp\/v2\/media\/66036"}],"wp:attachment":[{"href":"https:\/\/riff.is\/en\/wp-json\/wp\/v2\/media?parent=53620"}],"wp:term":[{"taxonomy":"product_brand","embeddable":true,"href":"https:\/\/riff.is\/en\/wp-json\/wp\/v2\/product_brand?post=53620"},{"taxonomy":"product_cat","embeddable":true,"href":"https:\/\/riff.is\/en\/wp-json\/wp\/v2\/product_cat?post=53620"},{"taxonomy":"product_tag","embeddable":true,"href":"https:\/\/riff.is\/en\/wp-json\/wp\/v2\/product_tag?post=53620"}],"curies":[{"name":"wp","href":"https:\/\/api.w.org\/{rel}","templated":true}]}}