{"id":63007,"date":"2025-08-01T09:05:14","date_gmt":"2025-08-01T09:05:14","guid":{"rendered":"https:\/\/riff.is\/product\/fullordinsmidi\/"},"modified":"2025-11-25T14:44:39","modified_gmt":"2025-11-25T14:44:39","slug":"fullordinsmidi","status":"publish","type":"product","link":"https:\/\/riff.is\/en\/product\/fullordinsmidi\/","title":{"rendered":"Fullor\u00f0insmi\u00f0i"},"content":{"rendered":"","protected":false},"excerpt":{"rendered":"<p>Fyrir einn fullor\u00f0inn<\/p>","protected":false},"featured_media":0,"template":"","meta":{"_monsterinsights_skip_tracking":false,"_monsterinsights_sitenote_active":false,"_monsterinsights_sitenote_note":"","_monsterinsights_sitenote_category":0,"_price":"1500","_stock":"75.000000","_tribe_ticket_header":"","_tribe_default_ticket_provider":"","_tribe_ticket_capacity":"75","_ticket_start_date":"2025-08-01 00:00:00","_ticket_end_date":"2025-08-02 00:00:00","_tribe_ticket_show_description":"yes","_tribe_ticket_show_not_going":false,"_tribe_ticket_use_global_stock":"","_tribe_ticket_global_stock_level":"","_global_stock_mode":"global","_global_stock_cap":"","_tribe_rsvp_for_event":"","_tribe_ticket_going_count":"","_tribe_ticket_not_going_count":"","_tribe_tickets_list":"[]","_tribe_ticket_has_attendee_info_fields":false},"product_brand":[],"product_cat":[23],"product_tag":[],"class_list":{"0":"post-63007","1":"product","2":"type-product","3":"status-publish","5":"product_cat-uncategorized","7":"first","8":"instock","9":"virtual","10":"purchasable","11":"product-type-simple"},"_links":{"self":[{"href":"https:\/\/riff.is\/en\/wp-json\/wp\/v2\/product\/63007","targetHints":{"allow":["GET"]}}],"collection":[{"href":"https:\/\/riff.is\/en\/wp-json\/wp\/v2\/product"}],"about":[{"href":"https:\/\/riff.is\/en\/wp-json\/wp\/v2\/types\/product"}],"version-history":[{"count":0,"href":"https:\/\/riff.is\/en\/wp-json\/wp\/v2\/product\/63007\/revisions"}],"wp:attachment":[{"href":"https:\/\/riff.is\/en\/wp-json\/wp\/v2\/media?parent=63007"}],"wp:term":[{"taxonomy":"product_brand","embeddable":true,"href":"https:\/\/riff.is\/en\/wp-json\/wp\/v2\/product_brand?post=63007"},{"taxonomy":"product_cat","embeddable":true,"href":"https:\/\/riff.is\/en\/wp-json\/wp\/v2\/product_cat?post=63007"},{"taxonomy":"product_tag","embeddable":true,"href":"https:\/\/riff.is\/en\/wp-json\/wp\/v2\/product_tag?post=63007"}],"curies":[{"name":"wp","href":"https:\/\/api.w.org\/{rel}","templated":true}]}}