{"id":64139,"date":"2025-09-09T16:23:39","date_gmt":"2025-09-09T16:23:39","guid":{"rendered":"https:\/\/riff.is\/?post_type=product&#038;p=64139"},"modified":"2026-01-07T14:24:01","modified_gmt":"2026-01-07T14:24:01","slug":"vinapassi-31","status":"publish","type":"product","link":"https:\/\/riff.is\/en\/product\/vinapassi-31\/","title":{"rendered":"Vinapassi (3+1)"},"content":{"rendered":"<p><span style=\"font-weight: 400;\">Our 3+1 Friends Pass is the perfect choice for all film, culture, and festival lovers who enjoy experiencing cinema together.<\/span><\/p>\n<p><span style=\"font-weight: 400;\">The Friends Pass includes 4 tickets for the price of 3, giving you and three friends (or family members) the chance to enjoy a screening together at RIFF (special events excluded). Please note that the 4 tickets must be used for the same screening. You can activate your Friends Pass and redeem your tickets at the RIFF ticketing booth in H\u00e1sk\u00f3lab\u00ed\u00f3, either right before the screening or in advance when the ticketing booth is open. More information on the opening hours is available <\/span><a href=\"https:\/\/riff.is\/en\/attend\/\"><span style=\"font-weight: 400;\">here<\/span><\/a><span style=\"font-weight: 400;\">.\u00a0<\/span><\/p>\n<p><span style=\"font-weight: 400;\">Vinapassinn gildir \u00e1 RIFF sem haldin ver\u00f0ur \u00ed 23. sinn dagana 24. september til 4. okt\u00f3ber n.k.<\/span><\/p>\n<p><span style=\"font-weight: 400;\">All RIFF passes and discount cards are electronic \u2013 one week before the festival your pass will be delivered to you by email.<\/span><\/p>\n<p><span style=\"font-weight: 400;\">The Friends Pass is non-refundable<\/span><\/p>","protected":false},"excerpt":{"rendered":"<p>Vinapassinn 3+1 er tilvalinn fyrir alla kvikmynda-, menningar- og h\u00e1t\u00ed\u00f0arunnendur sem vilja nj\u00f3ta kvikmynda saman. Passinn inniheldur fj\u00f3ra mi\u00f0a \u00e1 ver\u00f0i \u00feriggja, sem gerir \u00fe\u00e9r og \u00feremur vinum e\u00f0a fj\u00f6lskyldume\u00f0limum [&hellip;]<\/p>\n","protected":false},"featured_media":66029,"template":"","meta":{"_monsterinsights_skip_tracking":false,"_monsterinsights_sitenote_active":false,"_monsterinsights_sitenote_note":"","_monsterinsights_sitenote_category":0,"_price":"7050","_stock":"","_tribe_ticket_header":"","_tribe_default_ticket_provider":"","_tribe_ticket_capacity":"0","_ticket_start_date":"","_ticket_end_date":"","_tribe_ticket_show_description":"","_tribe_ticket_show_not_going":false,"_tribe_ticket_use_global_stock":"","_tribe_ticket_global_stock_level":"","_global_stock_mode":"","_global_stock_cap":"","_tribe_rsvp_for_event":"","_tribe_ticket_going_count":"","_tribe_ticket_not_going_count":"","_tribe_tickets_list":"[]","_tribe_ticket_has_attendee_info_fields":false},"product_brand":[],"product_cat":[615,613,23],"product_tag":[],"class_list":{"0":"post-64139","1":"product","2":"type-product","3":"status-publish","4":"has-post-thumbnail","6":"product_cat-passar-og-klippikort","7":"product_cat-passes-clip-cards","8":"product_cat-uncategorized","10":"first","11":"instock","12":"downloadable","13":"virtual","14":"purchasable","15":"product-type-simple"},"_links":{"self":[{"href":"https:\/\/riff.is\/en\/wp-json\/wp\/v2\/product\/64139","targetHints":{"allow":["GET"]}}],"collection":[{"href":"https:\/\/riff.is\/en\/wp-json\/wp\/v2\/product"}],"about":[{"href":"https:\/\/riff.is\/en\/wp-json\/wp\/v2\/types\/product"}],"version-history":[{"count":1,"href":"https:\/\/riff.is\/en\/wp-json\/wp\/v2\/product\/64139\/revisions"}],"predecessor-version":[{"id":66009,"href":"https:\/\/riff.is\/en\/wp-json\/wp\/v2\/product\/64139\/revisions\/66009"}],"wp:featuredmedia":[{"embeddable":true,"href":"https:\/\/riff.is\/en\/wp-json\/wp\/v2\/media\/66029"}],"wp:attachment":[{"href":"https:\/\/riff.is\/en\/wp-json\/wp\/v2\/media?parent=64139"}],"wp:term":[{"taxonomy":"product_brand","embeddable":true,"href":"https:\/\/riff.is\/en\/wp-json\/wp\/v2\/product_brand?post=64139"},{"taxonomy":"product_cat","embeddable":true,"href":"https:\/\/riff.is\/en\/wp-json\/wp\/v2\/product_cat?post=64139"},{"taxonomy":"product_tag","embeddable":true,"href":"https:\/\/riff.is\/en\/wp-json\/wp\/v2\/product_tag?post=64139"}],"curies":[{"name":"wp","href":"https:\/\/api.w.org\/{rel}","templated":true}]}}