{"id":10615,"date":"2021-01-29T14:22:52","date_gmt":"2021-01-29T14:22:52","guid":{"rendered":"https:\/\/riff.is\/?page_id=10615"},"modified":"2024-10-17T10:00:41","modified_gmt":"2024-10-17T10:00:41","slug":"film-submission","status":"publish","type":"page","link":"https:\/\/riff.is\/pl\/film-submission\/","title":{"rendered":"Prze\u015blij film"},"content":{"rendered":"<div data-elementor-type=\"wp-page\" data-elementor-id=\"10615\" class=\"elementor elementor-10615\" data-elementor-post-type=\"page\">\n\t\t\t\t\t\t<section class=\"elementor-section elementor-top-section elementor-element elementor-element-6e4eb330 elementor-section-height-min-height elementor-section-boxed elementor-section-height-default elementor-section-items-middle\" data-id=\"6e4eb330\" data-element_type=\"section\" data-e-type=\"section\" data-settings=\"{&quot;background_background&quot;:&quot;classic&quot;}\">\n\t\t\t\t\t\t\t<div class=\"elementor-background-overlay\"><\/div>\n\t\t\t\t\t\t\t<div class=\"elementor-container elementor-column-gap-default\">\n\t\t\t\t\t<div class=\"elementor-column elementor-col-100 elementor-top-column elementor-element elementor-element-52c6a792\" data-id=\"52c6a792\" data-element_type=\"column\" data-e-type=\"column\">\n\t\t\t<div class=\"elementor-widget-wrap elementor-element-populated\">\n\t\t\t\t\t\t\t<\/div>\n\t\t<\/div>\n\t\t\t\t\t<\/div>\n\t\t<\/section>\n\t\t\t\t<section class=\"elementor-section elementor-top-section elementor-element elementor-element-54af552c elementor-section-boxed elementor-section-height-default elementor-section-height-default\" data-id=\"54af552c\" data-element_type=\"section\" data-e-type=\"section\">\n\t\t\t\t\t\t<div class=\"elementor-container elementor-column-gap-default\">\n\t\t\t\t\t<div class=\"elementor-column elementor-col-100 elementor-top-column elementor-element elementor-element-6e086a09\" data-id=\"6e086a09\" data-element_type=\"column\" data-e-type=\"column\">\n\t\t\t<div class=\"elementor-widget-wrap elementor-element-populated\">\n\t\t\t\t\t\t<div class=\"elementor-element elementor-element-2e685b4 elementor-widget elementor-widget-text-editor\" data-id=\"2e685b4\" data-element_type=\"widget\" data-e-type=\"widget\" data-widget_type=\"text-editor.default\">\n\t\t\t\t<div class=\"elementor-widget-container\">\n\t\t\t\t\t\t\t\t\t<p>Nab\u00f3r wniosk\u00f3w do konkursu filmowego rozpocznie si\u0119 1 listopada 2024 r.!\u00a0<\/p><p><span style=\"font-size: 20px; background-color: var( --e-global-color-astglobalcolor8 );\">Mi\u0119dzynarodowy Festiwal Filmowy w Reykjav\u00edku odb\u0119dzie si\u0119 mi\u0119dzy 25 wrze\u015bnia a 5 pa\u017adziernika 2025 r. po raz 22. G\u0142\u00f3wnym celem RIFF, najwi\u0119kszego wydarzenia filmowego na Islandii, jest oferowanie zr\u00f3\u017cnicowanego wyboru film\u00f3w progresywnych oraz promowanie m\u0142odych i ambitnych filmowc\u00f3w poprzez wy\u015bwietlanie wy\u0142\u0105cznie pe\u0142nometra\u017cowych film\u00f3w pierwszego lub drugiego stopnia w naszej g\u0142\u00f3wnej kategorii konkursowej, Visions.\u00a0<\/span><\/p><p><span style=\"background-color: var( --e-global-color-astglobalcolor8 ); font-size: 20px;\">Celem festiwalu jest zwi\u0119kszenie zainteresowania ludzi niezale\u017cn\u0105 tw\u00f3rczo\u015bci\u0105 filmow\u0105, promocja wiedzy o filmie i wzbogacenie islandzkiej kultury filmowej poprzez zaoferowanie zr\u00f3\u017cnicowanego programu i medi\u00f3w.<\/span><\/p>\t\t\t\t\t\t\t\t<\/div>\n\t\t\t\t<\/div>\n\t\t\t\t<div class=\"elementor-element elementor-element-a958220 elementor-widget elementor-widget-image\" data-id=\"a958220\" data-element_type=\"widget\" data-e-type=\"widget\" data-widget_type=\"image.default\">\n\t\t\t\t<div class=\"elementor-widget-container\">\n\t\t\t\t\t\t\t\t\t\t\t\t\t\t\t\t<a href=\"https:\/\/filmfreeway.com\/ReykjavikInternationalFilmFestival\" rel=\"nofollow noopener\" target=\"_blank\">\n\t\t\t\t\t\t\t<img decoding=\"async\" width=\"300\" height=\"56\" src=\"https:\/\/riff.is\/wp-content\/uploads\/2020\/08\/sm_submission_btn@2x-sky-gradient-300x56.png\" class=\"attachment-medium size-medium wp-image-10526\" alt=\"\" srcset=\"https:\/\/riff.is\/wp-content\/uploads\/2020\/08\/sm_submission_btn@2x-sky-gradient-300x56.png 300w, https:\/\/riff.is\/wp-content\/uploads\/2020\/08\/sm_submission_btn@2x-sky-gradient.png 526w\" sizes=\"(max-width: 300px) 100vw, 300px\" title=\"\">\t\t\t\t\t\t\t\t<\/a>\n\t\t\t\t\t\t\t\t\t\t\t\t\t\t\t<\/div>\n\t\t\t\t<\/div>\n\t\t\t\t<div class=\"elementor-element elementor-element-caaccfe elementor-widget elementor-widget-text-editor\" data-id=\"caaccfe\" data-element_type=\"widget\" data-e-type=\"widget\" data-widget_type=\"text-editor.default\">\n\t\t\t\t<div class=\"elementor-widget-container\">\n\t\t\t\t\t\t\t\t\t<p><b>Warunki i postanowienia\u00a0<\/b><\/p><p>Przyjmujemy filmy fabularne, dokumentalne, hybrydowe i animowane dowolnego gatunku, zar\u00f3wno pe\u0142nometra\u017cowe (powy\u017cej 60 minut), jak i kr\u00f3tkometra\u017cowe (poni\u017cej 60 minut).\u00a0<\/p><p>Wszystkie zg\u0142oszone filmy musz\u0105 zosta\u0107 nakr\u0119cone po 1 stycznia 2024 r. Film musi by\u0107 co najmniej premier\u0105 islandzk\u0105 (nie mo\u017ce by\u0107 publicznie wy\u015bwietlany w Islandii przed festiwalem w 2025 r., w tym transmisje o dowolnej d\u0142ugo\u015bci). Film musi by\u0107 w j\u0119zyku angielskim lub mie\u0107 napisy w j\u0119zyku angielskim.\u00a0<\/p><p><b>Op\u0142ata aplikacyjna\u00a0<\/b><\/p><p>Op\u0142ata za przes\u0142anie zdj\u0119cia wynosi 4900 kr dla tych, kt\u00f3rzy zg\u0142osz\u0105 si\u0119 przed 31 marca, w przeciwnym razie wynosi 7600 kr. Termin przesy\u0142ania zdj\u0119\u0107 up\u0142ywa 10 lipca 2025 r.\u00a0<\/p><p>Nale\u017cy pami\u0119ta\u0107, \u017ce op\u0142ata aplikacyjna jest przeznaczana na bezpo\u015brednie funkcjonowanie festiwalu. Op\u0142aty te s\u0105 niezb\u0119dne dla jego trwa\u0142o\u015bci, dlatego nie mo\u017cemy oferowa\u0107 zwolnie\u0144.\u00a0<\/p><p><b>Rozwa\u017cania dotycz\u0105ce porz\u0105dku obrad<\/b>\u00a0<\/p><p>RIFF b\u0119dzie rozwa\u017ca\u0107 zar\u00f3wno filmy mi\u0119dzynarodowe, jak i islandzkie, zar\u00f3wno fabularne, jak i dokumentalne, niezale\u017cnie od d\u0142ugo\u015bci lub tematu. Wszystkie zg\u0142oszenia zostan\u0105 w pe\u0142ni sprawdzone przez nasz zesp\u00f3\u0142 programowy.\u00a0<\/p><p><b>Decyzje dotycz\u0105ce porz\u0105dku obrad\u00a0<\/b><\/p><p>Ostateczn\u0105 decyzj\u0119 w sprawie programu, klasyfikacji i czasu projekcji film\u00f3w podejmie zesp\u00f3\u0142 programowy festiwalu. Ich decyzja jest ostateczna i nie podlega dyskusji. Wnioskodawcy, kt\u00f3rych filmy zostan\u0105 wybrane, otrzymaj\u0105 te informacje w specjalnym li\u015bcie z zaproszeniem.\u00a0<\/p><p>Po otrzymaniu aplikacji nie zostan\u0105 zwr\u00f3cone \u017cadne linki do przegl\u0105dania ani materia\u0142y aplikacyjne. Prosimy nie wysy\u0142a\u0107 kopii swojej aplikacji.\u00a0<\/p><p>Kandydaci, kt\u00f3rzy dostan\u0105 si\u0119 na festiwal, zostan\u0105 r\u00f3wnie\u017c poproszeni o przes\u0142anie materia\u0142\u00f3w promocyjnych do programu, strony internetowej itp. Uczestnicy ponosz\u0105 wy\u0142\u0105czn\u0105 odpowiedzialno\u015b\u0107 za terminowe i prawid\u0142owe przes\u0142anie takich materia\u0142\u00f3w. Oczekuje si\u0119, \u017ce zdj\u0119cia kandydat\u00f3w b\u0119d\u0105 mog\u0142y by\u0107 pokazywane na festiwalu bezp\u0142atnie.\u00a0<\/p><p>Kandydaci, kt\u00f3rzy dostan\u0105 si\u0119 na festiwal, mog\u0105 spodziewa\u0107 si\u0119, \u017ce ich filmy zostan\u0105 wy\u015bwietlone 3-4 razy na festiwalu i 4-5 razy na obszarach wiejskich w miesi\u0105cu nast\u0119puj\u0105cym po RIFF, jako cz\u0119\u015b\u0107 og\u00f3lnokrajowego projektu RIFF. Projekt ma na celu dotarcie do odbiorc\u00f3w, kt\u00f3rzy w przeciwnym razie nie mieliby okazji zobaczy\u0107 programu festiwalu.\u00a0<\/p><p><b>Trzy kategorie konkursowe<\/b>\u00a0<\/p><p>RIFF sk\u0142ada si\u0119 z trzech kategorii konkursowych, w kt\u00f3rych jury wybiera najlepszy film: Visions (dla pierwszego lub drugiego pe\u0142nometra\u017cowego filmu re\u017cysera), Another Future (dla film\u00f3w poruszaj\u0105cych pal\u0105ce problemy spo\u0142eczne) oraz kategorii film\u00f3w kr\u00f3tkometra\u017cowych: Best Icelandic Short Film, Best Foreign Short Film i Golden Egg, przyznawane najlepszemu filmowi kr\u00f3tkometra\u017cowemu z Reykjav\u00edk Talent Lab. Ponadto w konkursie bierze udzia\u0142 szereg innych kategorii pozakonkursowych.\u00a0<\/p><p>Filmy pe\u0142nometra\u017cowe wybrane w kategoriach \u201eWizje\u201d i \u201eInna przysz\u0142o\u015b\u0107\u201d mog\u0105 ubiega\u0107 si\u0119 o Nagrod\u0119 Jury, podobnie jak filmy kr\u00f3tkometra\u017cowe wybrane w kategoriach \u201eFilm kr\u00f3tkometra\u017cowy\u201d.\u00a0<\/p><p><b>Pr\u00f3bki<\/b>\u00a0<\/p><p>Preferowane s\u0105 podgl\u0105dy za po\u015brednictwem Vimeo lub podobnych medi\u00f3w, ale wnioskodawcy mog\u0105 r\u00f3wnie\u017c przes\u0142a\u0107 p\u0142yty DVD lub pami\u0119ci USB. Wszystkie podgl\u0105dy musz\u0105 by\u0107 oznaczone nazw\u0105 filmu i nadawc\u0105. Wnioskodawcy mog\u0105 aplikowa\u0107 z dowoln\u0105 liczb\u0105 film\u00f3w, ale musz\u0105 przes\u0142a\u0107 oddzielne aplikacje i podgl\u0105dy dla ka\u017cdego filmu.<\/p>\t\t\t\t\t\t\t\t<\/div>\n\t\t\t\t<\/div>\n\t\t\t\t<div class=\"elementor-element elementor-element-4f6e8aa elementor-widget elementor-widget-image\" data-id=\"4f6e8aa\" data-element_type=\"widget\" data-e-type=\"widget\" data-widget_type=\"image.default\">\n\t\t\t\t<div class=\"elementor-widget-container\">\n\t\t\t\t\t\t\t\t\t\t\t\t\t\t\t\t<a href=\"https:\/\/filmfreeway.com\/ReykjavikInternationalFilmFestival\" rel=\"nofollow noopener\" target=\"_blank\">\n\t\t\t\t\t\t\t<img decoding=\"async\" width=\"300\" height=\"56\" src=\"https:\/\/riff.is\/wp-content\/uploads\/2020\/08\/sm_submission_btn@2x-sky-gradient-300x56.png\" class=\"attachment-medium size-medium wp-image-10526\" alt=\"\" srcset=\"https:\/\/riff.is\/wp-content\/uploads\/2020\/08\/sm_submission_btn@2x-sky-gradient-300x56.png 300w, https:\/\/riff.is\/wp-content\/uploads\/2020\/08\/sm_submission_btn@2x-sky-gradient.png 526w\" sizes=\"(max-width: 300px) 100vw, 300px\" title=\"\">\t\t\t\t\t\t\t\t<\/a>\n\t\t\t\t\t\t\t\t\t\t\t\t\t\t\t<\/div>\n\t\t\t\t<\/div>\n\t\t\t\t\t<\/div>\n\t\t<\/div>\n\t\t\t\t\t<\/div>\n\t\t<\/section>\n\t\t\t\t<\/div>","protected":false},"excerpt":{"rendered":"<p>Vi\u00f0 opnum fyrir kvikmyndaums\u00f3knir 1. n\u00f3vember 2024!\u00a0 Al\u00fej\u00f3\u00f0leg kvikmyndah\u00e1t\u00ed\u00f0 \u00ed Reykjav\u00edk mun fara fram milli 25. september og 5. okt\u00f3ber 2025 \u00ed 22. skipti\u00f0. Megintilgangur RIFF, st\u00e6rsta kvikmyndavi\u00f0bur\u00f0ar \u00cdslands, er [&hellip;]<\/p>\n","protected":false},"author":893,"featured_media":10648,"parent":0,"menu_order":0,"comment_status":"closed","ping_status":"closed","template":"elementor_header_footer","meta":{"_monsterinsights_skip_tracking":false,"_monsterinsights_sitenote_active":false,"_monsterinsights_sitenote_note":"","_monsterinsights_sitenote_category":0,"_price":"","_stock":"","_tribe_ticket_header":"","_tribe_default_ticket_provider":"","_tribe_ticket_capacity":"0","_ticket_start_date":"","_ticket_end_date":"","_tribe_ticket_show_description":"","_tribe_ticket_show_not_going":false,"_tribe_ticket_use_global_stock":"","_tribe_ticket_global_stock_level":"","_global_stock_mode":"","_global_stock_cap":"","_tribe_rsvp_for_event":"","_tribe_ticket_going_count":"","_tribe_ticket_not_going_count":"","_tribe_tickets_list":"[]","_tribe_ticket_has_attendee_info_fields":false,"footnotes":"","_tec_slr_enabled":"","_tec_slr_layout":""},"class_list":["post-10615","page","type-page","status-publish","has-post-thumbnail","hentry"],"ticketed":false,"_links":{"self":[{"href":"https:\/\/riff.is\/pl\/wp-json\/wp\/v2\/pages\/10615","targetHints":{"allow":["GET"]}}],"collection":[{"href":"https:\/\/riff.is\/pl\/wp-json\/wp\/v2\/pages"}],"about":[{"href":"https:\/\/riff.is\/pl\/wp-json\/wp\/v2\/types\/page"}],"author":[{"embeddable":true,"href":"https:\/\/riff.is\/pl\/wp-json\/wp\/v2\/users\/893"}],"replies":[{"embeddable":true,"href":"https:\/\/riff.is\/pl\/wp-json\/wp\/v2\/comments?post=10615"}],"version-history":[{"count":17,"href":"https:\/\/riff.is\/pl\/wp-json\/wp\/v2\/pages\/10615\/revisions"}],"predecessor-version":[{"id":58016,"href":"https:\/\/riff.is\/pl\/wp-json\/wp\/v2\/pages\/10615\/revisions\/58016"}],"wp:featuredmedia":[{"embeddable":true,"href":"https:\/\/riff.is\/pl\/wp-json\/wp\/v2\/media\/10648"}],"wp:attachment":[{"href":"https:\/\/riff.is\/pl\/wp-json\/wp\/v2\/media?parent=10615"}],"curies":[{"name":"wp","href":"https:\/\/api.w.org\/{rel}","templated":true}]}}