{"id":29457,"date":"2021-10-19T12:54:06","date_gmt":"2021-10-19T12:54:06","guid":{"rendered":"https:\/\/riff.is\/?page_id=29457"},"modified":"2021-10-19T12:55:06","modified_gmt":"2021-10-19T12:55:06","slug":"environmental-agenda","status":"publish","type":"page","link":"https:\/\/riff.is\/pl\/environmental-agenda\/","title":{"rendered":"Agenda \u015arodowiskowa"},"content":{"rendered":"<div data-elementor-type=\"wp-page\" data-elementor-id=\"29457\" class=\"elementor elementor-29457\" data-elementor-post-type=\"page\">\n\t\t\t\t\t\t<section class=\"elementor-section elementor-top-section elementor-element elementor-element-1eeed0c4 elementor-section-height-min-height elementor-section-boxed elementor-section-height-default elementor-section-items-middle\" data-id=\"1eeed0c4\" data-element_type=\"section\" data-e-type=\"section\" data-settings=\"{&quot;background_background&quot;:&quot;classic&quot;}\">\n\t\t\t\t\t\t\t<div class=\"elementor-background-overlay\"><\/div>\n\t\t\t\t\t\t\t<div class=\"elementor-container elementor-column-gap-default\">\n\t\t\t\t\t<div class=\"elementor-column elementor-col-100 elementor-top-column elementor-element elementor-element-7e79519\" data-id=\"7e79519\" data-element_type=\"column\" data-e-type=\"column\">\n\t\t\t<div class=\"elementor-widget-wrap elementor-element-populated\">\n\t\t\t\t\t\t\t<\/div>\n\t\t<\/div>\n\t\t\t\t\t<\/div>\n\t\t<\/section>\n\t\t\t\t<section class=\"elementor-section elementor-top-section elementor-element elementor-element-6a62add0 elementor-section-boxed elementor-section-height-default elementor-section-height-default\" data-id=\"6a62add0\" data-element_type=\"section\" data-e-type=\"section\">\n\t\t\t\t\t\t<div class=\"elementor-container elementor-column-gap-default\">\n\t\t\t\t\t<div class=\"elementor-column elementor-col-100 elementor-top-column elementor-element elementor-element-5529a4c6\" data-id=\"5529a4c6\" data-element_type=\"column\" data-e-type=\"column\">\n\t\t\t<div class=\"elementor-widget-wrap elementor-element-populated\">\n\t\t\t\t\t\t<div class=\"elementor-element elementor-element-917e6e1 elementor-widget elementor-widget-spacer\" data-id=\"917e6e1\" data-element_type=\"widget\" data-e-type=\"widget\" data-widget_type=\"spacer.default\">\n\t\t\t\t<div class=\"elementor-widget-container\">\n\t\t\t\t\t\t\t<div class=\"elementor-spacer\">\n\t\t\t<div class=\"elementor-spacer-inner\"><\/div>\n\t\t<\/div>\n\t\t\t\t\t\t<\/div>\n\t\t\t\t<\/div>\n\t\t\t\t<div class=\"elementor-element elementor-element-7a542a80 elementor-widget elementor-widget-text-editor\" data-id=\"7a542a80\" data-element_type=\"widget\" data-e-type=\"widget\" data-widget_type=\"text-editor.default\">\n\t\t\t\t<div class=\"elementor-widget-container\">\n\t\t\t\t\t\t\t\t\t<p><b>Aby zwalcza\u0107 zmiany klimatyczne, RIFF wprowadzi\u0142 \u015brodki i program ochrony \u015brodowiska, aby sta\u0107 si\u0119 przyjaznym dla \u015brodowiska i zr\u00f3wnowa\u017conym festiwalem filmowym. Zaanga\u017cowanie RIFF w ochron\u0119 \u015brodowiska znajduje odzwierciedlenie w programie, zw\u0142aszcza w sekcji A Different Tomorrow, kt\u00f3ra prezentuje spo\u0142ecznie \u015bwiadome dokumenty na temat kwestii \u015brodowiskowych i praw cz\u0142owieka. Sekcja ta zosta\u0142a za\u0142o\u017cona ponad dziesi\u0119\u0107 lat temu i cieszy si\u0119 coraz wi\u0119kszym zainteresowaniem i popularno\u015bci\u0105 w\u015br\u00f3d lokalnej publiczno\u015bci.\u00a0<span style=\"font-size: 15px; color: var(--ast-global-color-3);\">Aby festiwal na Islandii m\u00f3g\u0142 zmniejszy\u0107 \u015blad w\u0119glowy, musi sprosta\u0107 wyzwaniom geograficznym. Podj\u0119li\u015bmy nast\u0119puj\u0105ce kroki, aby sta\u0107 si\u0119 zielonym przedsi\u0119biorstwem, kt\u00f3rego mantr\u0105 jest: <\/span><span style=\"font-style: inherit; color: var(--ast-global-color-3);\">ograniczaj, poddawaj recyklingowi i wykorzystuj ponownie:\u00a0<\/span><\/b><\/p><h4>Kroki maj\u0105ce na celu zmniejszenie naszego \u015bladu w\u0119glowego, recykling i ponowne wykorzystanie materia\u0142\u00f3w.<\/h4><div>\u00a0<\/div><ul><li>Aby ograniczy\u0107 liczb\u0119 lot\u00f3w, zadbali\u015bmy o po\u0142\u0105czenie podr\u00f3\u017cy naszych zagranicznych go\u015bci z innymi festiwalami, kt\u00f3re odbywaj\u0105 si\u0119 w tym samym czasie.<\/li><li>Broszur\u0119 festiwalow\u0105 drukuje Litr\u00f3f, firma drukarska posiadaj\u0105ca certyfikat Nordic Swan Eco-label, kt\u00f3ra wykorzystuje papier produkowany w spos\u00f3b zr\u00f3wnowa\u017cony i minimalizuje ilo\u015b\u0107 odpad\u00f3w materia\u0142owych w procesie drukowania i odcinania.<\/li><li>Podczas festiwalu pracownicy poruszaj\u0105 si\u0119 po mie\u015bcie przede wszystkim na elektrycznych hulajnogach i rowerach Hopp.<\/li><li>Festiwal ma umow\u0119 o wsp\u00f3\u0142pracy z Aleppo Cafe, piekarni\u0105 na tej samej ulicy co biuro. Biuro festiwalu otrzymuje chleb i ciastka z poprzedniego dnia, kt\u00f3re w przeciwnym razie zosta\u0142yby wyrzucone, w zamian za darmow\u0105 reklam\u0119. To zmniejsza marnowanie \u017cywno\u015bci i zapewnia naszym pracownikom darmowe posi\u0142ki.<\/li><li>Nasz system sprzeda\u017cy bilet\u00f3w zosta\u0142 w znacznym stopniu zdigitalizowany, co pozwoli\u0142o ograniczy\u0107 do minimum zb\u0119dne zu\u017cycie materia\u0142\u00f3w.<\/li><li>Stare torby materia\u0142owe i koszulki s\u0105 ponownie wykorzystywane do rozdawania upomink\u00f3w na festiwalu.<\/li><li>Pozosta\u0142e plakaty wykorzystuje si\u0119 ponownie do tworzenia nowych, co pozwala ograniczy\u0107 ilo\u015b\u0107 papieru.<\/li><li>Ilo\u015b\u0107 materia\u0142\u00f3w informacyjnych i wydruk\u00f3w zosta\u0142a zredukowana i przeniesiona do Internetu, a ich digitalizacja jest wi\u0119ksza ni\u017c kiedykolwiek wcze\u015bniej.<\/li><li>Na terenie obiektu i podczas wydarze\u0144 obowi\u0105zuje zakaz u\u017cywania plastikowych szklanek, sztu\u0107c\u00f3w i toreb plastikowych.<\/li><\/ul><p>Dzi\u0119ki pomocy wszystkich zaanga\u017cowanych, w kolejnych latach uda si\u0119 kontynuowa\u0107 dzia\u0142ania RIFF zwi\u0105zane z ochron\u0105 \u015brodowiska w ramach festiwalu.\u00a0<\/p><p><i>Wyr\u00f3\u017cniony obraz autorstwa: Photo by <a href=\"https:\/\/unsplash.com\/@alextalmon?utm_source=unsplash&amp;utm_medium=referral&amp;utm_content=creditCopyText\" rel=\"nofollow noopener\" target=\"_blank\">Alex Talmon<\/a> NA <a href=\"https:\/\/unsplash.com\/s\/photos\/iceland?utm_source=unsplash&amp;utm_medium=referral&amp;utm_content=creditCopyText\" rel=\"nofollow noopener\" target=\"_blank\">Ods\u0142o\u0144<\/a><\/i><\/p>\t\t\t\t\t\t\t\t<\/div>\n\t\t\t\t<\/div>\n\t\t\t\t\t<\/div>\n\t\t<\/div>\n\t\t\t\t\t<\/div>\n\t\t<\/section>\n\t\t\t\t<\/div>","protected":false},"excerpt":{"rendered":"<p>To combat climate change RIFF has set in place measures and environmental agenda to be an environmentally friendly and sustainable film festival.\u00a0RIFF\u2018s commitment to the environment is reflected in the [&hellip;]<\/p>\n","protected":false},"author":893,"featured_media":29468,"parent":0,"menu_order":0,"comment_status":"closed","ping_status":"closed","template":"elementor_header_footer","meta":{"_monsterinsights_skip_tracking":false,"_monsterinsights_sitenote_active":false,"_monsterinsights_sitenote_note":"","_monsterinsights_sitenote_category":0,"_price":"","_stock":"","_tribe_ticket_header":"","_tribe_default_ticket_provider":"","_tribe_ticket_capacity":"0","_ticket_start_date":"","_ticket_end_date":"","_tribe_ticket_show_description":"","_tribe_ticket_show_not_going":false,"_tribe_ticket_use_global_stock":"","_tribe_ticket_global_stock_level":"","_global_stock_mode":"","_global_stock_cap":"","_tribe_rsvp_for_event":"","_tribe_ticket_going_count":"","_tribe_ticket_not_going_count":"","_tribe_tickets_list":"[]","_tribe_ticket_has_attendee_info_fields":false,"footnotes":"","_tec_slr_enabled":"","_tec_slr_layout":""},"class_list":["post-29457","page","type-page","status-publish","has-post-thumbnail","hentry"],"ticketed":false,"_links":{"self":[{"href":"https:\/\/riff.is\/pl\/wp-json\/wp\/v2\/pages\/29457","targetHints":{"allow":["GET"]}}],"collection":[{"href":"https:\/\/riff.is\/pl\/wp-json\/wp\/v2\/pages"}],"about":[{"href":"https:\/\/riff.is\/pl\/wp-json\/wp\/v2\/types\/page"}],"author":[{"embeddable":true,"href":"https:\/\/riff.is\/pl\/wp-json\/wp\/v2\/users\/893"}],"replies":[{"embeddable":true,"href":"https:\/\/riff.is\/pl\/wp-json\/wp\/v2\/comments?post=29457"}],"version-history":[{"count":5,"href":"https:\/\/riff.is\/pl\/wp-json\/wp\/v2\/pages\/29457\/revisions"}],"predecessor-version":[{"id":29480,"href":"https:\/\/riff.is\/pl\/wp-json\/wp\/v2\/pages\/29457\/revisions\/29480"}],"wp:featuredmedia":[{"embeddable":true,"href":"https:\/\/riff.is\/pl\/wp-json\/wp\/v2\/media\/29468"}],"wp:attachment":[{"href":"https:\/\/riff.is\/pl\/wp-json\/wp\/v2\/media?parent=29457"}],"curies":[{"name":"wp","href":"https:\/\/api.w.org\/{rel}","templated":true}]}}