{"id":40791,"date":"2022-09-12T14:42:17","date_gmt":"2022-09-12T14:42:17","guid":{"rendered":"https:\/\/riff.is\/?page_id=40791"},"modified":"2024-09-24T15:03:13","modified_gmt":"2024-09-24T15:03:13","slug":"vitranir-2","status":"publish","type":"page","link":"https:\/\/riff.is\/pl\/vitranir-2\/","title":{"rendered":"WITRYNY"},"content":{"rendered":"<div data-elementor-type=\"wp-page\" data-elementor-id=\"40791\" class=\"elementor elementor-40791\" data-elementor-post-type=\"page\">\n\t\t\t\t\t\t<section class=\"elementor-section elementor-top-section elementor-element elementor-element-56e8c02 elementor-section-height-min-height elementor-section-boxed elementor-section-height-default elementor-section-items-middle\" data-id=\"56e8c02\" data-element_type=\"section\" data-e-type=\"section\" data-settings=\"{&quot;background_background&quot;:&quot;classic&quot;}\">\n\t\t\t\t\t\t<div class=\"elementor-container elementor-column-gap-default\">\n\t\t\t\t\t<div class=\"elementor-column elementor-col-100 elementor-top-column elementor-element elementor-element-362ab47\" data-id=\"362ab47\" data-element_type=\"column\" data-e-type=\"column\">\n\t\t\t<div class=\"elementor-widget-wrap elementor-element-populated\">\n\t\t\t\t\t\t<div class=\"elementor-element elementor-element-3fb4657 elementor-widget elementor-widget-heading\" data-id=\"3fb4657\" data-element_type=\"widget\" data-e-type=\"widget\" data-widget_type=\"heading.default\">\n\t\t\t\t<div class=\"elementor-widget-container\">\n\t\t\t\t\t<h2 class=\"elementor-heading-title elementor-size-default\">WITRYNY<\/h2>\t\t\t\t<\/div>\n\t\t\t\t<\/div>\n\t\t\t\t\t<\/div>\n\t\t<\/div>\n\t\t\t\t\t<\/div>\n\t\t<\/section>\n\t\t\t\t<section class=\"elementor-section elementor-top-section elementor-element elementor-element-4b639f6 elementor-section-boxed elementor-section-height-default elementor-section-height-default\" data-id=\"4b639f6\" data-element_type=\"section\" data-e-type=\"section\">\n\t\t\t\t\t\t<div class=\"elementor-container elementor-column-gap-default\">\n\t\t\t\t\t<div class=\"elementor-column elementor-col-100 elementor-top-column elementor-element elementor-element-2b0855b\" data-id=\"2b0855b\" data-element_type=\"column\" data-e-type=\"column\">\n\t\t\t<div class=\"elementor-widget-wrap elementor-element-populated\">\n\t\t\t\t\t\t<div class=\"elementor-element elementor-element-d50e460 elementor-widget elementor-widget-heading\" data-id=\"d50e460\" data-element_type=\"widget\" data-e-type=\"widget\" data-widget_type=\"heading.default\">\n\t\t\t\t<div class=\"elementor-widget-container\">\n\t\t\t\t\t<h2 class=\"elementor-heading-title elementor-size-default\">Wizje<\/h2>\t\t\t\t<\/div>\n\t\t\t\t<\/div>\n\t\t\t\t<div class=\"elementor-element elementor-element-80648da elementor-widget elementor-widget-text-editor\" data-id=\"80648da\" data-element_type=\"widget\" data-e-type=\"widget\" data-widget_type=\"text-editor.default\">\n\t\t\t\t<div class=\"elementor-widget-container\">\n\t\t\t\t\t\t\t\t\t<p>W konkursie nowi re\u017cyserzy prezentuj\u0105 sw\u00f3j pierwszy lub drugi film i walcz\u0105 o g\u0142\u00f3wn\u0105 nagrod\u0119 festiwalu, Golden Puffin. Filmy te podwa\u017caj\u0105 powszechnie akceptowane warto\u015bci w tworzeniu film\u00f3w i wskazuj\u0105 drog\u0119 do przysz\u0142o\u015bci kina.<\/p>\t\t\t\t\t\t\t\t<\/div>\n\t\t\t\t<\/div>\n\t\t\t\t\t<\/div>\n\t\t<\/div>\n\t\t\t\t\t<\/div>\n\t\t<\/section>\n\t\t\t\t<section class=\"elementor-section elementor-top-section elementor-element elementor-element-5ecadef elementor-section-boxed elementor-section-height-default elementor-section-height-default\" data-id=\"5ecadef\" data-element_type=\"section\" data-e-type=\"section\">\n\t\t\t\t\t\t<div class=\"elementor-container elementor-column-gap-default\">\n\t\t\t\t\t<div class=\"elementor-column elementor-col-100 elementor-top-column elementor-element elementor-element-d1de7a9\" data-id=\"d1de7a9\" data-element_type=\"column\" data-e-type=\"column\">\n\t\t\t<div class=\"elementor-widget-wrap elementor-element-populated\">\n\t\t\t\t\t\t<section class=\"elementor-section elementor-inner-section elementor-element elementor-element-41f0dbc elementor-section-boxed elementor-section-height-default elementor-section-height-default\" data-id=\"41f0dbc\" data-element_type=\"section\" data-e-type=\"section\">\n\t\t\t\t\t\t<div class=\"elementor-container elementor-column-gap-default\">\n\t\t\t\t\t<div class=\"elementor-column elementor-col-100 elementor-inner-column elementor-element elementor-element-8d9ca97\" data-id=\"8d9ca97\" data-element_type=\"column\" data-e-type=\"column\">\n\t\t\t<div class=\"elementor-widget-wrap elementor-element-populated\">\n\t\t\t\t\t\t<section class=\"elementor-section elementor-inner-section elementor-element elementor-element-a0a8741 elementor-section-boxed elementor-section-height-default elementor-section-height-default\" data-id=\"a0a8741\" data-element_type=\"section\" data-e-type=\"section\">\n\t\t\t\t\t\t<div class=\"elementor-container elementor-column-gap-default\">\n\t\t\t\t\t<div class=\"elementor-column elementor-col-50 elementor-inner-column elementor-element elementor-element-5377b92\" data-id=\"5377b92\" data-element_type=\"column\" data-e-type=\"column\">\n\t\t\t<div class=\"elementor-widget-wrap elementor-element-populated\">\n\t\t\t\t\t\t<div class=\"elementor-element elementor-element-6700372 elementor-widget elementor-widget-image\" data-id=\"6700372\" data-element_type=\"widget\" data-e-type=\"widget\" data-widget_type=\"image.default\">\n\t\t\t\t<div class=\"elementor-widget-container\">\n\t\t\t\t\t\t\t\t\t\t\t\t\t\t\t<img fetchpriority=\"high\" decoding=\"async\" width=\"800\" height=\"450\" src=\"https:\/\/riff.is\/wp-content\/uploads\/2024\/09\/photo_2.jpg\" class=\"attachment-large size-large wp-image-56395\" alt=\"Loveable\" title=\"\">\t\t\t\t\t\t\t\t\t\t\t\t\t\t\t<\/div>\n\t\t\t\t<\/div>\n\t\t\t\t<div class=\"elementor-element elementor-element-d13fbdc elementor-widget elementor-widget-heading\" data-id=\"d13fbdc\" data-element_type=\"widget\" data-e-type=\"widget\" data-widget_type=\"heading.default\">\n\t\t\t\t<div class=\"elementor-widget-container\">\n\t\t\t\t\t<h2 class=\"elementor-heading-title elementor-size-default\"><b> Urocza<\/b> <br>(Lilja Ingolfsdottir, Norwegia 2024)<\/h2>\t\t\t\t<\/div>\n\t\t\t\t<\/div>\n\t\t\t\t<div class=\"elementor-element elementor-element-9d7a7e5 elementor-widget__width-initial elementor-widget elementor-widget-image\" data-id=\"9d7a7e5\" data-element_type=\"widget\" data-e-type=\"widget\" data-widget_type=\"image.default\">\n\t\t\t\t<div class=\"elementor-widget-container\">\n\t\t\t\t\t\t\t\t\t\t\t\t\t\t\t<img decoding=\"async\" width=\"800\" height=\"332\" src=\"https:\/\/riff.is\/wp-content\/uploads\/2024\/09\/still-4.jpg\" class=\"attachment-large size-large wp-image-56854\" alt=\"Eat the Night\" title=\"\">\t\t\t\t\t\t\t\t\t\t\t\t\t\t\t<\/div>\n\t\t\t\t<\/div>\n\t\t\t\t<div class=\"elementor-element elementor-element-6ee20a4 elementor-widget elementor-widget-heading\" data-id=\"6ee20a4\" data-element_type=\"widget\" data-e-type=\"widget\" data-widget_type=\"heading.default\">\n\t\t\t\t<div class=\"elementor-widget-container\">\n\t\t\t\t\t<h2 class=\"elementor-heading-title elementor-size-default\"><b>Zjedz noc<\/b><br>(Caroline Poggi, Jonathan Vinel, Francja 2024)<\/h2>\t\t\t\t<\/div>\n\t\t\t\t<\/div>\n\t\t\t\t\t<\/div>\n\t\t<\/div>\n\t\t\t\t<div class=\"elementor-column elementor-col-50 elementor-inner-column elementor-element elementor-element-1bd07dd\" data-id=\"1bd07dd\" data-element_type=\"column\" data-e-type=\"column\">\n\t\t\t<div class=\"elementor-widget-wrap elementor-element-populated\">\n\t\t\t\t\t\t<div class=\"elementor-element elementor-element-88805ff elementor-widget__width-initial elementor-widget elementor-widget-image\" data-id=\"88805ff\" data-element_type=\"widget\" data-e-type=\"widget\" data-widget_type=\"image.default\">\n\t\t\t\t<div class=\"elementor-widget-container\">\n\t\t\t\t\t\t\t\t\t\t\t\t\t\t\t<img decoding=\"async\" width=\"800\" height=\"605\" src=\"https:\/\/riff.is\/wp-content\/uploads\/2024\/09\/riff-2024-78-dana-still-hi-res-0-2263564.png\" class=\"attachment-large size-large wp-image-56853\" alt=\"78 Days\" title=\"\">\t\t\t\t\t\t\t\t\t\t\t\t\t\t\t<\/div>\n\t\t\t\t<\/div>\n\t\t\t\t<div class=\"elementor-element elementor-element-f2f72ac elementor-widget elementor-widget-heading\" data-id=\"f2f72ac\" data-element_type=\"widget\" data-e-type=\"widget\" data-widget_type=\"heading.default\">\n\t\t\t\t<div class=\"elementor-widget-container\">\n\t\t\t\t\t<h2 class=\"elementor-heading-title elementor-size-default\"><b>78 dni <\/b><br>(Emilija Ga\u0161i\u0107, Serbia, Bo\u015bnia i Hercegowina 2024)\n<\/h2>\t\t\t\t<\/div>\n\t\t\t\t<\/div>\n\t\t\t\t<div class=\"elementor-element elementor-element-e657713 elementor-widget__width-initial elementor-widget elementor-widget-image\" data-id=\"e657713\" data-element_type=\"widget\" data-e-type=\"widget\" data-widget_type=\"image.default\">\n\t\t\t\t<div class=\"elementor-widget-container\">\n\t\t\t\t\t\t\t\t\t\t\t\t\t\t\t<img loading=\"lazy\" decoding=\"async\" width=\"800\" height=\"450\" src=\"https:\/\/riff.is\/wp-content\/uploads\/2024\/09\/riff-2024-pepe-still-hi-res-0-2279150-scaled.png\" class=\"attachment-large size-large wp-image-56859\" alt=\"\" title=\"\">\t\t\t\t\t\t\t\t\t\t\t\t\t\t\t<\/div>\n\t\t\t\t<\/div>\n\t\t\t\t<div class=\"elementor-element elementor-element-aaef637 elementor-widget elementor-widget-heading\" data-id=\"aaef637\" data-element_type=\"widget\" data-e-type=\"widget\" data-widget_type=\"heading.default\">\n\t\t\t\t<div class=\"elementor-widget-container\">\n\t\t\t\t\t<h2 class=\"elementor-heading-title elementor-size-default\"><b>Pepe<\/b><br>(Nelson Carlos De Los Santos Arias, Dominikana, Namibia, Niemcy, Francja 2024)<\/h2>\t\t\t\t<\/div>\n\t\t\t\t<\/div>\n\t\t\t\t\t<\/div>\n\t\t<\/div>\n\t\t\t\t\t<\/div>\n\t\t<\/section>\n\t\t\t\t\t<\/div>\n\t\t<\/div>\n\t\t\t\t\t<\/div>\n\t\t<\/section>\n\t\t\t\t<section class=\"elementor-section elementor-inner-section elementor-element elementor-element-68f3b01 elementor-section-boxed elementor-section-height-default elementor-section-height-default\" data-id=\"68f3b01\" data-element_type=\"section\" data-e-type=\"section\">\n\t\t\t\t\t\t<div class=\"elementor-container elementor-column-gap-default\">\n\t\t\t\t\t<div class=\"elementor-column elementor-col-100 elementor-inner-column elementor-element elementor-element-e128b95\" data-id=\"e128b95\" data-element_type=\"column\" data-e-type=\"column\">\n\t\t\t<div class=\"elementor-widget-wrap elementor-element-populated\">\n\t\t\t\t\t\t<section class=\"elementor-section elementor-inner-section elementor-element elementor-element-0318871 elementor-section-boxed elementor-section-height-default elementor-section-height-default\" data-id=\"0318871\" data-element_type=\"section\" data-e-type=\"section\">\n\t\t\t\t\t\t<div class=\"elementor-container elementor-column-gap-default\">\n\t\t\t\t\t<div class=\"elementor-column elementor-col-50 elementor-inner-column elementor-element elementor-element-140f6fe\" data-id=\"140f6fe\" data-element_type=\"column\" data-e-type=\"column\">\n\t\t\t<div class=\"elementor-widget-wrap elementor-element-populated\">\n\t\t\t\t\t\t<div class=\"elementor-element elementor-element-aba1f97 elementor-widget__width-initial elementor-widget elementor-widget-image\" data-id=\"aba1f97\" data-element_type=\"widget\" data-e-type=\"widget\" data-widget_type=\"image.default\">\n\t\t\t\t<div class=\"elementor-widget-container\">\n\t\t\t\t\t\t\t\t\t\t\t\t\t\t\t<img loading=\"lazy\" decoding=\"async\" width=\"800\" height=\"432\" src=\"https:\/\/riff.is\/wp-content\/uploads\/2024\/09\/riff-2024-super-happy-forever-poster-hi-res-0-2321751.jpeg\" class=\"attachment-large size-large wp-image-56864\" alt=\"Super Happy Forever\" title=\"\">\t\t\t\t\t\t\t\t\t\t\t\t\t\t\t<\/div>\n\t\t\t\t<\/div>\n\t\t\t\t<div class=\"elementor-element elementor-element-d68756d elementor-widget elementor-widget-heading\" data-id=\"d68756d\" data-element_type=\"widget\" data-e-type=\"widget\" data-widget_type=\"heading.default\">\n\t\t\t\t<div class=\"elementor-widget-container\">\n\t\t\t\t\t<h2 class=\"elementor-heading-title elementor-size-default\"><b> Super Szcz\u0119\u015bliwy Na Zawsze<\/b> <br>(Igarashi Kohei, Francja, Japonia 2024)<\/h2>\t\t\t\t<\/div>\n\t\t\t\t<\/div>\n\t\t\t\t<div class=\"elementor-element elementor-element-f676bd1 elementor-widget__width-initial elementor-widget elementor-widget-image\" data-id=\"f676bd1\" data-element_type=\"widget\" data-e-type=\"widget\" data-widget_type=\"image.default\">\n\t\t\t\t<div class=\"elementor-widget-container\">\n\t\t\t\t\t\t\t\t\t\t\t\t\t\t\t<img loading=\"lazy\" decoding=\"async\" width=\"800\" height=\"542\" src=\"https:\/\/riff.is\/wp-content\/uploads\/2024\/09\/riff-2024-viet-and-nam-still-hi-res-0-2300213.jpeg\" class=\"attachment-large size-large wp-image-56872\" alt=\"Viet and Nam\" title=\"\">\t\t\t\t\t\t\t\t\t\t\t\t\t\t\t<\/div>\n\t\t\t\t<\/div>\n\t\t\t\t<div class=\"elementor-element elementor-element-d3eebfe elementor-widget elementor-widget-heading\" data-id=\"d3eebfe\" data-element_type=\"widget\" data-e-type=\"widget\" data-widget_type=\"heading.default\">\n\t\t\t\t<div class=\"elementor-widget-container\">\n\t\t\t\t\t<h2 class=\"elementor-heading-title elementor-size-default\"><b>Wietnam i Nam<\/b><br>(TRUONG Minh Qu\u00fd, Filipiny, Singapur, Francja, Holandia, W\u0142ochy, Niemcy 2024)<\/h2>\t\t\t\t<\/div>\n\t\t\t\t<\/div>\n\t\t\t\t\t<\/div>\n\t\t<\/div>\n\t\t\t\t<div class=\"elementor-column elementor-col-50 elementor-inner-column elementor-element elementor-element-ec0fed9\" data-id=\"ec0fed9\" data-element_type=\"column\" data-e-type=\"column\">\n\t\t\t<div class=\"elementor-widget-wrap elementor-element-populated\">\n\t\t\t\t\t\t<div class=\"elementor-element elementor-element-1174e65 elementor-widget__width-initial elementor-widget elementor-widget-image\" data-id=\"1174e65\" data-element_type=\"widget\" data-e-type=\"widget\" data-widget_type=\"image.default\">\n\t\t\t\t<div class=\"elementor-widget-container\">\n\t\t\t\t\t\t\t\t\t\t\t\t\t\t\t<img loading=\"lazy\" decoding=\"async\" width=\"800\" height=\"533\" src=\"https:\/\/riff.is\/wp-content\/uploads\/2024\/09\/riff-2024-toxic-still-hi-res-0-2324692.jpeg\" class=\"attachment-large size-large wp-image-56868\" alt=\"Toxic\" title=\"\">\t\t\t\t\t\t\t\t\t\t\t\t\t\t\t<\/div>\n\t\t\t\t<\/div>\n\t\t\t\t<div class=\"elementor-element elementor-element-e353623 elementor-widget elementor-widget-heading\" data-id=\"e353623\" data-element_type=\"widget\" data-e-type=\"widget\" data-widget_type=\"heading.default\">\n\t\t\t\t<div class=\"elementor-widget-container\">\n\t\t\t\t\t<h2 class=\"elementor-heading-title elementor-size-default\"><b>Toksyczny <\/b><br>(Saul\u0117 Bliuvait\u0117, Litwa 2024)\n<\/h2>\t\t\t\t<\/div>\n\t\t\t\t<\/div>\n\t\t\t\t<div class=\"elementor-element elementor-element-6afcff3 elementor-widget__width-initial elementor-widget elementor-widget-image\" data-id=\"6afcff3\" data-element_type=\"widget\" data-e-type=\"widget\" data-widget_type=\"image.default\">\n\t\t\t\t<div class=\"elementor-widget-container\">\n\t\t\t\t\t\t\t\t\t\t\t\t\t\t\t<img loading=\"lazy\" decoding=\"async\" width=\"800\" height=\"432\" src=\"https:\/\/riff.is\/wp-content\/uploads\/2024\/09\/VIttoria_new_02.jpg\" class=\"attachment-large size-large wp-image-56876\" alt=\"Vittoria\" title=\"\">\t\t\t\t\t\t\t\t\t\t\t\t\t\t\t<\/div>\n\t\t\t\t<\/div>\n\t\t\t\t<div class=\"elementor-element elementor-element-147ae33 elementor-widget elementor-widget-heading\" data-id=\"147ae33\" data-element_type=\"widget\" data-e-type=\"widget\" data-widget_type=\"heading.default\">\n\t\t\t\t<div class=\"elementor-widget-container\">\n\t\t\t\t\t<h2 class=\"elementor-heading-title elementor-size-default\"><b>Wiktoria <\/b><br>(Alessandro Cassigoligoli, Casey Kayman, W\u0142ochy 2024)<\/h2>\t\t\t\t<\/div>\n\t\t\t\t<\/div>\n\t\t\t\t\t<\/div>\n\t\t<\/div>\n\t\t\t\t\t<\/div>\n\t\t<\/section>\n\t\t\t\t\t<\/div>\n\t\t<\/div>\n\t\t\t\t\t<\/div>\n\t\t<\/section>\n\t\t\t\t\t<\/div>\n\t\t<\/div>\n\t\t\t\t\t<\/div>\n\t\t<\/section>\n\t\t\t\t<\/div>","protected":false},"excerpt":{"rendered":"<p>VITRANIR Vitranir \u00cd vitrunum tefla n\u00fdir leikstj\u00f3rar fram sinni fyrstu e\u00f0a annarri mynd og keppa um a\u00f0alver\u00f0laun h\u00e1t\u00ed\u00f0arinnar, Gullna lundann. \u00deessar myndir \u00f6gra vi\u00f0teknum gildum \u00ed kvikmyndager\u00f0 og v\u00edsa veg [&hellip;]<\/p>\n","protected":false},"author":893,"featured_media":0,"parent":0,"menu_order":0,"comment_status":"closed","ping_status":"closed","template":"","meta":{"_monsterinsights_skip_tracking":false,"_monsterinsights_sitenote_active":false,"_monsterinsights_sitenote_note":"","_monsterinsights_sitenote_category":0,"_price":"","_stock":"","_tribe_ticket_header":"","_tribe_default_ticket_provider":"","_tribe_ticket_capacity":"0","_ticket_start_date":"","_ticket_end_date":"","_tribe_ticket_show_description":"","_tribe_ticket_show_not_going":false,"_tribe_ticket_use_global_stock":"","_tribe_ticket_global_stock_level":"","_global_stock_mode":"","_global_stock_cap":"","_tribe_rsvp_for_event":"","_tribe_ticket_going_count":"","_tribe_ticket_not_going_count":"","_tribe_tickets_list":"[]","_tribe_ticket_has_attendee_info_fields":false,"footnotes":"","_tec_slr_enabled":"","_tec_slr_layout":""},"class_list":["post-40791","page","type-page","status-publish","hentry"],"ticketed":false,"_links":{"self":[{"href":"https:\/\/riff.is\/pl\/wp-json\/wp\/v2\/pages\/40791","targetHints":{"allow":["GET"]}}],"collection":[{"href":"https:\/\/riff.is\/pl\/wp-json\/wp\/v2\/pages"}],"about":[{"href":"https:\/\/riff.is\/pl\/wp-json\/wp\/v2\/types\/page"}],"author":[{"embeddable":true,"href":"https:\/\/riff.is\/pl\/wp-json\/wp\/v2\/users\/893"}],"replies":[{"embeddable":true,"href":"https:\/\/riff.is\/pl\/wp-json\/wp\/v2\/comments?post=40791"}],"version-history":[{"count":5,"href":"https:\/\/riff.is\/pl\/wp-json\/wp\/v2\/pages\/40791\/revisions"}],"predecessor-version":[{"id":57100,"href":"https:\/\/riff.is\/pl\/wp-json\/wp\/v2\/pages\/40791\/revisions\/57100"}],"wp:attachment":[{"href":"https:\/\/riff.is\/pl\/wp-json\/wp\/v2\/media?parent=40791"}],"curies":[{"name":"wp","href":"https:\/\/api.w.org\/{rel}","templated":true}]}}