{"id":41836,"date":"2022-09-19T16:06:27","date_gmt":"2022-09-19T16:06:27","guid":{"rendered":"https:\/\/riff.is\/?page_id=41836"},"modified":"2023-06-22T09:24:45","modified_gmt":"2023-06-22T09:24:45","slug":"umhverfisvernd","status":"publish","type":"page","link":"https:\/\/riff.is\/pl\/umhverfisvernd\/","title":{"rendered":"Ochrona \u015brodowiska"},"content":{"rendered":"<div data-elementor-type=\"wp-page\" data-elementor-id=\"41836\" class=\"elementor elementor-41836\" data-elementor-post-type=\"page\">\n\t\t\t\t\t\t<section class=\"elementor-section elementor-top-section elementor-element elementor-element-cede90b elementor-section-height-min-height elementor-section-boxed elementor-section-height-default elementor-section-items-middle\" data-id=\"cede90b\" data-element_type=\"section\" data-e-type=\"section\" data-settings=\"{&quot;background_background&quot;:&quot;classic&quot;}\">\n\t\t\t\t\t\t\t<div class=\"elementor-background-overlay\"><\/div>\n\t\t\t\t\t\t\t<div class=\"elementor-container elementor-column-gap-default\">\n\t\t\t\t\t<div class=\"elementor-column elementor-col-100 elementor-top-column elementor-element elementor-element-8030dba\" data-id=\"8030dba\" data-element_type=\"column\" data-e-type=\"column\">\n\t\t\t<div class=\"elementor-widget-wrap elementor-element-populated\">\n\t\t\t\t\t\t<div class=\"elementor-element elementor-element-dc096b2 elementor-widget elementor-widget-heading\" data-id=\"dc096b2\" data-element_type=\"widget\" data-e-type=\"widget\" data-widget_type=\"heading.default\">\n\t\t\t\t<div class=\"elementor-widget-container\">\n\t\t\t\t\t<h1 class=\"elementor-heading-title elementor-size-default\">Ochrona \u015brodowiska<\/h1>\t\t\t\t<\/div>\n\t\t\t\t<\/div>\n\t\t\t\t\t<\/div>\n\t\t<\/div>\n\t\t\t\t\t<\/div>\n\t\t<\/section>\n\t\t\t\t<section class=\"elementor-section elementor-top-section elementor-element elementor-element-046f9a1 elementor-section-boxed elementor-section-height-default elementor-section-height-default\" data-id=\"046f9a1\" data-element_type=\"section\" data-e-type=\"section\">\n\t\t\t\t\t\t<div class=\"elementor-container elementor-column-gap-default\">\n\t\t\t\t\t<div class=\"elementor-column elementor-col-100 elementor-top-column elementor-element elementor-element-e9eb1db\" data-id=\"e9eb1db\" data-element_type=\"column\" data-e-type=\"column\">\n\t\t\t<div class=\"elementor-widget-wrap elementor-element-populated\">\n\t\t\t\t\t\t<div class=\"elementor-element elementor-element-20ce9ea elementor-widget elementor-widget-text-editor\" data-id=\"20ce9ea\" data-element_type=\"widget\" data-e-type=\"widget\" data-widget_type=\"text-editor.default\">\n\t\t\t\t<div class=\"elementor-widget-container\">\n\t\t\t\t\t\t\t\t\t<p class=\"translation-block\">RIFF, Mi\u0119dzynarodowy Festiwal Filmowy w Reykjaviku, chce by\u0107 na czele festiwali kulturalnych, uwzgl\u0119dniaj\u0105c ochron\u0119 \u015brodowiska i zr\u00f3wnowa\u017cony rozw\u00f3j w swojej nowej strategii i zmienionych akcentach w swojej pracy we wsp\u00f3\u0142pracy z wieloma partnerami festiwalu. W\u015br\u00f3d rzeczy, kt\u00f3re RIFF planuje zrobi\u0107 w tym roku, jest ograniczenie zanieczyszczaj\u0105cych \u015brodowisko podr\u00f3\u017cy ze swoimi partnerami, wypo\u017cyczalni\u0105 samochod\u00f3w <a href=\"https:\/\/www.hertz.is\/\" target=\"_self\">Hertz<\/a> , wypo\u017cyczalni\u0105 skuter\u00f3w <a href=\"https:\/\/hopp.bike\/\" target=\"_self\">Hopp<\/a> i <a href=\"https:\/\/straeto.is\/\" target=\"_self\">Str\u00e6t\u00f3<\/a> bs oraz w materia\u0142ach drukowanych z drukarni\u0105 <a href=\"https:\/\/www.isafold.is\/\" target=\"_blank\">\u00cdsafold<\/a> i poprzez u\u017cywanie koszulek dla personelu i go\u015bci wykonanych z materia\u0142u bawe\u0142nianego 100%. Drzewa zostan\u0105 r\u00f3wnie\u017c posadzone, aby zrekompensowa\u0107 emisj\u0119 dwutlenku w\u0119gla dla ka\u017cdego pasa\u017cera samolotu wracaj\u0105cego do domu z festiwalu. Ochrona \u015brodowiska jest celem RIFF we wsp\u00f3\u0142pracy z sze\u015bcioma innymi festiwalami filmowymi w Europie, a programy festiwalu promuj\u0105ce \u015bwiadomo\u015b\u0107 ekologiczn\u0105 zosta\u0142y wzmocnione.<\/p>\n<p class=\"translation-block\">\u201eZach\u0119camy go\u015bci festiwalowych i mi\u0142o\u015bnik\u00f3w film\u00f3w do uwzgl\u0119dnienia kwestii \u015brodowiska w swoich nawykach podr\u00f3\u017cniczych i wsp\u00f3\u0142pracy z nami nad t\u0105 polityk\u0105. Zagraniczni go\u015bcie r\u00f3wnie\u017c wybieraj\u0105 si\u0119 do Hei\u00f0m\u00f6rk i do\u0142\u0105czaj\u0105 do re\u017cysera <b>Benedikta Erlingssona<\/b> w sadzeniu i piel\u0119gnowaniu specjalnego lasu filmowego, kt\u00f3ry zosta\u0142 specjalnie utworzony w celu zmniejszenia wp\u0142ywu przemys\u0142u filmowego na \u015brodowisko. Pomys\u0142 jest taki, aby jego cz\u0119\u015b\u0107 nazywa\u0142a si\u0119 lasem RIFF\u201d \u2014 m\u00f3wi <b>Hr\u00f6nn Marin\u00f3sd\u00f3ttir<\/b> , dyrektor RIFF.<\/p>\t\t\t\t\t\t\t\t<\/div>\n\t\t\t\t<\/div>\n\t\t\t\t\t<\/div>\n\t\t<\/div>\n\t\t\t\t\t<\/div>\n\t\t<\/section>\n\t\t\t\t<\/div>","protected":false},"excerpt":{"rendered":"<p>Umhverfisvernd RIFF, Al\u00fej\u00f3\u00f0leg kvikmyndah\u00e1t\u00ed\u00f0 \u00ed Reykjav\u00edk vill vera \u00ed fararbroddi menningarh\u00e1t\u00ed\u00f0a me\u00f0 umhverfisvernd og sj\u00e1lfb\u00e6rni \u00ed n\u00fdrri stefnu sinni og breyttum \u00e1herslum \u00ed st\u00f6rfum \u00ed samvinnu vi\u00f0 marga samstarfsf\u00e9laga h\u00e1t\u00ed\u00f0arinnar. [&hellip;]<\/p>\n","protected":false},"author":893,"featured_media":39811,"parent":0,"menu_order":0,"comment_status":"closed","ping_status":"closed","template":"","meta":{"_monsterinsights_skip_tracking":false,"_monsterinsights_sitenote_active":false,"_monsterinsights_sitenote_note":"","_monsterinsights_sitenote_category":0,"_price":"","_stock":"","_tribe_ticket_header":"","_tribe_default_ticket_provider":"","_tribe_ticket_capacity":"0","_ticket_start_date":"","_ticket_end_date":"","_tribe_ticket_show_description":"","_tribe_ticket_show_not_going":false,"_tribe_ticket_use_global_stock":"","_tribe_ticket_global_stock_level":"","_global_stock_mode":"","_global_stock_cap":"","_tribe_rsvp_for_event":"","_tribe_ticket_going_count":"","_tribe_ticket_not_going_count":"","_tribe_tickets_list":"[]","_tribe_ticket_has_attendee_info_fields":false,"footnotes":"","_tec_slr_enabled":"","_tec_slr_layout":""},"class_list":["post-41836","page","type-page","status-publish","has-post-thumbnail","hentry"],"ticketed":false,"_links":{"self":[{"href":"https:\/\/riff.is\/pl\/wp-json\/wp\/v2\/pages\/41836","targetHints":{"allow":["GET"]}}],"collection":[{"href":"https:\/\/riff.is\/pl\/wp-json\/wp\/v2\/pages"}],"about":[{"href":"https:\/\/riff.is\/pl\/wp-json\/wp\/v2\/types\/page"}],"author":[{"embeddable":true,"href":"https:\/\/riff.is\/pl\/wp-json\/wp\/v2\/users\/893"}],"replies":[{"embeddable":true,"href":"https:\/\/riff.is\/pl\/wp-json\/wp\/v2\/comments?post=41836"}],"version-history":[{"count":5,"href":"https:\/\/riff.is\/pl\/wp-json\/wp\/v2\/pages\/41836\/revisions"}],"predecessor-version":[{"id":47092,"href":"https:\/\/riff.is\/pl\/wp-json\/wp\/v2\/pages\/41836\/revisions\/47092"}],"wp:featuredmedia":[{"embeddable":true,"href":"https:\/\/riff.is\/pl\/wp-json\/wp\/v2\/media\/39811"}],"wp:attachment":[{"href":"https:\/\/riff.is\/pl\/wp-json\/wp\/v2\/media?parent=41836"}],"curies":[{"name":"wp","href":"https:\/\/api.w.org\/{rel}","templated":true}]}}