{"id":57925,"date":"2024-10-15T00:05:12","date_gmt":"2024-10-15T00:05:12","guid":{"rendered":"https:\/\/riff.is\/?page_id=57925"},"modified":"2025-04-25T12:22:18","modified_gmt":"2025-04-25T12:22:18","slug":"apply-now","status":"publish","type":"page","link":"https:\/\/riff.is\/pl\/apply-now\/","title":{"rendered":"Z\u0142\u00f3\u017c wniosek teraz"},"content":{"rendered":"<div data-elementor-type=\"wp-page\" data-elementor-id=\"57925\" class=\"elementor elementor-57925\" data-elementor-post-type=\"page\">\n\t\t\t\t\t\t<section class=\"elementor-section elementor-top-section elementor-element elementor-element-7ea3c14 elementor-section-boxed elementor-section-height-default elementor-section-height-default\" data-id=\"7ea3c14\" data-element_type=\"section\" data-e-type=\"section\">\n\t\t\t\t\t\t<div class=\"elementor-container elementor-column-gap-default\">\n\t\t\t\t\t<div class=\"elementor-column elementor-col-100 elementor-top-column elementor-element elementor-element-ad23d39\" data-id=\"ad23d39\" data-element_type=\"column\" data-e-type=\"column\">\n\t\t\t<div class=\"elementor-widget-wrap elementor-element-populated\">\n\t\t\t\t\t\t<div class=\"elementor-element elementor-element-dbcc6c0 elementor-widget elementor-widget-heading\" data-id=\"dbcc6c0\" data-element_type=\"widget\" data-e-type=\"widget\" data-widget_type=\"heading.default\">\n\t\t\t\t<div class=\"elementor-widget-container\">\n\t\t\t\t\t<h2 class=\"elementor-heading-title elementor-size-default\">Z\u0141\u00d3\u017b WNIOSEK<\/h2>\t\t\t\t<\/div>\n\t\t\t\t<\/div>\n\t\t\t\t\t<\/div>\n\t\t<\/div>\n\t\t\t\t\t<\/div>\n\t\t<\/section>\n\t\t\t\t<section class=\"elementor-section elementor-top-section elementor-element elementor-element-6be38a5a elementor-section-boxed elementor-section-height-default elementor-section-height-default\" data-id=\"6be38a5a\" data-element_type=\"section\" data-e-type=\"section\">\n\t\t\t\t\t\t<div class=\"elementor-container elementor-column-gap-default\">\n\t\t\t\t\t<div class=\"elementor-column elementor-col-100 elementor-top-column elementor-element elementor-element-6e2f5be6\" data-id=\"6e2f5be6\" data-element_type=\"column\" data-e-type=\"column\">\n\t\t\t<div class=\"elementor-widget-wrap elementor-element-populated\">\n\t\t\t\t\t\t<div class=\"elementor-element elementor-element-66c3e733 elementor-widget__width-initial elementor-widget elementor-widget-text-editor\" data-id=\"66c3e733\" data-element_type=\"widget\" data-e-type=\"widget\" data-widget_type=\"text-editor.default\">\n\t\t\t\t<div class=\"elementor-widget-container\">\n\t\t\t\t\t\t\t\t\t<p>Mi\u0119dzynarodowy Festiwal Filmowy w Reykjav\u00edku odb\u0119dzie si\u0119 w dniach 25 wrze\u015bnia \u2013 5 pa\u017adziernika 2025 roku po raz 22.<\/p><p>G\u0142\u00f3wnym celem RIFF, najwi\u0119kszego festiwalu filmowego na Islandii, jest oferowanie zr\u00f3\u017cnicowanego wyboru film\u00f3w progresywnych oraz promowanie m\u0142odych i ambitnych filmowc\u00f3w poprzez wy\u015bwietlanie wy\u0142\u0105cznie ich pierwszych lub drugich pe\u0142nometra\u017cowych film\u00f3w w naszej g\u0142\u00f3wnej kategorii konkursowej, Vitrunar. Celem festiwalu jest zwi\u0119kszenie zainteresowania ludzi niezale\u017cnym filmowaniem, promowanie wiedzy filmowej i wzbogacanie islandzkiej kultury filmowej poprzez oferowanie zr\u00f3\u017cnicowanego programu i medi\u00f3w.<\/p><p><span style=\"font-weight: 400;\">Tutaj znajdziesz informacje na temat przesy\u0142ania film\u00f3w, akredytacji dziennikarskich lub bran\u017cowych oraz aplikowania do RIFF Talent Lab.\u00a0<\/span><\/p>\t\t\t\t\t\t\t\t<\/div>\n\t\t\t\t<\/div>\n\t\t\t\t<section class=\"elementor-section elementor-inner-section elementor-element elementor-element-ad72759 elementor-section-boxed elementor-section-height-default elementor-section-height-default\" data-id=\"ad72759\" data-element_type=\"section\" data-e-type=\"section\">\n\t\t\t\t\t\t<div class=\"elementor-container elementor-column-gap-default\">\n\t\t\t\t\t<div class=\"elementor-column elementor-col-50 elementor-inner-column elementor-element elementor-element-74764f2\" data-id=\"74764f2\" data-element_type=\"column\" data-e-type=\"column\">\n\t\t\t<div class=\"elementor-widget-wrap elementor-element-populated\">\n\t\t\t\t\t\t<div class=\"elementor-element elementor-element-626fb5f elementor-align-center elementor-widget elementor-widget-button\" data-id=\"626fb5f\" data-element_type=\"widget\" data-e-type=\"widget\" data-widget_type=\"button.default\">\n\t\t\t\t<div class=\"elementor-widget-container\">\n\t\t\t\t\t\t\t\t\t<div class=\"elementor-button-wrapper\">\n\t\t\t\t\t<a class=\"elementor-button elementor-button-link elementor-size-sm\" href=\"https:\/\/riff.is\/en\/film-submission\/\">\n\t\t\t\t\t\t<span class=\"elementor-button-content-wrapper\">\n\t\t\t\t\t\t\t\t\t<span class=\"elementor-button-text\">PRZE\u015aLIJ FILM<\/span>\n\t\t\t\t\t<\/span>\n\t\t\t\t\t<\/a>\n\t\t\t\t<\/div>\n\t\t\t\t\t\t\t\t<\/div>\n\t\t\t\t<\/div>\n\t\t\t\t<div class=\"elementor-element elementor-element-54694e0 elementor-align-center elementor-widget elementor-widget-button\" data-id=\"54694e0\" data-element_type=\"widget\" data-e-type=\"widget\" data-widget_type=\"button.default\">\n\t\t\t\t<div class=\"elementor-widget-container\">\n\t\t\t\t\t\t\t\t\t<div class=\"elementor-button-wrapper\">\n\t\t\t\t\t<a class=\"elementor-button elementor-button-link elementor-size-sm\" href=\"https:\/\/riff.is\/en\/accreditation\/\">\n\t\t\t\t\t\t<span class=\"elementor-button-content-wrapper\">\n\t\t\t\t\t\t\t\t\t<span class=\"elementor-button-text\">AKREDYTACJA BRAN\u017bOWA<\/span>\n\t\t\t\t\t<\/span>\n\t\t\t\t\t<\/a>\n\t\t\t\t<\/div>\n\t\t\t\t\t\t\t\t<\/div>\n\t\t\t\t<\/div>\n\t\t\t\t\t<\/div>\n\t\t<\/div>\n\t\t\t\t<div class=\"elementor-column elementor-col-50 elementor-inner-column elementor-element elementor-element-e50e274\" data-id=\"e50e274\" data-element_type=\"column\" data-e-type=\"column\">\n\t\t\t<div class=\"elementor-widget-wrap elementor-element-populated\">\n\t\t\t\t\t\t<div class=\"elementor-element elementor-element-56084b9 elementor-align-center elementor-widget elementor-widget-button\" data-id=\"56084b9\" data-element_type=\"widget\" data-e-type=\"widget\" data-widget_type=\"button.default\">\n\t\t\t\t<div class=\"elementor-widget-container\">\n\t\t\t\t\t\t\t\t\t<div class=\"elementor-button-wrapper\">\n\t\t\t\t\t<a class=\"elementor-button elementor-button-link elementor-size-sm\" href=\"https:\/\/riff.is\/en\/riff-talent-lab\/\">\n\t\t\t\t\t\t<span class=\"elementor-button-content-wrapper\">\n\t\t\t\t\t\t\t\t\t<span class=\"elementor-button-text\">STOLARZ<\/span>\n\t\t\t\t\t<\/span>\n\t\t\t\t\t<\/a>\n\t\t\t\t<\/div>\n\t\t\t\t\t\t\t\t<\/div>\n\t\t\t\t<\/div>\n\t\t\t\t<div class=\"elementor-element elementor-element-a4de54d elementor-align-center elementor-widget elementor-widget-button\" data-id=\"a4de54d\" data-element_type=\"widget\" data-e-type=\"widget\" data-widget_type=\"button.default\">\n\t\t\t\t<div class=\"elementor-widget-container\">\n\t\t\t\t\t\t\t\t\t<div class=\"elementor-button-wrapper\">\n\t\t\t\t\t<a class=\"elementor-button elementor-button-link elementor-size-sm\" href=\"https:\/\/riff.is\/en\/press\/\">\n\t\t\t\t\t\t<span class=\"elementor-button-content-wrapper\">\n\t\t\t\t\t\t\t\t\t<span class=\"elementor-button-text\">AKADEMIA DZIENNIKARZA<\/span>\n\t\t\t\t\t<\/span>\n\t\t\t\t\t<\/a>\n\t\t\t\t<\/div>\n\t\t\t\t\t\t\t\t<\/div>\n\t\t\t\t<\/div>\n\t\t\t\t\t<\/div>\n\t\t<\/div>\n\t\t\t\t\t<\/div>\n\t\t<\/section>\n\t\t\t\t\t<\/div>\n\t\t<\/div>\n\t\t\t\t\t<\/div>\n\t\t<\/section>\n\t\t\t\t<\/div>","protected":false},"excerpt":{"rendered":"<p>S\u00c6KJA UM Al\u00fej\u00f3\u00f0leg kvikmyndah\u00e1t\u00ed\u00f0 \u00ed Reykjav\u00edk mun fara fram milli 25. september og 5. okt\u00f3ber 2025 \u00ed 22. skipti\u00f0. Megintilgangur RIFF, st\u00e6rsta kvikmyndavi\u00f0bur\u00f0ar \u00cdslands, er a\u00f0 bj\u00f3\u00f0a upp \u00e1 fj\u00f6lbreytt [&hellip;]<\/p>\n","protected":false},"author":893,"featured_media":0,"parent":0,"menu_order":0,"comment_status":"closed","ping_status":"closed","template":"","meta":{"_monsterinsights_skip_tracking":false,"_monsterinsights_sitenote_active":false,"_monsterinsights_sitenote_note":"","_monsterinsights_sitenote_category":0,"_price":"","_stock":"","_tribe_ticket_header":"","_tribe_default_ticket_provider":"","_tribe_ticket_capacity":"0","_ticket_start_date":"","_ticket_end_date":"","_tribe_ticket_show_description":"","_tribe_ticket_show_not_going":false,"_tribe_ticket_use_global_stock":"","_tribe_ticket_global_stock_level":"","_global_stock_mode":"","_global_stock_cap":"","_tribe_rsvp_for_event":"","_tribe_ticket_going_count":"","_tribe_ticket_not_going_count":"","_tribe_tickets_list":"[]","_tribe_ticket_has_attendee_info_fields":false,"footnotes":"","_tec_slr_enabled":"","_tec_slr_layout":""},"class_list":["post-57925","page","type-page","status-publish","hentry"],"ticketed":false,"_links":{"self":[{"href":"https:\/\/riff.is\/pl\/wp-json\/wp\/v2\/pages\/57925","targetHints":{"allow":["GET"]}}],"collection":[{"href":"https:\/\/riff.is\/pl\/wp-json\/wp\/v2\/pages"}],"about":[{"href":"https:\/\/riff.is\/pl\/wp-json\/wp\/v2\/types\/page"}],"author":[{"embeddable":true,"href":"https:\/\/riff.is\/pl\/wp-json\/wp\/v2\/users\/893"}],"replies":[{"embeddable":true,"href":"https:\/\/riff.is\/pl\/wp-json\/wp\/v2\/comments?post=57925"}],"version-history":[{"count":35,"href":"https:\/\/riff.is\/pl\/wp-json\/wp\/v2\/pages\/57925\/revisions"}],"predecessor-version":[{"id":58573,"href":"https:\/\/riff.is\/pl\/wp-json\/wp\/v2\/pages\/57925\/revisions\/58573"}],"wp:attachment":[{"href":"https:\/\/riff.is\/pl\/wp-json\/wp\/v2\/media?parent=57925"}],"curies":[{"name":"wp","href":"https:\/\/api.w.org\/{rel}","templated":true}]}}