{"id":60850,"date":"2025-05-28T16:13:20","date_gmt":"2025-05-28T16:13:20","guid":{"rendered":"https:\/\/riff.is\/?page_id=60850"},"modified":"2026-03-11T13:05:32","modified_gmt":"2026-03-11T13:05:32","slug":"passes-cards","status":"publish","type":"page","link":"https:\/\/riff.is\/pl\/passes-cards\/","title":{"rendered":"Passes &#038; Cards"},"content":{"rendered":"<div data-elementor-type=\"wp-page\" data-elementor-id=\"60850\" class=\"elementor elementor-60850\" data-elementor-post-type=\"page\">\n\t\t\t\t\t\t<section class=\"elementor-section elementor-top-section elementor-element elementor-element-0cb884e elementor-section-full_width elementor-section-height-default elementor-section-height-default\" data-id=\"0cb884e\" data-element_type=\"section\" data-e-type=\"section\">\n\t\t\t\t\t\t<div class=\"elementor-container elementor-column-gap-default\">\n\t\t\t\t\t<div class=\"elementor-column elementor-col-100 elementor-top-column elementor-element elementor-element-92dd3f9\" data-id=\"92dd3f9\" data-element_type=\"column\" data-e-type=\"column\">\n\t\t\t<div class=\"elementor-widget-wrap elementor-element-populated\">\n\t\t\t\t\t\t<div class=\"elementor-element elementor-element-5eef1b8 elementor-widget elementor-widget-image\" data-id=\"5eef1b8\" data-element_type=\"widget\" data-e-type=\"widget\" data-widget_type=\"image.default\">\n\t\t\t\t<div class=\"elementor-widget-container\">\n\t\t\t\t\t\t\t\t\t\t\t\t\t\t\t<img fetchpriority=\"high\" decoding=\"async\" width=\"2560\" height=\"950\" src=\"https:\/\/riff.is\/wp-content\/uploads\/2026\/03\/54872297043_1000aff446_o-scaled-e1773234311813.jpg\" class=\"attachment-full size-full wp-image-67217\" alt=\"\" srcset=\"https:\/\/riff.is\/wp-content\/uploads\/2026\/03\/54872297043_1000aff446_o-scaled-e1773234311813.jpg 2560w, https:\/\/riff.is\/wp-content\/uploads\/2026\/03\/54872297043_1000aff446_o-scaled-e1773234311813-1536x570.jpg 1536w, https:\/\/riff.is\/wp-content\/uploads\/2026\/03\/54872297043_1000aff446_o-scaled-e1773234311813-2048x760.jpg 2048w, https:\/\/riff.is\/wp-content\/uploads\/2026\/03\/54872297043_1000aff446_o-scaled-e1773234311813-18x7.jpg 18w, https:\/\/riff.is\/wp-content\/uploads\/2026\/03\/54872297043_1000aff446_o-scaled-e1773234311813-600x223.jpg 600w, https:\/\/riff.is\/wp-content\/uploads\/2026\/03\/54872297043_1000aff446_o-scaled-e1773234311813-300x111.jpg 300w, https:\/\/riff.is\/wp-content\/uploads\/2026\/03\/54872297043_1000aff446_o-scaled-e1773234311813-768x285.jpg 768w, https:\/\/riff.is\/wp-content\/uploads\/2026\/03\/54872297043_1000aff446_o-scaled-e1773234311813-1024x380.jpg 1024w\" sizes=\"(max-width: 2560px) 100vw, 2560px\" title=\"\">\t\t\t\t\t\t\t\t\t\t\t\t\t\t\t<\/div>\n\t\t\t\t<\/div>\n\t\t\t\t\t<\/div>\n\t\t<\/div>\n\t\t\t\t\t<\/div>\n\t\t<\/section>\n\t\t\t\t<section class=\"elementor-section elementor-top-section elementor-element elementor-element-ccb3b84 elementor-section-boxed elementor-section-height-default elementor-section-height-default\" data-id=\"ccb3b84\" data-element_type=\"section\" data-e-type=\"section\">\n\t\t\t\t\t\t<div class=\"elementor-container elementor-column-gap-default\">\n\t\t\t\t\t<div class=\"elementor-column elementor-col-100 elementor-top-column elementor-element elementor-element-a1ca6cb\" data-id=\"a1ca6cb\" data-element_type=\"column\" data-e-type=\"column\">\n\t\t\t<div class=\"elementor-widget-wrap elementor-element-populated\">\n\t\t\t\t\t\t<div class=\"elementor-element elementor-element-26972bd elementor-widget elementor-widget-heading\" data-id=\"26972bd\" data-element_type=\"widget\" data-e-type=\"widget\" data-widget_type=\"heading.default\">\n\t\t\t\t<div class=\"elementor-widget-container\">\n\t\t\t\t\t<h2 class=\"elementor-heading-title elementor-size-default\">KARNETY I KARTY FESTIWALOWE<\/h2>\t\t\t\t<\/div>\n\t\t\t\t<\/div>\n\t\t\t\t\t<\/div>\n\t\t<\/div>\n\t\t\t\t\t<\/div>\n\t\t<\/section>\n\t\t\t\t<section class=\"elementor-section elementor-top-section elementor-element elementor-element-0257f22 elementor-section-boxed elementor-section-height-default elementor-section-height-default\" data-id=\"0257f22\" data-element_type=\"section\" data-e-type=\"section\">\n\t\t\t\t\t\t<div class=\"elementor-container elementor-column-gap-default\">\n\t\t\t\t\t<div class=\"elementor-column elementor-col-100 elementor-top-column elementor-element elementor-element-4ccf8cb\" data-id=\"4ccf8cb\" data-element_type=\"column\" data-e-type=\"column\">\n\t\t\t<div class=\"elementor-widget-wrap elementor-element-populated\">\n\t\t\t\t\t\t<section class=\"elementor-section elementor-inner-section elementor-element elementor-element-b7c3ea5 elementor-section-boxed elementor-section-height-default elementor-section-height-default\" data-id=\"b7c3ea5\" data-element_type=\"section\" data-e-type=\"section\">\n\t\t\t\t\t\t<div class=\"elementor-container elementor-column-gap-default\">\n\t\t\t\t\t<div class=\"elementor-column elementor-col-50 elementor-inner-column elementor-element elementor-element-782be4d\" data-id=\"782be4d\" data-element_type=\"column\" data-e-type=\"column\">\n\t\t\t<div class=\"elementor-widget-wrap elementor-element-populated\">\n\t\t\t\t\t\t<div class=\"elementor-element elementor-element-1669935 elementor-widget elementor-widget-image\" data-id=\"1669935\" data-element_type=\"widget\" data-e-type=\"widget\" data-widget_type=\"image.default\">\n\t\t\t\t<div class=\"elementor-widget-container\">\n\t\t\t\t\t\t\t\t\t\t\t\t\t\t\t<img decoding=\"async\" width=\"800\" height=\"800\" src=\"https:\/\/riff.is\/wp-content\/uploads\/2026\/01\/web_01_hatidarpassi-1-1024x1024.png\" class=\"attachment-large size-large wp-image-66043\" alt=\"\" srcset=\"https:\/\/riff.is\/wp-content\/uploads\/2026\/01\/web_01_hatidarpassi-1-1024x1024.png 1024w, https:\/\/riff.is\/wp-content\/uploads\/2026\/01\/web_01_hatidarpassi-1-12x12.png 12w, https:\/\/riff.is\/wp-content\/uploads\/2026\/01\/web_01_hatidarpassi-1-300x300.png 300w, https:\/\/riff.is\/wp-content\/uploads\/2026\/01\/web_01_hatidarpassi-1-600x600.png 600w, https:\/\/riff.is\/wp-content\/uploads\/2026\/01\/web_01_hatidarpassi-1-100x100.png 100w, https:\/\/riff.is\/wp-content\/uploads\/2026\/01\/web_01_hatidarpassi-1-150x150.png 150w, https:\/\/riff.is\/wp-content\/uploads\/2026\/01\/web_01_hatidarpassi-1-768x768.png 768w, https:\/\/riff.is\/wp-content\/uploads\/2026\/01\/web_01_hatidarpassi-1.png 1080w\" sizes=\"(max-width: 800px) 100vw, 800px\" title=\"\">\t\t\t\t\t\t\t\t\t\t\t\t\t\t\t<\/div>\n\t\t\t\t<\/div>\n\t\t\t\t\t<\/div>\n\t\t<\/div>\n\t\t\t\t<div class=\"elementor-column elementor-col-50 elementor-inner-column elementor-element elementor-element-f055dc6\" data-id=\"f055dc6\" data-element_type=\"column\" data-e-type=\"column\">\n\t\t\t<div class=\"elementor-widget-wrap elementor-element-populated\">\n\t\t\t\t\t\t<div class=\"elementor-element elementor-element-fef0fb1 elementor-widget__width-initial elementor-widget elementor-widget-text-editor\" data-id=\"fef0fb1\" data-element_type=\"widget\" data-e-type=\"widget\" data-widget_type=\"text-editor.default\">\n\t\t\t\t<div class=\"elementor-widget-container\">\n\t\t\t\t\t\t\t\t\t<p><strong>H\u00e1t\u00ed\u00f0arpassinn gildir \u00e1 RIFF sem haldin ver\u00f0ur \u00ed 23. sinn \u00feann 24. september \u2013 4. okt\u00f3ber 2026.<\/strong><\/p><p>Karta uprawnia posiadacza do wst\u0119pu na wszystkie wybrane przez niego pokazy filmowe! Nale\u017cy pami\u0119ta\u0107, \u017ce karta jest imienna i nie obejmuje wydarze\u0144 specjalnych, chyba \u017ce zaznaczono inaczej.<\/p><p>Nale\u017cy pami\u0119ta\u0107, \u017ce wszystkie karty festiwalowe RIFF s\u0105 elektroniczne i nie podlegaj\u0105 zwrotowi. Na tydzie\u0144 przed festiwalem b\u0119dzie mo\u017cna aktywowa\u0107 kart\u0119 festiwalow\u0105 RIFF za po\u015brednictwem poczty elektronicznej.<\/p><p>Ver\u00f0i\u00f0 \u00e1 einum h\u00e1t\u00ed\u00f0arpassa er 25.500 kr.<\/p>\t\t\t\t\t\t\t\t<\/div>\n\t\t\t\t<\/div>\n\t\t\t\t<div class=\"elementor-element elementor-element-48b68bd elementor-align-right elementor-widget elementor-widget-button\" data-id=\"48b68bd\" data-element_type=\"widget\" data-e-type=\"widget\" data-widget_type=\"button.default\">\n\t\t\t\t<div class=\"elementor-widget-container\">\n\t\t\t\t\t\t\t\t\t<div class=\"elementor-button-wrapper\">\n\t\t\t\t\t<a class=\"elementor-button elementor-button-link elementor-size-sm\" href=\"https:\/\/vp.eventival.com\/riff\/2026\/accreditation\" rel=\"nofollow noopener\" target=\"_blank\">\n\t\t\t\t\t\t<span class=\"elementor-button-content-wrapper\">\n\t\t\t\t\t\t\t\t\t<span class=\"elementor-button-text\">KUP BILETY<\/span>\n\t\t\t\t\t<\/span>\n\t\t\t\t\t<\/a>\n\t\t\t\t<\/div>\n\t\t\t\t\t\t\t\t<\/div>\n\t\t\t\t<\/div>\n\t\t\t\t\t<\/div>\n\t\t<\/div>\n\t\t\t\t\t<\/div>\n\t\t<\/section>\n\t\t\t\t\t<\/div>\n\t\t<\/div>\n\t\t\t\t\t<\/div>\n\t\t<\/section>\n\t\t\t\t<section class=\"elementor-section elementor-top-section elementor-element elementor-element-f87abf5 elementor-section-boxed elementor-section-height-default elementor-section-height-default\" data-id=\"f87abf5\" data-element_type=\"section\" data-e-type=\"section\">\n\t\t\t\t\t\t<div class=\"elementor-container elementor-column-gap-default\">\n\t\t\t\t\t<div class=\"elementor-column elementor-col-100 elementor-top-column elementor-element elementor-element-558242e\" data-id=\"558242e\" data-element_type=\"column\" data-e-type=\"column\">\n\t\t\t<div class=\"elementor-widget-wrap elementor-element-populated\">\n\t\t\t\t\t\t<div class=\"elementor-element elementor-element-ddc39ff elementor-widget elementor-widget-text-editor\" data-id=\"ddc39ff\" data-element_type=\"widget\" data-e-type=\"widget\" data-widget_type=\"text-editor.default\">\n\t\t\t\t<div class=\"elementor-widget-container\">\n\t\t\t\t\t\t\t\t\t<p>Vinsamlegast athugi\u00f0 a\u00f0 h\u00e6gt er a\u00f0 kaupa passa \u00e1 netinu hven\u00e6r sem er, en virkjun \u00feeirra fer a\u00f0eins fram \u00e1 \u00feeim t\u00edmum sem mi\u00f0asalan er opin yfir daginn. \u00c1 \u00e1lagst\u00edmum \u00ed mi\u00f0as\u00f6lunni m\u00e1 b\u00faast vi\u00f0 t\u00f6fum \u00e1 virkjun.<\/p>\t\t\t\t\t\t\t\t<\/div>\n\t\t\t\t<\/div>\n\t\t\t\t\t<\/div>\n\t\t<\/div>\n\t\t\t\t\t<\/div>\n\t\t<\/section>\n\t\t\t\t<section class=\"elementor-section elementor-top-section elementor-element elementor-element-202efba elementor-section-boxed elementor-section-height-default elementor-section-height-default\" data-id=\"202efba\" data-element_type=\"section\" data-e-type=\"section\">\n\t\t\t\t\t\t<div class=\"elementor-container elementor-column-gap-default\">\n\t\t\t\t\t<div class=\"elementor-column elementor-col-100 elementor-top-column elementor-element elementor-element-2b44bcf\" data-id=\"2b44bcf\" data-element_type=\"column\" data-e-type=\"column\">\n\t\t\t<div class=\"elementor-widget-wrap elementor-element-populated\">\n\t\t\t\t\t\t<div class=\"elementor-element elementor-element-87f3f3a elementor-product-loop-item--align-center elementor-grid-4 elementor-grid-tablet-3 elementor-grid-mobile-2 elementor-products-grid elementor-wc-products elementor-widget elementor-widget-woocommerce-products\" data-id=\"87f3f3a\" data-element_type=\"widget\" data-e-type=\"widget\" data-widget_type=\"woocommerce-products.default\">\n\t\t\t\t<div class=\"elementor-widget-container\">\n\t\t\t\t\t<div class=\"woocommerce columns-4\"><ul class=\"products elementor-grid columns-4\">\n<li class=\"product type-product post-64139 status-publish first instock product_cat-passar-og-klippikort product_cat-passes-clip-cards product_cat-uncategorized has-post-thumbnail downloadable virtual purchasable product-type-simple\">\n\t<a href=\"https:\/\/riff.is\/pl\/produkt\/vinapassi-31\/\" class=\"woocommerce-LoopProduct-link woocommerce-loop-product__link\"><img decoding=\"async\" width=\"300\" height=\"300\" src=\"https:\/\/riff.is\/wp-content\/uploads\/2025\/09\/web_01_vinapassi-1-300x300.png\" class=\"attachment-woocommerce_thumbnail size-woocommerce_thumbnail\" alt=\"Vinapassi (3+1)\" srcset=\"https:\/\/riff.is\/wp-content\/uploads\/2025\/09\/web_01_vinapassi-1-300x300.png 300w, https:\/\/riff.is\/wp-content\/uploads\/2025\/09\/web_01_vinapassi-1-12x12.png 12w, https:\/\/riff.is\/wp-content\/uploads\/2025\/09\/web_01_vinapassi-1-600x600.png 600w, https:\/\/riff.is\/wp-content\/uploads\/2025\/09\/web_01_vinapassi-1-100x100.png 100w, https:\/\/riff.is\/wp-content\/uploads\/2025\/09\/web_01_vinapassi-1-150x150.png 150w, https:\/\/riff.is\/wp-content\/uploads\/2025\/09\/web_01_vinapassi-1-768x768.png 768w, https:\/\/riff.is\/wp-content\/uploads\/2025\/09\/web_01_vinapassi-1-1024x1024.png 1024w, https:\/\/riff.is\/wp-content\/uploads\/2025\/09\/web_01_vinapassi-1.png 1080w\" sizes=\"(max-width: 300px) 100vw, 300px\" title=\"\"><h2 class=\"woocommerce-loop-product__title\">Dla przyjaci\u00f3\u0142 3+1<\/h2>\n\t<span class=\"price\"><span class=\"woocommerce-Price-amount amount\"><bdi>7,050&nbsp;<span class=\"woocommerce-Price-currencySymbol\">kr.<\/span><\/bdi><\/span><\/span>\n<\/a><a href=\"\/pl\/wp-json\/wp\/v2\/pages\/60850?add-to-cart=64139\" aria-describedby=\"woocommerce_loop_add_to_cart_link_describedby_64139\" data-quantity=\"1\" class=\"button product_type_simple add_to_cart_button ajax_add_to_cart\" data-product_id=\"64139\" data-product_sku=\"\" aria-label=\"Dodaj do koszyka: \u201eVinapassi (3+1)\u201d\" rel=\"nofollow\" data-success_message=\"\u201cVinapassi (3+1)\u201d zosta\u0142 dodany do twojego koszyka\" data-no-translation=\"\" data-trp-gettext=\"\" data-no-translation-aria-label=\"\" data-no-translation-data-success_message=\"\">Dodaj do koszyka<\/a>\t<span id=\"woocommerce_loop_add_to_cart_link_describedby_64139\" class=\"screen-reader-text\">\n\t\t\t<\/span>\n<\/li>\n<li class=\"product type-product post-54758 status-publish instock product_cat-passar-og-klippikort product_cat-midar product_cat-passes-and-gift-cards has-post-thumbnail downloadable virtual purchasable product-type-simple\">\n\t<a href=\"https:\/\/riff.is\/pl\/produkt\/u20-ungmennapassi\/\" class=\"woocommerce-LoopProduct-link woocommerce-loop-product__link\"><img loading=\"lazy\" decoding=\"async\" width=\"300\" height=\"300\" src=\"https:\/\/riff.is\/wp-content\/uploads\/2024\/08\/web_01_u20-1-300x300.png\" class=\"attachment-woocommerce_thumbnail size-woocommerce_thumbnail\" alt=\"Undir 20 Ungmennapassi\" srcset=\"https:\/\/riff.is\/wp-content\/uploads\/2024\/08\/web_01_u20-1-300x300.png 300w, https:\/\/riff.is\/wp-content\/uploads\/2024\/08\/web_01_u20-1-12x12.png 12w, https:\/\/riff.is\/wp-content\/uploads\/2024\/08\/web_01_u20-1-600x600.png 600w, https:\/\/riff.is\/wp-content\/uploads\/2024\/08\/web_01_u20-1-100x100.png 100w, https:\/\/riff.is\/wp-content\/uploads\/2024\/08\/web_01_u20-1-150x150.png 150w, https:\/\/riff.is\/wp-content\/uploads\/2024\/08\/web_01_u20-1-768x768.png 768w, https:\/\/riff.is\/wp-content\/uploads\/2024\/08\/web_01_u20-1-1024x1024.png 1024w, https:\/\/riff.is\/wp-content\/uploads\/2024\/08\/web_01_u20-1.png 1080w\" sizes=\"(max-width: 300px) 100vw, 300px\" title=\"\"><h2 class=\"woocommerce-loop-product__title\">Karnet dla m\u0142odych &lt;20<\/h2>\n\t<span class=\"price\"><span class=\"woocommerce-Price-amount amount\"><bdi>6,490&nbsp;<span class=\"woocommerce-Price-currencySymbol\">kr.<\/span><\/bdi><\/span><\/span>\n<\/a><a href=\"\/pl\/wp-json\/wp\/v2\/pages\/60850?add-to-cart=54758\" aria-describedby=\"woocommerce_loop_add_to_cart_link_describedby_54758\" data-quantity=\"1\" class=\"button product_type_simple add_to_cart_button ajax_add_to_cart\" data-product_id=\"54758\" data-product_sku=\"\" aria-label=\"Dodaj do koszyka: \u201eUndir 20 Ungmennapassi\u201d\" rel=\"nofollow\" data-success_message=\"\u201cUndir 20 Ungmennapassi\u201d zosta\u0142 dodany do twojego koszyka\" data-no-translation=\"\" data-trp-gettext=\"\" data-no-translation-aria-label=\"\" data-no-translation-data-success_message=\"\">Dodaj do koszyka<\/a>\t<span id=\"woocommerce_loop_add_to_cart_link_describedby_54758\" class=\"screen-reader-text\">\n\t\t\t<\/span>\n<\/li>\n<li class=\"product type-product post-54755 status-publish instock product_cat-passar-og-klippikort product_cat-midar product_cat-passes-and-gift-cards has-post-thumbnail downloadable virtual purchasable product-type-simple\">\n\t<a href=\"https:\/\/riff.is\/pl\/produkt\/u30-ungmennapassi\/\" class=\"woocommerce-LoopProduct-link woocommerce-loop-product__link\"><img loading=\"lazy\" decoding=\"async\" width=\"300\" height=\"300\" src=\"https:\/\/riff.is\/wp-content\/uploads\/2024\/08\/web_01_u30-1-300x300.png\" class=\"attachment-woocommerce_thumbnail size-woocommerce_thumbnail\" alt=\"Undir 30 Ungmennapassi\" srcset=\"https:\/\/riff.is\/wp-content\/uploads\/2024\/08\/web_01_u30-1-300x300.png 300w, https:\/\/riff.is\/wp-content\/uploads\/2024\/08\/web_01_u30-1-12x12.png 12w, https:\/\/riff.is\/wp-content\/uploads\/2024\/08\/web_01_u30-1-600x600.png 600w, https:\/\/riff.is\/wp-content\/uploads\/2024\/08\/web_01_u30-1-100x100.png 100w, https:\/\/riff.is\/wp-content\/uploads\/2024\/08\/web_01_u30-1-150x150.png 150w, https:\/\/riff.is\/wp-content\/uploads\/2024\/08\/web_01_u30-1-768x768.png 768w, https:\/\/riff.is\/wp-content\/uploads\/2024\/08\/web_01_u30-1-1024x1024.png 1024w, https:\/\/riff.is\/wp-content\/uploads\/2024\/08\/web_01_u30-1.png 1080w\" sizes=\"(max-width: 300px) 100vw, 300px\" title=\"\"><h2 class=\"woocommerce-loop-product__title\">Karta dla m\u0142odych &lt;30<\/h2>\n\t<span class=\"price\"><span class=\"woocommerce-Price-amount amount\"><bdi>9,390&nbsp;<span class=\"woocommerce-Price-currencySymbol\">kr.<\/span><\/bdi><\/span><\/span>\n<\/a><a href=\"\/pl\/wp-json\/wp\/v2\/pages\/60850?add-to-cart=54755\" aria-describedby=\"woocommerce_loop_add_to_cart_link_describedby_54755\" data-quantity=\"1\" class=\"button product_type_simple add_to_cart_button ajax_add_to_cart\" data-product_id=\"54755\" data-product_sku=\"\" aria-label=\"Dodaj do koszyka: \u201eUndir 30 Ungmennapassi\u201d\" rel=\"nofollow\" data-success_message=\"\u201cUndir 30 Ungmennapassi\u201d zosta\u0142 dodany do twojego koszyka\" data-no-translation=\"\" data-trp-gettext=\"\" data-no-translation-aria-label=\"\" data-no-translation-data-success_message=\"\">Dodaj do koszyka<\/a>\t<span id=\"woocommerce_loop_add_to_cart_link_describedby_54755\" class=\"screen-reader-text\">\n\t\t\t<\/span>\n<\/li>\n<li class=\"product type-product post-53620 status-publish last instock product_cat-passar-og-klippikort product_cat-midar product_cat-passes-and-gift-cards has-post-thumbnail downloadable virtual purchasable product-type-simple\">\n\t<a href=\"https:\/\/riff.is\/pl\/produkt\/super-8-klippikort\/\" class=\"woocommerce-LoopProduct-link woocommerce-loop-product__link\"><img loading=\"lazy\" decoding=\"async\" width=\"300\" height=\"300\" src=\"https:\/\/riff.is\/wp-content\/uploads\/2024\/05\/web_01_super8-1-300x300.png\" class=\"attachment-woocommerce_thumbnail size-woocommerce_thumbnail\" alt=\"S\u00faper 8 Klippikort\" srcset=\"https:\/\/riff.is\/wp-content\/uploads\/2024\/05\/web_01_super8-1-300x300.png 300w, https:\/\/riff.is\/wp-content\/uploads\/2024\/05\/web_01_super8-1-12x12.png 12w, https:\/\/riff.is\/wp-content\/uploads\/2024\/05\/web_01_super8-1-600x600.png 600w, https:\/\/riff.is\/wp-content\/uploads\/2024\/05\/web_01_super8-1-100x100.png 100w, https:\/\/riff.is\/wp-content\/uploads\/2024\/05\/web_01_super8-1-150x150.png 150w, https:\/\/riff.is\/wp-content\/uploads\/2024\/05\/web_01_super8-1-768x768.png 768w, https:\/\/riff.is\/wp-content\/uploads\/2024\/05\/web_01_super8-1-1024x1024.png 1024w, https:\/\/riff.is\/wp-content\/uploads\/2024\/05\/web_01_super8-1.png 1080w\" sizes=\"(max-width: 300px) 100vw, 300px\" title=\"\"><h2 class=\"woocommerce-loop-product__title\">Karnet Super 8<\/h2>\n\t<span class=\"price\"><span class=\"woocommerce-Price-amount amount\"><bdi>15,190&nbsp;<span class=\"woocommerce-Price-currencySymbol\">kr.<\/span><\/bdi><\/span><\/span>\n<\/a><a href=\"\/pl\/wp-json\/wp\/v2\/pages\/60850?add-to-cart=53620\" aria-describedby=\"woocommerce_loop_add_to_cart_link_describedby_53620\" data-quantity=\"1\" class=\"button product_type_simple add_to_cart_button ajax_add_to_cart\" data-product_id=\"53620\" data-product_sku=\"\" aria-label=\"Dodaj do koszyka: \u201eS\u00faper 8 Klippikort\u201d\" rel=\"nofollow\" data-success_message=\"\u201cS\u00faper 8 Klippikort\u201d zosta\u0142 dodany do twojego koszyka\" data-no-translation=\"\" data-trp-gettext=\"\" data-no-translation-aria-label=\"\" data-no-translation-data-success_message=\"\">Dodaj do koszyka<\/a>\t<span id=\"woocommerce_loop_add_to_cart_link_describedby_53620\" class=\"screen-reader-text\">\n\t\t\t<\/span>\n<\/li>\n<\/ul>\n<\/div>\t\t\t\t<\/div>\n\t\t\t\t<\/div>\n\t\t\t\t\t<\/div>\n\t\t<\/div>\n\t\t\t\t\t<\/div>\n\t\t<\/section>\n\t\t\t\t<\/div>","protected":false},"excerpt":{"rendered":"<p>PASSAR OG KLIPPIKORT H\u00e1t\u00ed\u00f0arpassinn gildir \u00e1 RIFF sem haldin ver\u00f0ur \u00ed 23. sinn \u00feann 24. september \u2013 4. okt\u00f3ber 2026. \u00deessi passi gefur eiganda \u00feess a\u00f0gang a\u00f0 \u00f6llum s\u00fdningum a\u00f0 [&hellip;]<\/p>\n","protected":false},"author":893,"featured_media":0,"parent":0,"menu_order":0,"comment_status":"closed","ping_status":"closed","template":"","meta":{"_monsterinsights_skip_tracking":false,"_monsterinsights_sitenote_active":false,"_monsterinsights_sitenote_note":"","_monsterinsights_sitenote_category":0,"_price":"","_stock":"","_tribe_ticket_header":"","_tribe_default_ticket_provider":"","_tribe_ticket_capacity":"0","_ticket_start_date":"","_ticket_end_date":"","_tribe_ticket_show_description":"","_tribe_ticket_show_not_going":false,"_tribe_ticket_use_global_stock":"","_tribe_ticket_global_stock_level":"","_global_stock_mode":"","_global_stock_cap":"","_tribe_rsvp_for_event":"","_tribe_ticket_going_count":"","_tribe_ticket_not_going_count":"","_tribe_tickets_list":"[]","_tribe_ticket_has_attendee_info_fields":false,"footnotes":"","_tec_slr_enabled":"","_tec_slr_layout":""},"class_list":["post-60850","page","type-page","status-publish","hentry"],"ticketed":false,"_links":{"self":[{"href":"https:\/\/riff.is\/pl\/wp-json\/wp\/v2\/pages\/60850","targetHints":{"allow":["GET"]}}],"collection":[{"href":"https:\/\/riff.is\/pl\/wp-json\/wp\/v2\/pages"}],"about":[{"href":"https:\/\/riff.is\/pl\/wp-json\/wp\/v2\/types\/page"}],"author":[{"embeddable":true,"href":"https:\/\/riff.is\/pl\/wp-json\/wp\/v2\/users\/893"}],"replies":[{"embeddable":true,"href":"https:\/\/riff.is\/pl\/wp-json\/wp\/v2\/comments?post=60850"}],"version-history":[{"count":56,"href":"https:\/\/riff.is\/pl\/wp-json\/wp\/v2\/pages\/60850\/revisions"}],"predecessor-version":[{"id":67240,"href":"https:\/\/riff.is\/pl\/wp-json\/wp\/v2\/pages\/60850\/revisions\/67240"}],"wp:attachment":[{"href":"https:\/\/riff.is\/pl\/wp-json\/wp\/v2\/media?parent=60850"}],"curies":[{"name":"wp","href":"https:\/\/api.w.org\/{rel}","templated":true}]}}