{"id":61158,"date":"2025-05-30T16:09:57","date_gmt":"2025-05-30T16:09:57","guid":{"rendered":"https:\/\/riff.is\/?page_id=61158"},"modified":"2026-03-11T13:02:18","modified_gmt":"2026-03-11T13:02:18","slug":"participate","status":"publish","type":"page","link":"https:\/\/riff.is\/pl\/participate\/","title":{"rendered":"Participate"},"content":{"rendered":"<div data-elementor-type=\"wp-page\" data-elementor-id=\"61158\" class=\"elementor elementor-61158\" data-elementor-post-type=\"page\">\n\t\t\t\t\t\t<section class=\"elementor-section elementor-top-section elementor-element elementor-element-926a93f elementor-section-full_width elementor-section-height-default elementor-section-height-default\" data-id=\"926a93f\" data-element_type=\"section\" data-e-type=\"section\">\n\t\t\t\t\t\t<div class=\"elementor-container elementor-column-gap-default\">\n\t\t\t\t\t<div class=\"elementor-column elementor-col-100 elementor-top-column elementor-element elementor-element-c6a823d\" data-id=\"c6a823d\" data-element_type=\"column\" data-e-type=\"column\">\n\t\t\t<div class=\"elementor-widget-wrap elementor-element-populated\">\n\t\t\t\t\t\t<div class=\"elementor-element elementor-element-4bf37f8 elementor-widget elementor-widget-image\" data-id=\"4bf37f8\" data-element_type=\"widget\" data-e-type=\"widget\" data-widget_type=\"image.default\">\n\t\t\t\t<div class=\"elementor-widget-container\">\n\t\t\t\t\t\t\t\t\t\t\t\t\t\t\t<img fetchpriority=\"high\" decoding=\"async\" width=\"2560\" height=\"950\" src=\"https:\/\/riff.is\/wp-content\/uploads\/2026\/03\/54024950946_d338950221_o-1-scaled-e1773234080214.jpg\" class=\"attachment-full size-full wp-image-67213\" alt=\"\" srcset=\"https:\/\/riff.is\/wp-content\/uploads\/2026\/03\/54024950946_d338950221_o-1-scaled-e1773234080214.jpg 2560w, https:\/\/riff.is\/wp-content\/uploads\/2026\/03\/54024950946_d338950221_o-1-scaled-e1773234080214-1536x570.jpg 1536w, https:\/\/riff.is\/wp-content\/uploads\/2026\/03\/54024950946_d338950221_o-1-scaled-e1773234080214-2048x760.jpg 2048w, https:\/\/riff.is\/wp-content\/uploads\/2026\/03\/54024950946_d338950221_o-1-scaled-e1773234080214-18x7.jpg 18w, https:\/\/riff.is\/wp-content\/uploads\/2026\/03\/54024950946_d338950221_o-1-scaled-e1773234080214-600x223.jpg 600w, https:\/\/riff.is\/wp-content\/uploads\/2026\/03\/54024950946_d338950221_o-1-scaled-e1773234080214-300x111.jpg 300w, https:\/\/riff.is\/wp-content\/uploads\/2026\/03\/54024950946_d338950221_o-1-scaled-e1773234080214-768x285.jpg 768w, https:\/\/riff.is\/wp-content\/uploads\/2026\/03\/54024950946_d338950221_o-1-scaled-e1773234080214-1024x380.jpg 1024w\" sizes=\"(max-width: 2560px) 100vw, 2560px\" title=\"\">\t\t\t\t\t\t\t\t\t\t\t\t\t\t\t<\/div>\n\t\t\t\t<\/div>\n\t\t\t\t\t<\/div>\n\t\t<\/div>\n\t\t\t\t\t<\/div>\n\t\t<\/section>\n\t\t\t\t<section class=\"elementor-section elementor-top-section elementor-element elementor-element-3afcd5a elementor-hidden-mobile elementor-section-boxed elementor-section-height-default elementor-section-height-default\" data-id=\"3afcd5a\" data-element_type=\"section\" data-e-type=\"section\">\n\t\t\t\t\t\t<div class=\"elementor-container elementor-column-gap-default\">\n\t\t\t\t\t<div class=\"elementor-column elementor-col-100 elementor-top-column elementor-element elementor-element-a6ff5d7\" data-id=\"a6ff5d7\" data-element_type=\"column\" data-e-type=\"column\">\n\t\t\t<div class=\"elementor-widget-wrap elementor-element-populated\">\n\t\t\t\t\t\t<div class=\"elementor-element elementor-element-455552a elementor-widget elementor-widget-heading\" data-id=\"455552a\" data-element_type=\"widget\" data-e-type=\"widget\" data-widget_type=\"heading.default\">\n\t\t\t\t<div class=\"elementor-widget-container\">\n\t\t\t\t\t<h2 class=\"elementor-heading-title elementor-size-default\">WE\u0179 UDZIA\u0141<\/h2>\t\t\t\t<\/div>\n\t\t\t\t<\/div>\n\t\t\t\t<div class=\"elementor-element elementor-element-bc1c3ee elementor-widget elementor-widget-heading\" data-id=\"bc1c3ee\" data-element_type=\"widget\" data-e-type=\"widget\" data-widget_type=\"heading.default\">\n\t\t\t\t<div class=\"elementor-widget-container\">\n\t\t\t\t\t<h2 class=\"elementor-heading-title elementor-size-default\">24. September \u2014 4. Oktober 2026<\/h2>\t\t\t\t<\/div>\n\t\t\t\t<\/div>\n\t\t\t\t\t<\/div>\n\t\t<\/div>\n\t\t\t\t\t<\/div>\n\t\t<\/section>\n\t\t\t\t<section class=\"elementor-section elementor-top-section elementor-element elementor-element-1014180 elementor-section-boxed elementor-section-height-default elementor-section-height-default\" data-id=\"1014180\" data-element_type=\"section\" data-e-type=\"section\">\n\t\t\t\t\t\t<div class=\"elementor-container elementor-column-gap-default\">\n\t\t\t\t\t<div class=\"elementor-column elementor-col-100 elementor-top-column elementor-element elementor-element-3e0e9ec\" data-id=\"3e0e9ec\" data-element_type=\"column\" data-e-type=\"column\">\n\t\t\t<div class=\"elementor-widget-wrap elementor-element-populated\">\n\t\t\t\t\t\t<section class=\"elementor-section elementor-inner-section elementor-element elementor-element-9daec36 elementor-section-boxed elementor-section-height-default elementor-section-height-default\" data-id=\"9daec36\" data-element_type=\"section\" data-e-type=\"section\">\n\t\t\t\t\t\t<div class=\"elementor-container elementor-column-gap-default\">\n\t\t\t\t\t<div class=\"elementor-column elementor-col-100 elementor-inner-column elementor-element elementor-element-f1f35aa\" data-id=\"f1f35aa\" data-element_type=\"column\" data-e-type=\"column\">\n\t\t\t<div class=\"elementor-widget-wrap elementor-element-populated\">\n\t\t\t\t\t\t<div class=\"elementor-element elementor-element-b559a11 elementor-widget elementor-widget-heading\" data-id=\"b559a11\" data-element_type=\"widget\" data-e-type=\"widget\" data-widget_type=\"heading.default\">\n\t\t\t\t<div class=\"elementor-widget-container\">\n\t\t\t\t\t<h2 class=\"elementor-heading-title elementor-size-default\">PRZE\u015aLIJ FILM<\/h2>\t\t\t\t<\/div>\n\t\t\t\t<\/div>\n\t\t\t\t<div class=\"elementor-element elementor-element-ed3a066 elementor-widget elementor-widget-text-editor\" data-id=\"ed3a066\" data-element_type=\"widget\" data-e-type=\"widget\" data-widget_type=\"text-editor.default\">\n\t\t\t\t<div class=\"elementor-widget-container\">\n\t\t\t\t\t\t\t\t\t<p class=\"p1\">Al\u00fej\u00f3\u00f0leg kvikmyndah\u00e1t\u00ed\u00f0 \u00ed Reykjav\u00edk mun fara fram milli 24. september og 4. okt\u00f3ber 2026 \u00ed 23. skipti\u00f0. Megintilgangur RIFF, st\u00e6rsta kvikmyndavi\u00f0bur\u00f0ar \u00cdslands, er a\u00f0 bj\u00f3\u00f0a upp \u00e1 fj\u00f6lbreytt \u00farval af frams\u00e6knum kvikmyndum, og a\u00f0 leggja \u00e1herslu \u00e1 ungt og upprennandi kvikmyndager\u00f0af\u00f3lk me\u00f0 \u00fev\u00ed a\u00f0 s\u00fdna einungis fyrstu e\u00f0a a\u00f0ra mynd \u00ed fullri lengd \u00ed a\u00f0alsamkeppnisflokk okkar Vitrunum.\u00a0<\/p><p class=\"p1\">Celem festiwalu jest zwi\u0119kszenie zainteresowania ludzi niezale\u017cn\u0105 tw\u00f3rczo\u015bci\u0105 filmow\u0105, promocja wiedzy o filmie i wzbogacenie islandzkiej kultury filmowej poprzez zaoferowanie zr\u00f3\u017cnicowanego programu i medi\u00f3w.<\/p>\t\t\t\t\t\t\t\t<\/div>\n\t\t\t\t<\/div>\n\t\t\t\t<div class=\"elementor-element elementor-element-1ae0e54 elementor-align-right elementor-widget elementor-widget-button\" data-id=\"1ae0e54\" data-element_type=\"widget\" data-e-type=\"widget\" data-widget_type=\"button.default\">\n\t\t\t\t<div class=\"elementor-widget-container\">\n\t\t\t\t\t\t\t\t\t<div class=\"elementor-button-wrapper\">\n\t\t\t\t\t<a class=\"elementor-button elementor-button-link elementor-size-sm\" href=\"https:\/\/filmfreeway.com\/ReykjavikInternationalFilmFestival\" rel=\"nofollow noopener\" target=\"_blank\">\n\t\t\t\t\t\t<span class=\"elementor-button-content-wrapper\">\n\t\t\t\t\t\t\t\t\t<span class=\"elementor-button-text\">PRZE\u015aLIJ FILM<\/span>\n\t\t\t\t\t<\/span>\n\t\t\t\t\t<\/a>\n\t\t\t\t<\/div>\n\t\t\t\t\t\t\t\t<\/div>\n\t\t\t\t<\/div>\n\t\t\t\t<div class=\"elementor-element elementor-element-a047577 elementor-widget elementor-widget-text-editor\" data-id=\"a047577\" data-element_type=\"widget\" data-e-type=\"widget\" data-widget_type=\"text-editor.default\">\n\t\t\t\t<div class=\"elementor-widget-container\">\n\t\t\t\t\t\t\t\t\t<p class=\"p1\"><b>ZASADY I WARUNKI<\/b><\/p><p class=\"p1\">Przyjmujemy filmy fabularne, dokumentalne, hybrydowe i animowane dowolnego gatunku, zar\u00f3wno pe\u0142nometra\u017cowe (powy\u017cej 60 minut), jak i kr\u00f3tkometra\u017cowe (poni\u017cej 60 minut).\u00a0<\/p><p class=\"p1\">Allar innsendar kvikmyndir ver\u00f0a a\u00f0 hafa veri\u00f0 ger\u00f0ar eftir 1. jan\u00faar 2025. Myndin ver\u00f0ur a\u00f0 vera \u00edslensk frums\u00fdning a\u00f0 l\u00e1gmarki (m\u00e1 ekki hafa veri\u00f0 s\u00fdnd opinberlega \u00e1 \u00cdslandi fyrir 2026 h\u00e1t\u00ed\u00f0ina, \u00fe.m.t. \u00fatsending af hva\u00f0a lengd sem er). Myndin ver\u00f0ur a\u00f0 vera \u00e1 ensku e\u00f0a textu\u00f0 \u00e1 ensku.\u00a0<\/p><p class=\"p1\">RIFF b\u0119dzie rozwa\u017ca\u0107 zar\u00f3wno filmy mi\u0119dzynarodowe, jak i islandzkie, zar\u00f3wno fabularne, jak i dokumentalne, niezale\u017cnie od d\u0142ugo\u015bci lub tematu. Wszystkie zg\u0142oszenia zostan\u0105 w pe\u0142ni sprawdzone przez nasz zesp\u00f3\u0142 programowy.\u00a0<\/p><p class=\"p1\"><b>DECYZJE W SPRAWIE PORZ\u0104DKU OBRAD<\/b><\/p><p class=\"p1\">Ostateczn\u0105 decyzj\u0119 w sprawie programu, klasyfikacji i czasu projekcji film\u00f3w podejmie zesp\u00f3\u0142 programowy festiwalu. Ich decyzja jest ostateczna i nie podlega dyskusji. Wnioskodawcy, kt\u00f3rych filmy zostan\u0105 wybrane, otrzymaj\u0105 te informacje w specjalnym li\u015bcie z zaproszeniem.\u00a0<\/p><p class=\"p1\">Po otrzymaniu aplikacji nie zostan\u0105 zwr\u00f3cone \u017cadne linki do przegl\u0105dania ani materia\u0142y aplikacyjne. Prosimy nie wysy\u0142a\u0107 kopii swojej aplikacji.\u00a0<\/p><p class=\"p1\">Kandydaci, kt\u00f3rzy dostan\u0105 si\u0119 na festiwal, zostan\u0105 r\u00f3wnie\u017c poproszeni o przes\u0142anie materia\u0142\u00f3w promocyjnych do programu, strony internetowej itp. Uczestnicy ponosz\u0105 wy\u0142\u0105czn\u0105 odpowiedzialno\u015b\u0107 za terminowe i prawid\u0142owe przes\u0142anie takich materia\u0142\u00f3w. Oczekuje si\u0119, \u017ce zdj\u0119cia kandydat\u00f3w b\u0119d\u0105 mog\u0142y by\u0107 pokazywane na festiwalu bezp\u0142atnie.\u00a0<\/p><p class=\"p1\">Kandydaci, kt\u00f3rzy dostan\u0105 si\u0119 na festiwal, mog\u0105 spodziewa\u0107 si\u0119, \u017ce ich filmy zostan\u0105 wy\u015bwietlone 3-4 razy na festiwalu i 4-5 razy na obszarach wiejskich w miesi\u0105cu nast\u0119puj\u0105cym po RIFF, jako cz\u0119\u015b\u0107 og\u00f3lnokrajowego projektu RIFF. Projekt ma na celu dotarcie do odbiorc\u00f3w, kt\u00f3rzy w przeciwnym razie nie mieliby okazji zobaczy\u0107 programu festiwalu.\u00a0<\/p><p class=\"p1\"><b>TRZY KATEGORIE KONKURSOWE<\/b><\/p><p class=\"p1\">\u00c1 RIFF eru \u00fer\u00edr keppnisflokkar \u00fear sem d\u00f3maranefnd velur bestu myndina: Vitranir (fyrir fyrstu e\u00f0a a\u00f0ra mynd leikstj\u00f3ra \u00ed fullri lengd), \u00d6nnur framt\u00ed\u00f0 (fyrir myndir sem fjalla um a\u00f0kallandi samf\u00e9lagsleg m\u00e1lefni) og stuttmyndaflokkarnir: Besta \u00edslenska stuttmyndin, Besta erlenda stuttmyndin.\u00a0<\/p><p class=\"p1\">Filmy pe\u0142nometra\u017cowe wybrane w kategoriach \u201eWizje\u201d i \u201eInna przysz\u0142o\u015b\u0107\u201d mog\u0105 ubiega\u0107 si\u0119 o Nagrod\u0119 Jury, podobnie jak filmy kr\u00f3tkometra\u017cowe wybrane w kategoriach \u201eFilm kr\u00f3tkometra\u017cowy\u201d.\u00a0<\/p><p class=\"p1\"><b>EGZEMPLARZE PR\u00d3BNE\u00a0<\/b><\/p><p class=\"p1\">Preferowane s\u0105 podgl\u0105dy za po\u015brednictwem Vimeo lub podobnych medi\u00f3w, ale wnioskodawcy mog\u0105 r\u00f3wnie\u017c przes\u0142a\u0107 p\u0142yty DVD lub pami\u0119ci USB. Wszystkie podgl\u0105dy musz\u0105 by\u0107 oznaczone nazw\u0105 filmu i nadawc\u0105. Wnioskodawcy mog\u0105 aplikowa\u0107 z dowoln\u0105 liczb\u0105 film\u00f3w, ale musz\u0105 przes\u0142a\u0107 oddzielne aplikacje i podgl\u0105dy dla ka\u017cdego filmu.<\/p>\t\t\t\t\t\t\t\t<\/div>\n\t\t\t\t<\/div>\n\t\t\t\t\t<\/div>\n\t\t<\/div>\n\t\t\t\t\t<\/div>\n\t\t<\/section>\n\t\t\t\t<div class=\"elementor-element elementor-element-4ac774d elementor-widget elementor-widget-spacer\" data-id=\"4ac774d\" data-element_type=\"widget\" data-e-type=\"widget\" data-widget_type=\"spacer.default\">\n\t\t\t\t<div class=\"elementor-widget-container\">\n\t\t\t\t\t\t\t<div class=\"elementor-spacer\">\n\t\t\t<div class=\"elementor-spacer-inner\"><\/div>\n\t\t<\/div>\n\t\t\t\t\t\t<\/div>\n\t\t\t\t<\/div>\n\t\t\t\t\t<\/div>\n\t\t<\/div>\n\t\t\t\t\t<\/div>\n\t\t<\/section>\n\t\t\t\t<\/div>","protected":false},"excerpt":{"rendered":"<p>TAKA \u00de\u00c1TT 24. September \u2014 4. Oktober 2026 SENDA INN KVIKMYND Al\u00fej\u00f3\u00f0leg kvikmyndah\u00e1t\u00ed\u00f0 \u00ed Reykjav\u00edk mun fara fram milli 24. september og 4. okt\u00f3ber 2026 \u00ed 23. skipti\u00f0. Megintilgangur RIFF, [&hellip;]<\/p>\n","protected":false},"author":893,"featured_media":0,"parent":0,"menu_order":0,"comment_status":"closed","ping_status":"closed","template":"","meta":{"_monsterinsights_skip_tracking":false,"_monsterinsights_sitenote_active":false,"_monsterinsights_sitenote_note":"","_monsterinsights_sitenote_category":0,"_price":"","_stock":"","_tribe_ticket_header":"","_tribe_default_ticket_provider":"","_tribe_ticket_capacity":"0","_ticket_start_date":"","_ticket_end_date":"","_tribe_ticket_show_description":"","_tribe_ticket_show_not_going":false,"_tribe_ticket_use_global_stock":"","_tribe_ticket_global_stock_level":"","_global_stock_mode":"","_global_stock_cap":"","_tribe_rsvp_for_event":"","_tribe_ticket_going_count":"","_tribe_ticket_not_going_count":"","_tribe_tickets_list":"[]","_tribe_ticket_has_attendee_info_fields":false,"footnotes":"","_tec_slr_enabled":"","_tec_slr_layout":""},"class_list":["post-61158","page","type-page","status-publish","hentry"],"ticketed":false,"_links":{"self":[{"href":"https:\/\/riff.is\/pl\/wp-json\/wp\/v2\/pages\/61158","targetHints":{"allow":["GET"]}}],"collection":[{"href":"https:\/\/riff.is\/pl\/wp-json\/wp\/v2\/pages"}],"about":[{"href":"https:\/\/riff.is\/pl\/wp-json\/wp\/v2\/types\/page"}],"author":[{"embeddable":true,"href":"https:\/\/riff.is\/pl\/wp-json\/wp\/v2\/users\/893"}],"replies":[{"embeddable":true,"href":"https:\/\/riff.is\/pl\/wp-json\/wp\/v2\/comments?post=61158"}],"version-history":[{"count":44,"href":"https:\/\/riff.is\/pl\/wp-json\/wp\/v2\/pages\/61158\/revisions"}],"predecessor-version":[{"id":68007,"href":"https:\/\/riff.is\/pl\/wp-json\/wp\/v2\/pages\/61158\/revisions\/68007"}],"wp:attachment":[{"href":"https:\/\/riff.is\/pl\/wp-json\/wp\/v2\/media?parent=61158"}],"curies":[{"name":"wp","href":"https:\/\/api.w.org\/{rel}","templated":true}]}}