{"id":61177,"date":"2025-06-02T10:08:22","date_gmt":"2025-06-02T10:08:22","guid":{"rendered":"https:\/\/riff.is\/?page_id=61177"},"modified":"2026-04-29T14:47:18","modified_gmt":"2026-04-29T14:47:18","slug":"join-us","status":"publish","type":"page","link":"https:\/\/riff.is\/pl\/join-us\/","title":{"rendered":"Interns Volunteers"},"content":{"rendered":"<div data-elementor-type=\"wp-page\" data-elementor-id=\"61177\" class=\"elementor elementor-61177\" data-elementor-post-type=\"page\">\n\t\t\t\t\t\t<section class=\"elementor-section elementor-top-section elementor-element elementor-element-7fcf9d5 elementor-section-boxed elementor-section-height-default elementor-section-height-default\" data-id=\"7fcf9d5\" data-element_type=\"section\" data-e-type=\"section\">\n\t\t\t\t\t\t<div class=\"elementor-container elementor-column-gap-default\">\n\t\t\t\t\t<div class=\"elementor-column elementor-col-100 elementor-top-column elementor-element elementor-element-27ffaa2\" data-id=\"27ffaa2\" data-element_type=\"column\" data-e-type=\"column\">\n\t\t\t<div class=\"elementor-widget-wrap elementor-element-populated\">\n\t\t\t\t<div class=\"elementor-element elementor-element-58ef0f9 e-flex e-con-boxed e-con e-parent\" data-id=\"58ef0f9\" data-element_type=\"container\" data-e-type=\"container\" data-settings=\"{&quot;background_background&quot;:&quot;classic&quot;}\">\n\t\t\t\t\t<div class=\"e-con-inner\">\n\t\t\t\t\t<\/div>\n\t\t\t\t<\/div>\n\t\t\t\t\t<\/div>\n\t\t<\/div>\n\t\t\t\t\t<\/div>\n\t\t<\/section>\n\t\t\t\t<section class=\"elementor-section elementor-top-section elementor-element elementor-element-5088141 elementor-section-boxed elementor-section-height-default elementor-section-height-default\" data-id=\"5088141\" data-element_type=\"section\" data-e-type=\"section\">\n\t\t\t\t\t\t<div class=\"elementor-container elementor-column-gap-default\">\n\t\t\t\t\t\t<\/div>\n\t\t<\/section>\n\t\t\t\t<section class=\"elementor-section elementor-top-section elementor-element elementor-element-198faf2 elementor-section-boxed elementor-section-height-default elementor-section-height-default\" data-id=\"198faf2\" data-element_type=\"section\" data-e-type=\"section\">\n\t\t\t\t\t\t<div class=\"elementor-container elementor-column-gap-default\">\n\t\t\t\t\t\t<\/div>\n\t\t<\/section>\n\t\t\t\t<section class=\"elementor-section elementor-top-section elementor-element elementor-element-c99e73b elementor-section-full_width elementor-section-height-default elementor-section-height-default\" data-id=\"c99e73b\" data-element_type=\"section\" data-e-type=\"section\">\n\t\t\t\t\t\t<div class=\"elementor-container elementor-column-gap-default\">\n\t\t\t\t\t<div class=\"elementor-column elementor-col-100 elementor-top-column elementor-element elementor-element-69497bd\" data-id=\"69497bd\" data-element_type=\"column\" data-e-type=\"column\">\n\t\t\t<div class=\"elementor-widget-wrap elementor-element-populated\">\n\t\t\t\t\t\t<div class=\"elementor-element elementor-element-491d16c elementor-widget elementor-widget-heading\" data-id=\"491d16c\" data-element_type=\"widget\" data-e-type=\"widget\" data-widget_type=\"heading.default\">\n\t\t\t\t<div class=\"elementor-widget-container\">\n\t\t\t\t\t<h2 class=\"elementor-heading-title elementor-size-default\">DO\u0141\u0104CZ DO NAS!<\/h2>\t\t\t\t<\/div>\n\t\t\t\t<\/div>\n\t\t\t\t\t<\/div>\n\t\t<\/div>\n\t\t\t\t\t<\/div>\n\t\t<\/section>\n\t\t\t\t<section class=\"elementor-section elementor-top-section elementor-element elementor-element-ed0151b elementor-section-boxed elementor-section-height-default elementor-section-height-default\" data-id=\"ed0151b\" data-element_type=\"section\" data-e-type=\"section\">\n\t\t\t\t\t\t<div class=\"elementor-container elementor-column-gap-default\">\n\t\t\t\t\t<div class=\"elementor-column elementor-col-100 elementor-top-column elementor-element elementor-element-ede6ef2\" data-id=\"ede6ef2\" data-element_type=\"column\" data-e-type=\"column\">\n\t\t\t<div class=\"elementor-widget-wrap elementor-element-populated\">\n\t\t\t\t\t\t<div class=\"elementor-element elementor-element-e9026f1 elementor-widget elementor-widget-text-editor\" data-id=\"e9026f1\" data-element_type=\"widget\" data-e-type=\"widget\" data-widget_type=\"text-editor.default\">\n\t\t\t\t<div class=\"elementor-widget-container\">\n\t\t\t\t\t\t\t\t\t<p>Pasjonujesz si\u0119 filmem i poszukujesz pierwszych do\u015bwiadcze\u0144 w \u015bwiecie event\u00f3w filmowych na Islandii? Chcia\u0142by\u015b\/-aby\u015b sta\u0107 za produkcj\u0105 i organizacj\u0105 jednego z najwi\u0119kszych festiwali filmowych na Islandii?<\/p><p>Vi\u00f0 hj\u00e1 RIFF bj\u00f3\u00f0um upp\u00e1 t\u00e6kif\u00e6ri til a\u00f0 \u00f6\u00f0last reynslu og l\u00e6ra af okkur. Ef \u00feetta vekur \u00e1huga \u00feinn og og \u00fe\u00fa ert tilb\u00fain a\u00f0 skuldbinda \u00feig, \u00fe\u00e1 \u00e6ttir\u00f0u a\u00f0 \u00edhuga a\u00f0 gerast starfsnemi e\u00f0a sj\u00e1lfbo\u00f0ali\u00f0i fyrir RIFF 2026!<\/p><p>RIFF odbywa si\u0119 pod koniec wrze\u015bnia ka\u017cdego roku w Rejkiawiku, kulturalnym centrum kraju znanego z basen\u00f3w termalnych, wodospad\u00f3w i imponuj\u0105cych lodowc\u00f3w.<\/p>\t\t\t\t\t\t\t\t<\/div>\n\t\t\t\t<\/div>\n\t\t\t\t<section class=\"elementor-section elementor-inner-section elementor-element elementor-element-827e8d8 elementor-section-boxed elementor-section-height-default elementor-section-height-default\" data-id=\"827e8d8\" data-element_type=\"section\" data-e-type=\"section\">\n\t\t\t\t\t\t<div class=\"elementor-container elementor-column-gap-default\">\n\t\t\t\t\t<div class=\"elementor-column elementor-col-50 elementor-inner-column elementor-element elementor-element-959f508\" data-id=\"959f508\" data-element_type=\"column\" data-e-type=\"column\">\n\t\t\t<div class=\"elementor-widget-wrap elementor-element-populated\">\n\t\t\t\t\t\t<div class=\"elementor-element elementor-element-1ff2c15 elementor-widget elementor-widget-heading\" data-id=\"1ff2c15\" data-element_type=\"widget\" data-e-type=\"widget\" data-widget_type=\"heading.default\">\n\t\t\t\t<div class=\"elementor-widget-container\">\n\t\t\t\t\t<h2 class=\"elementor-heading-title elementor-size-default\">STA\u017b<\/h2>\t\t\t\t<\/div>\n\t\t\t\t<\/div>\n\t\t\t\t<div class=\"elementor-element elementor-element-e90a1d5 elementor-widget__width-initial elementor-widget elementor-widget-text-editor\" data-id=\"e90a1d5\" data-element_type=\"widget\" data-e-type=\"widget\" data-widget_type=\"text-editor.default\">\n\t\t\t\t<div class=\"elementor-widget-container\">\n\t\t\t\t\t\t\t\t\t<p>RIFF poszukuje sta\u017cyst\u00f3w do pracy w biurze w Reykjaviku. Mamy mn\u00f3stwo interesuj\u0105cych zada\u0144, w kt\u00f3rych potrzebujemy wsparcia, a jako sta\u017cysta b\u0119dziesz zaanga\u017cowany w wiele aspekt\u00f3w festiwalu i staniesz si\u0119 istotnym cz\u0142onkiem zespo\u0142u.<\/p><p>Zadania obejmuj\u0105 mi\u0119dzy innymi organizacj\u0119, produkcj\u0119 oraz komunikacj\u0119 z filmowcami, firmami, w\u0142a\u015bcicielami budynk\u00f3w i innymi partnerami.<\/p><p>Vi\u00f0 t\u00f6kum inn starfsnemar \u00ferisvar sinnum \u00e1 \u00e1ri, \u00fdmist \u00ed \u00ferj\u00e1 e\u00f0a sex m\u00e1nu\u00f0i. Ums\u00f3knarfrestur eru 10. jan\u00faar 2026 fyrir \u00fe\u00e1 sem vilja taka \u00fe\u00e1tt \u00ed undirb\u00faningi h\u00e1t\u00ed\u00f0arinnar, 2. febr\u00faar fyrir \u00fe\u00e1 sem vilja vera hluti af \u00f6llu h\u00e1t\u00ed\u00f0arferlinu fr\u00e1 apr\u00edl til okt\u00f3ber, og 11. ma\u00ed fyrir \u00fe\u00e1 sem vilja koma og vera \u00ed taka \u00fe\u00e1tt \u00ed framkv\u00e6md h\u00e1t\u00ed\u00f0arinnar fr\u00e1 j\u00fal\u00ed til okt\u00f3ber. Starfsn\u00e1m er ekki launa\u00f0, en \u00fea\u00f0 er m\u00f6guleiki \u00e1 a\u00f0 vera r\u00e1\u00f0inn inn eftir starfsn\u00e1mi\u00f0.<\/p><p>Nasze sta\u017ce s\u0105 doskona\u0142\u0105 okazj\u0105 dla os\u00f3b rozpoczynaj\u0105cych karier\u0119 w bran\u017cy filmowej. Naszym celem jest zapewnienie pracy w przyjaznym i ciekawym \u015brodowisku, kt\u00f3re daje klarowny wgl\u0105d za kulisy organizacji i produkcji festiwalu filmowego. Wszyscy sta\u017cy\u015bci otrzymuj\u0105 r\u00f3wnie\u017c karnet festiwalowy, kt\u00f3ry uprawnia do wst\u0119pu na wszystkie pokazy festiwalowe.<\/p>\t\t\t\t\t\t\t\t<\/div>\n\t\t\t\t<\/div>\n\t\t\t\t<div class=\"elementor-element elementor-element-154c1f7 elementor-align-left elementor-widget elementor-widget-button\" data-id=\"154c1f7\" data-element_type=\"widget\" data-e-type=\"widget\" data-widget_type=\"button.default\">\n\t\t\t\t<div class=\"elementor-widget-container\">\n\t\t\t\t\t\t\t\t\t<div class=\"elementor-button-wrapper\">\n\t\t\t\t\t<a class=\"elementor-button elementor-button-link elementor-size-sm\" href=\"https:\/\/vp.eventival.com\/riff\/2026\" rel=\"nofollow noopener\" target=\"_blank\">\n\t\t\t\t\t\t<span class=\"elementor-button-content-wrapper\">\n\t\t\t\t\t\t\t\t\t<span class=\"elementor-button-text\">ZG\u0141O\u015a SI\u0118 NA STA\u017b<\/span>\n\t\t\t\t\t<\/span>\n\t\t\t\t\t<\/a>\n\t\t\t\t<\/div>\n\t\t\t\t\t\t\t\t<\/div>\n\t\t\t\t<\/div>\n\t\t\t\t\t<\/div>\n\t\t<\/div>\n\t\t\t\t<div class=\"elementor-column elementor-col-50 elementor-inner-column elementor-element elementor-element-1f6859f\" data-id=\"1f6859f\" data-element_type=\"column\" data-e-type=\"column\">\n\t\t\t<div class=\"elementor-widget-wrap elementor-element-populated\">\n\t\t\t\t\t\t<div class=\"elementor-element elementor-element-3b36880 elementor-widget elementor-widget-heading\" data-id=\"3b36880\" data-element_type=\"widget\" data-e-type=\"widget\" data-widget_type=\"heading.default\">\n\t\t\t\t<div class=\"elementor-widget-container\">\n\t\t\t\t\t<h2 class=\"elementor-heading-title elementor-size-default\">WOLONTARIAT<\/h2>\t\t\t\t<\/div>\n\t\t\t\t<\/div>\n\t\t\t\t<div class=\"elementor-element elementor-element-5c56d67 elementor-widget elementor-widget-text-editor\" data-id=\"5c56d67\" data-element_type=\"widget\" data-e-type=\"widget\" data-widget_type=\"text-editor.default\">\n\t\t\t\t<div class=\"elementor-widget-container\">\n\t\t\t\t\t\t\t\t\t<p class=\"translation-block\">Interesuje ci\u0119 pomoc przy rozwijaj\u0105cym si\u0119 \u015bwiatowej klasy festiwalu, ogl\u0105danie \u015bwietnych film\u00f3w i doskonalenie swoich umiej\u0119tno\u015bci zawodowych? Je\u015bli tak, to do\u0142\u0105cz do nas jako wolontariusz festiwalu! Mamy wiele zada\u0144, takich jak organizacja wydarze\u0144 specjalnych, pomoc w kinie i podczas pokaz\u00f3w filmowych, opieka nad go\u015b\u0107mi i nagradzanymi osobisto\u015bciami oraz publikowanie informacji, zar\u00f3wno w \u015bwiecie rzeczywistym, jak i online.<\/p><p class=\"translation-block\">Nasz skromny festiwal nie m\u00f3g\u0142by si\u0119 co roku odbywa\u0107 bez oddania i wsparcia wielu wolontariuszy, kt\u00f3rzy do\u0142\u0105czaj\u0105 do nas ka\u017cdego roku. Potrzebujemy Twojej pomocy!<\/p>\t\t\t\t\t\t\t\t<\/div>\n\t\t\t\t<\/div>\n\t\t\t\t<div class=\"elementor-element elementor-element-cd9e3e3 elementor-blockquote--skin-border elementor-widget elementor-widget-blockquote\" data-id=\"cd9e3e3\" data-element_type=\"widget\" data-e-type=\"widget\" data-widget_type=\"blockquote.default\">\n\t\t\t\t<div class=\"elementor-widget-container\">\n\t\t\t\t\t\t\t<blockquote class=\"elementor-blockquote\">\n\t\t\t<p class=\"elementor-blockquote__content\">\n\t\t\t\t\u201eRIFF wnosi bardzo potrzebny powiew \u015bwie\u017co\u015bci do bran\u017cy filmowej. Skutecznie celebruje r\u00f3\u017cnorodno\u015b\u0107, docenia innowacyjno\u015b\u0107 i promuje poruszaj\u0105ce, sk\u0142aniaj\u0105ce do refleksji historie. Jestem wdzi\u0119czna, \u017ce mog\u0142am przyczyni\u0107 si\u0119 do organizacji tak integracyjnego i dynamicznego festiwalu oraz pom\u00f3c nam zbli\u017cy\u0107 si\u0119 o krok do lepszej przysz\u0142o\u015bci kina\u201d.\t\t\t<\/p>\n\t\t\t\t\t\t\t<div class=\"e-q-footer\">\n\t\t\t\t\t\t\t\t\t\t\t<cite class=\"elementor-blockquote__author\">Marie-Lys Roche, sta\u017cystka RIFF 2024<\/cite>\n\t\t\t\t\t\t\t\t\t\t\t\t\t\t<\/div>\n\t\t\t\t\t<\/blockquote>\n\t\t\t\t\t\t<\/div>\n\t\t\t\t<\/div>\n\t\t\t\t<div class=\"elementor-element elementor-element-217e35f elementor-align-center elementor-widget elementor-widget-button\" data-id=\"217e35f\" data-element_type=\"widget\" data-e-type=\"widget\" data-widget_type=\"button.default\">\n\t\t\t\t<div class=\"elementor-widget-container\">\n\t\t\t\t\t\t\t\t\t<div class=\"elementor-button-wrapper\">\n\t\t\t\t\t<a class=\"elementor-button elementor-button-link elementor-size-sm\" href=\"https:\/\/vp.eventival.com\/riff\/2026\/custom-form\/volunteer_application_2026\/edit\" rel=\"nofollow noopener\" target=\"_blank\">\n\t\t\t\t\t\t<span class=\"elementor-button-content-wrapper\">\n\t\t\t\t\t\t\t\t\t<span class=\"elementor-button-text\">ZG\u0141O\u015a SI\u0118 JAKO WOLONTARIUSZ<\/span>\n\t\t\t\t\t<\/span>\n\t\t\t\t\t<\/a>\n\t\t\t\t<\/div>\n\t\t\t\t\t\t\t\t<\/div>\n\t\t\t\t<\/div>\n\t\t\t\t\t<\/div>\n\t\t<\/div>\n\t\t\t\t\t<\/div>\n\t\t<\/section>\n\t\t\t\t\t<\/div>\n\t\t<\/div>\n\t\t\t\t\t<\/div>\n\t\t<\/section>\n\t\t\t\t<section class=\"elementor-section elementor-top-section elementor-element elementor-element-77a48de elementor-section-boxed elementor-section-height-default elementor-section-height-default\" data-id=\"77a48de\" data-element_type=\"section\" data-e-type=\"section\">\n\t\t\t\t\t\t<div class=\"elementor-container elementor-column-gap-default\">\n\t\t\t\t\t<div class=\"elementor-column elementor-col-100 elementor-top-column elementor-element elementor-element-874ca4b\" data-id=\"874ca4b\" data-element_type=\"column\" data-e-type=\"column\">\n\t\t\t<div class=\"elementor-widget-wrap\">\n\t\t\t\t\t\t\t<\/div>\n\t\t<\/div>\n\t\t\t\t\t<\/div>\n\t\t<\/section>\n\t\t\t\t<section class=\"elementor-section elementor-top-section elementor-element elementor-element-4b33350 elementor-section-boxed elementor-section-height-default elementor-section-height-default\" data-id=\"4b33350\" data-element_type=\"section\" data-e-type=\"section\">\n\t\t\t\t\t\t<div class=\"elementor-container elementor-column-gap-default\">\n\t\t\t\t\t<div class=\"elementor-column elementor-col-100 elementor-top-column elementor-element elementor-element-199f3c7\" data-id=\"199f3c7\" data-element_type=\"column\" data-e-type=\"column\">\n\t\t\t<div class=\"elementor-widget-wrap\">\n\t\t\t\t\t\t\t<\/div>\n\t\t<\/div>\n\t\t\t\t\t<\/div>\n\t\t<\/section>\n\t\t\t\t<section class=\"elementor-section elementor-top-section elementor-element elementor-element-5eeb5c0 elementor-section-boxed elementor-section-height-default elementor-section-height-default\" data-id=\"5eeb5c0\" data-element_type=\"section\" data-e-type=\"section\">\n\t\t\t\t\t\t<div class=\"elementor-container elementor-column-gap-default\">\n\t\t\t\t\t<div class=\"elementor-column elementor-col-100 elementor-top-column elementor-element elementor-element-7843db2\" data-id=\"7843db2\" data-element_type=\"column\" data-e-type=\"column\">\n\t\t\t<div class=\"elementor-widget-wrap\">\n\t\t\t\t\t\t\t<\/div>\n\t\t<\/div>\n\t\t\t\t\t<\/div>\n\t\t<\/section>\n\t\t\t\t<\/div>","protected":false},"excerpt":{"rendered":"<p>VERTU ME\u00d0 Hefur \u00fe\u00fa brennandi \u00e1huga \u00e1 kvikmyndum og ert a\u00f0 leita a\u00f0 \u00feinni fyrstu reynslu \u00ed heimi vi\u00f0bur\u00f0a og kvikmynda \u00e1 \u00cdslandi? Viltu vera partur af framlei\u00f0slu og skipulagningu [&hellip;]<\/p>\n","protected":false},"author":893,"featured_media":0,"parent":0,"menu_order":0,"comment_status":"closed","ping_status":"closed","template":"","meta":{"_monsterinsights_skip_tracking":false,"_monsterinsights_sitenote_active":false,"_monsterinsights_sitenote_note":"","_monsterinsights_sitenote_category":0,"_price":"","_stock":"","_tribe_ticket_header":"","_tribe_default_ticket_provider":"","_tribe_ticket_capacity":"0","_ticket_start_date":"","_ticket_end_date":"","_tribe_ticket_show_description":"","_tribe_ticket_show_not_going":false,"_tribe_ticket_use_global_stock":"","_tribe_ticket_global_stock_level":"","_global_stock_mode":"","_global_stock_cap":"","_tribe_rsvp_for_event":"","_tribe_ticket_going_count":"","_tribe_ticket_not_going_count":"","_tribe_tickets_list":"[]","_tribe_ticket_has_attendee_info_fields":false,"footnotes":"","_tec_slr_enabled":"","_tec_slr_layout":""},"class_list":["post-61177","page","type-page","status-publish","hentry"],"ticketed":false,"_links":{"self":[{"href":"https:\/\/riff.is\/pl\/wp-json\/wp\/v2\/pages\/61177","targetHints":{"allow":["GET"]}}],"collection":[{"href":"https:\/\/riff.is\/pl\/wp-json\/wp\/v2\/pages"}],"about":[{"href":"https:\/\/riff.is\/pl\/wp-json\/wp\/v2\/types\/page"}],"author":[{"embeddable":true,"href":"https:\/\/riff.is\/pl\/wp-json\/wp\/v2\/users\/893"}],"replies":[{"embeddable":true,"href":"https:\/\/riff.is\/pl\/wp-json\/wp\/v2\/comments?post=61177"}],"version-history":[{"count":40,"href":"https:\/\/riff.is\/pl\/wp-json\/wp\/v2\/pages\/61177\/revisions"}],"predecessor-version":[{"id":67930,"href":"https:\/\/riff.is\/pl\/wp-json\/wp\/v2\/pages\/61177\/revisions\/67930"}],"wp:attachment":[{"href":"https:\/\/riff.is\/pl\/wp-json\/wp\/v2\/media?parent=61177"}],"curies":[{"name":"wp","href":"https:\/\/api.w.org\/{rel}","templated":true}]}}