{"id":67644,"date":"2026-04-01T14:25:20","date_gmt":"2026-04-01T14:25:20","guid":{"rendered":"https:\/\/riff.is\/?page_id=67644"},"modified":"2026-04-01T16:12:14","modified_gmt":"2026-04-01T16:12:14","slug":"riff-work-in-progress","status":"publish","type":"page","link":"https:\/\/riff.is\/pl\/riff-work-in-progress\/","title":{"rendered":"RIFF Work in Progress"},"content":{"rendered":"<div data-elementor-type=\"wp-page\" data-elementor-id=\"67644\" class=\"elementor elementor-67644\" data-elementor-post-type=\"page\">\n\t\t\t\t\t\t<section class=\"elementor-section elementor-top-section elementor-element elementor-element-027e0ae elementor-section-full_width elementor-section-height-default elementor-section-height-default\" data-id=\"027e0ae\" data-element_type=\"section\" data-e-type=\"section\">\n\t\t\t\t\t\t<div class=\"elementor-container elementor-column-gap-default\">\n\t\t\t\t\t<div class=\"elementor-column elementor-col-100 elementor-top-column elementor-element elementor-element-0952e73\" data-id=\"0952e73\" data-element_type=\"column\" data-e-type=\"column\">\n\t\t\t<div class=\"elementor-widget-wrap elementor-element-populated\">\n\t\t\t\t<div class=\"elementor-element elementor-element-b3e7af1 e-con-full e-flex e-con e-parent\" data-id=\"b3e7af1\" data-element_type=\"container\" data-e-type=\"container\" data-settings=\"{&quot;background_background&quot;:&quot;classic&quot;}\">\n\t\t\t\t<\/div>\n\t\t\t\t<div class=\"elementor-element elementor-element-7636544 elementor-widget-mobile__width-initial elementor-widget elementor-widget-heading\" data-id=\"7636544\" data-element_type=\"widget\" data-e-type=\"widget\" data-widget_type=\"heading.default\">\n\t\t\t\t<div class=\"elementor-widget-container\">\n\t\t\t\t\t<h2 class=\"elementor-heading-title elementor-size-default\">Verk \u00ed vinnslu kynning: Samframlei\u00f0sluvettvangur<\/h2>\t\t\t\t<\/div>\n\t\t\t\t<\/div>\n\t\t\t\t<div class=\"elementor-element elementor-element-84f5696 elementor-widget elementor-widget-heading\" data-id=\"84f5696\" data-element_type=\"widget\" data-e-type=\"widget\" data-widget_type=\"heading.default\">\n\t\t\t\t<div class=\"elementor-widget-container\">\n\t\t\t\t\t<h2 class=\"elementor-heading-title elementor-size-default\">2. Okt\u00f3ber<\/h2>\t\t\t\t<\/div>\n\t\t\t\t<\/div>\n\t\t\t\t<div class=\"elementor-element elementor-element-e280ea2 elementor-widget-divider--view-line elementor-widget elementor-widget-divider\" data-id=\"e280ea2\" data-element_type=\"widget\" data-e-type=\"widget\" data-widget_type=\"divider.default\">\n\t\t\t\t<div class=\"elementor-widget-container\">\n\t\t\t\t\t\t\t<div class=\"elementor-divider\">\n\t\t\t<span class=\"elementor-divider-separator\">\n\t\t\t\t\t\t<\/span>\n\t\t<\/div>\n\t\t\t\t\t\t<\/div>\n\t\t\t\t<\/div>\n\t\t\t\t<section class=\"elementor-section elementor-inner-section elementor-element elementor-element-d1724b6 elementor-section-boxed elementor-section-height-default elementor-section-height-default\" data-id=\"d1724b6\" data-element_type=\"section\" data-e-type=\"section\">\n\t\t\t\t\t\t<div class=\"elementor-container elementor-column-gap-default\">\n\t\t\t\t\t<div class=\"elementor-column elementor-col-100 elementor-inner-column elementor-element elementor-element-0384046\" data-id=\"0384046\" data-element_type=\"column\" data-e-type=\"column\">\n\t\t\t<div class=\"elementor-widget-wrap elementor-element-populated\">\n\t\t\t\t\t\t<div class=\"elementor-element elementor-element-e8287c7 elementor-widget elementor-widget-text-editor\" data-id=\"e8287c7\" data-element_type=\"widget\" data-e-type=\"widget\" data-widget_type=\"text-editor.default\">\n\t\t\t\t<div class=\"elementor-widget-container\">\n\t\t\t\t\t\t\t\t\t<p><b>Al\u00fej\u00f3\u00f0lega kvikmyndah\u00e1t\u00ed\u00f0in \u00ed Reykjav\u00edk (RIFF)<\/b> augl\u00fdsir eftir ums\u00f3knum \u00ed Verk \u00ed vinnslu kynningu: Samframlei\u00f0sluvettvang, kynningarvettvang sem fer fram \u00e1 Bransad\u00f6gum RIFF \u00feann 2. okt\u00f3ber 2026.<\/p><p>Verk \u00ed vinnslu lei\u00f0ir saman \u00farval allt a\u00f0 t\u00edu kvikmyndaverkefna fr\u00e1 Nor\u00f0url\u00f6ndum og heimskautasv\u00e6\u00f0unum sem eru \u00ed framlei\u00f0slu e\u00f0a \u00e1 frumklippistigi og leita a\u00f0 samframlei\u00f0endum. Valin verkefni munu f\u00e1 t\u00e6kif\u00e6ri til a\u00f0 kynna sig fyrir bo\u00f0sgestum \u2014 innlendum og erlendum framlei\u00f0endum og \u00f6\u00f0ru fagf\u00f3lki kvikmyndageirans \u2014 sem koma s\u00e9rstaklega saman fyrir \u00feessa kynningu. A\u00f0 kynningum loknum fara fram skipulag\u00f0ir einstaklingsfundir og \u00f3formleg tengslamyndun.<\/p><p><strong>HVERJU ERUM VI\u00d0 A\u00d0 LEITA A\u00d0?<\/strong><\/p><p>Vi\u00f0 leitum a\u00f0 \u00e1r\u00e6\u00f0num, metna\u00f0afullum verkefnum sem bera vitni um sk\u00fdra s\u00fdn leikstj\u00f3ra fr\u00e1\u00a0 Nor\u00f0url\u00f6ndum og heimskautasv\u00e6\u00f0unum. S\u00e9rstaklega er kalla\u00f0 eftir verkefnum sem takast \u00e1 vi\u00f0 spurningar um vistfr\u00e6\u00f0i, p\u00f3lit\u00edskar og samf\u00e9lagslegar umbreytingar, sj\u00f3narhorn hins \u00f3mannlega e\u00f0a n\u00fd fr\u00e1sagnarform sem breg\u00f0ast vi\u00f0 br\u00fdnum vi\u00f0fangsefnum samt\u00edmans. \u00deetta eru \u00fe\u00f3 ekki skilyr\u00f0i.<\/p><p><b>KTO MO\u017bE SI\u0118 ZG\u0141OSI\u0106?<\/b><strong>\u00a0<\/strong><\/p><p><strong>Stig:<\/strong> Verkefni \u00ed framlei\u00f0slu, \u00e1 lokastigi framlei\u00f0slu e\u00f0a \u00e1 frumklippistigi\u2028<\/p><p><strong>Uppruni:<\/strong> Verkefni (sam-)framleidd \u00e1 \u00cdslandi, \u00ed Noregi, Danm\u00f6rku, Sv\u00ed\u00fej\u00f3\u00f0, Finnlandi, Gr\u00e6nlandi e\u00f0a F\u00e6reyjum\u2028<\/p><p><strong>Sem leita a\u00f0: <\/strong>Samframlei\u00f0endum \u2014 \u00feetta er frumskilyr\u00f0i fyrir \u00fe\u00e1ttt\u00f6ku \u00ed Verka \u00ed vinnslu\u2028<\/p><p><strong>Form:<\/strong> Kvikmynd \u00ed fullri lengd \u2014 leikin kvikmynd, heimildarmynd, blanda\u00f0 form e\u00f0a tilraunakennd kvikmynd\u2028<\/p><p><strong>Teymi:<\/strong> A\u00f0 minnsta kosti einn fulltr\u00fai \u00fearf a\u00f0 vera til sta\u00f0ar \u00ed Reykjav\u00edk \u00feann 2. okt\u00f3ber 2026 til a\u00f0 kynna verkefni\u00f0<\/p><div>\u00a0<\/div><p><strong>VI\u00d0 HVERJU M\u00c1 B\u00daAST?<\/strong><\/p><p>Valin verkefni taka \u00fe\u00e1tt \u00ed kynningarlotu \u00fear sem \u00feau kynna sig fyrir bo\u00f0sgestum \u2014 \u00edslenskum, norr\u00e6num og al\u00fej\u00f3\u00f0legum framlei\u00f0endum og \u00f6\u00f0ru fagf\u00f3lki kvikmyndai\u00f0na\u00f0arins \u2014 en a\u00f0 henni lokinni fara fram skipulag\u00f0ir einstaklingsfundir og kv\u00f6ldvi\u00f0bur\u00f0ur \u00fear sem l\u00f6g\u00f0 er \u00e1hersla \u00e1 tengslamyndun. Vi\u00f0bur\u00f0inum ver\u00f0ur jafnframt streymt \u00ed beinni til valins h\u00f3ps fagf\u00f3lks sem tekur \u00fe\u00e1tt \u00ed dagskr\u00e1nni gegnum fjarfund.<\/p><p>Vinsamlegast athugi\u00f0 a\u00f0 <b>Bransadagar RIFF <\/b>grei\u00f0a ekki fer\u00f0a- e\u00f0a gistikostna\u00f0 \u00fe\u00e1tttakenda \u00ed Verkum \u00ed vinnslu. Vi\u00f0 hvetjum ums\u00e6kjendur til a\u00f0 kanna m\u00f6guleika \u00e1 stu\u00f0ningi hj\u00e1 kvikmyndastofnunum \u00ed s\u00ednu heimalandi.<\/p><p><strong>HELSTU DAGSETNINGAR<\/strong><\/p><p><b>Opnun ums\u00f3kna\u00a0 \u00a0&#8211;\u00a0 \u00a0<\/b>31. mars 2026<\/p><p><b>Ums\u00f3knarfrestur\u00a0 &#8211;\u00a0 \u00a0<\/b>3. ma\u00ed 2026<\/p><p><b>Tilkynning um val verkefna\u00a0 \u00a0&#8211;\u00a0\u00a0<\/b>Seint \u00ed ma\u00ed 2026<\/p><p><b>Kynning (Showcase)<\/b>\u00a0 \u00a0<b>&#8211;<\/b>\u00a0 2. okt\u00f3ber 2026 \u2014 Reykjav\u00edk<\/p><p><b>HVERNIG \u00c1 A\u00d0 S\u00c6KJA UM<\/b><\/p><p>Ums\u00f3knum er skila\u00f0 \u00ed gegnum Eventival. Ums\u00e6kjendur eru be\u00f0nir um a\u00f0 skila inn uppl\u00fdsingum um verkefni\u00f0, st\u00f6\u00f0u \u00feess hverju sinni, fj\u00e1rm\u00f6gnun og hverju \u00feeir leita s\u00e9rstaklega eftir \u00ed samstarfi vi\u00f0 samframlei\u00f0endur.<\/p>\t\t\t\t\t\t\t\t<\/div>\n\t\t\t\t<\/div>\n\t\t\t\t<div class=\"elementor-element elementor-element-8a181ac elementor-align-left elementor-widget elementor-widget-button\" data-id=\"8a181ac\" data-element_type=\"widget\" data-e-type=\"widget\" data-widget_type=\"button.default\">\n\t\t\t\t<div class=\"elementor-widget-container\">\n\t\t\t\t\t\t\t\t\t<div class=\"elementor-button-wrapper\">\n\t\t\t\t\t<a class=\"elementor-button elementor-button-link elementor-size-sm\" href=\"https:\/\/vp.eventival.com\/riff\/2026\/film-form\/open_call_wp_2026\" rel=\"nofollow noopener\" target=\"_blank\">\n\t\t\t\t\t\t<span class=\"elementor-button-content-wrapper\">\n\t\t\t\t\t\t\t\t\t<span class=\"elementor-button-text\">S\u00c6KJA UM H\u00c9R<\/span>\n\t\t\t\t\t<\/span>\n\t\t\t\t\t<\/a>\n\t\t\t\t<\/div>\n\t\t\t\t\t\t\t\t<\/div>\n\t\t\t\t<\/div>\n\t\t\t\t\t<\/div>\n\t\t<\/div>\n\t\t\t\t\t<\/div>\n\t\t<\/section>\n\t\t\t\t\t<\/div>\n\t\t<\/div>\n\t\t\t\t\t<\/div>\n\t\t<\/section>\n\t\t\t\t<section class=\"elementor-section elementor-top-section elementor-element elementor-element-83ea45e elementor-section-boxed elementor-section-height-default elementor-section-height-default\" data-id=\"83ea45e\" data-element_type=\"section\" data-e-type=\"section\">\n\t\t\t\t\t\t<div class=\"elementor-container elementor-column-gap-default\">\n\t\t\t\t\t<div class=\"elementor-column elementor-col-100 elementor-top-column elementor-element elementor-element-7dbf0ab\" data-id=\"7dbf0ab\" data-element_type=\"column\" data-e-type=\"column\">\n\t\t\t<div class=\"elementor-widget-wrap elementor-element-populated\">\n\t\t\t\t\t\t<div class=\"elementor-element elementor-element-b3b5926 elementor-widget elementor-widget-video\" data-id=\"b3b5926\" data-element_type=\"widget\" data-e-type=\"widget\" data-settings=\"{&quot;youtube_url&quot;:&quot;https:\\\/\\\/www.youtube.com\\\/watch?v=zeklJioEC9U&amp;t=1243s&quot;,&quot;show_image_overlay&quot;:&quot;yes&quot;,&quot;image_overlay&quot;:{&quot;url&quot;:&quot;&quot;,&quot;id&quot;:&quot;&quot;,&quot;size&quot;:&quot;&quot;,&quot;alt&quot;:&quot;&quot;,&quot;source&quot;:&quot;library&quot;},&quot;video_type&quot;:&quot;youtube&quot;,&quot;controls&quot;:&quot;yes&quot;}\" data-widget_type=\"video.default\">\n\t\t\t\t<div class=\"elementor-widget-container\">\n\t\t\t\t\t\t\t<div class=\"elementor-wrapper elementor-open-inline\">\n\t\t\t<div class=\"elementor-video\"><\/div>\t\t<\/div>\n\t\t\t\t\t\t<\/div>\n\t\t\t\t<\/div>\n\t\t\t\t\t<\/div>\n\t\t<\/div>\n\t\t\t\t\t<\/div>\n\t\t<\/section>\n\t\t\t\t<\/div>","protected":false},"excerpt":{"rendered":"<p>Verk \u00ed vinnslu kynning: Samframlei\u00f0sluvettvangur 2. Okt\u00f3ber Al\u00fej\u00f3\u00f0lega kvikmyndah\u00e1t\u00ed\u00f0in \u00ed Reykjav\u00edk (RIFF) augl\u00fdsir eftir ums\u00f3knum \u00ed Verk \u00ed vinnslu kynningu: Samframlei\u00f0sluvettvang, kynningarvettvang sem fer fram \u00e1 Bransad\u00f6gum RIFF \u00feann 2. [&hellip;]<\/p>\n","protected":false},"author":993,"featured_media":67682,"parent":0,"menu_order":0,"comment_status":"closed","ping_status":"closed","template":"elementor_header_footer","meta":{"_monsterinsights_skip_tracking":false,"_monsterinsights_sitenote_active":false,"_monsterinsights_sitenote_note":"","_monsterinsights_sitenote_category":0,"_price":"","_stock":"","_tribe_ticket_header":"","_tribe_default_ticket_provider":"","_tribe_ticket_capacity":"0","_ticket_start_date":"","_ticket_end_date":"","_tribe_ticket_show_description":"","_tribe_ticket_show_not_going":false,"_tribe_ticket_use_global_stock":"","_tribe_ticket_global_stock_level":"","_global_stock_mode":"","_global_stock_cap":"","_tribe_rsvp_for_event":"","_tribe_ticket_going_count":"","_tribe_ticket_not_going_count":"","_tribe_tickets_list":"[]","_tribe_ticket_has_attendee_info_fields":false,"footnotes":"","_tec_slr_enabled":"","_tec_slr_layout":""},"class_list":["post-67644","page","type-page","status-publish","has-post-thumbnail","hentry"],"ticketed":false,"_links":{"self":[{"href":"https:\/\/riff.is\/pl\/wp-json\/wp\/v2\/pages\/67644","targetHints":{"allow":["GET"]}}],"collection":[{"href":"https:\/\/riff.is\/pl\/wp-json\/wp\/v2\/pages"}],"about":[{"href":"https:\/\/riff.is\/pl\/wp-json\/wp\/v2\/types\/page"}],"author":[{"embeddable":true,"href":"https:\/\/riff.is\/pl\/wp-json\/wp\/v2\/users\/993"}],"replies":[{"embeddable":true,"href":"https:\/\/riff.is\/pl\/wp-json\/wp\/v2\/comments?post=67644"}],"version-history":[{"count":41,"href":"https:\/\/riff.is\/pl\/wp-json\/wp\/v2\/pages\/67644\/revisions"}],"predecessor-version":[{"id":67731,"href":"https:\/\/riff.is\/pl\/wp-json\/wp\/v2\/pages\/67644\/revisions\/67731"}],"wp:featuredmedia":[{"embeddable":true,"href":"https:\/\/riff.is\/pl\/wp-json\/wp\/v2\/media\/67682"}],"wp:attachment":[{"href":"https:\/\/riff.is\/pl\/wp-json\/wp\/v2\/media?parent=67644"}],"curies":[{"name":"wp","href":"https:\/\/api.w.org\/{rel}","templated":true}]}}