{"id":34111,"date":"2022-08-09T14:55:18","date_gmt":"2022-08-09T14:55:18","guid":{"rendered":"https:\/\/riff.is\/product\/joklabio-ice-cave-cinema\/"},"modified":"2022-10-03T08:15:01","modified_gmt":"2022-10-03T08:15:01","slug":"joklabio-ice-cave-cinema","status":"publish","type":"product","link":"https:\/\/riff.is\/pl\/produkt\/joklabio-ice-cave-cinema\/","title":{"rendered":"J\u00f6klab\u00ed\u00f3 \/ Ice Cave Cinema"},"content":{"rendered":"","protected":false},"excerpt":{"rendered":"<p>Adult price<\/p>","protected":false},"featured_media":0,"template":"","meta":{"_monsterinsights_skip_tracking":false,"_monsterinsights_sitenote_active":false,"_monsterinsights_sitenote_note":"","_monsterinsights_sitenote_category":0,"_price":"42900","_stock":"74","_tribe_ticket_header":"","_tribe_default_ticket_provider":"","_tribe_ticket_capacity":"80","_ticket_start_date":"2022-08-09 00:00:00","_ticket_end_date":"2022-10-03 12:00:00","_tribe_ticket_show_description":"yes","_tribe_ticket_show_not_going":false,"_tribe_ticket_use_global_stock":"","_tribe_ticket_global_stock_level":"","_global_stock_mode":"global","_global_stock_cap":"","_tribe_rsvp_for_event":"","_tribe_ticket_going_count":"","_tribe_ticket_not_going_count":"","_tribe_tickets_list":"[]","_tribe_ticket_has_attendee_info_fields":false},"product_brand":[],"product_cat":[],"product_tag":[],"class_list":{"0":"post-34111","1":"product","2":"type-product","3":"status-publish","6":"first","7":"instock","8":"virtual","9":"purchasable","10":"product-type-simple"},"_links":{"self":[{"href":"https:\/\/riff.is\/pl\/wp-json\/wp\/v2\/product\/34111","targetHints":{"allow":["GET"]}}],"collection":[{"href":"https:\/\/riff.is\/pl\/wp-json\/wp\/v2\/product"}],"about":[{"href":"https:\/\/riff.is\/pl\/wp-json\/wp\/v2\/types\/product"}],"version-history":[{"count":2,"href":"https:\/\/riff.is\/pl\/wp-json\/wp\/v2\/product\/34111\/revisions"}],"predecessor-version":[{"id":37345,"href":"https:\/\/riff.is\/pl\/wp-json\/wp\/v2\/product\/34111\/revisions\/37345"}],"wp:attachment":[{"href":"https:\/\/riff.is\/pl\/wp-json\/wp\/v2\/media?parent=34111"}],"wp:term":[{"taxonomy":"product_brand","embeddable":true,"href":"https:\/\/riff.is\/pl\/wp-json\/wp\/v2\/product_brand?post=34111"},{"taxonomy":"product_cat","embeddable":true,"href":"https:\/\/riff.is\/pl\/wp-json\/wp\/v2\/product_cat?post=34111"},{"taxonomy":"product_tag","embeddable":true,"href":"https:\/\/riff.is\/pl\/wp-json\/wp\/v2\/product_tag?post=34111"}],"curies":[{"name":"wp","href":"https:\/\/api.w.org\/{rel}","templated":true}]}}