{"id":49484,"date":"2023-09-07T16:49:48","date_gmt":"2023-09-07T16:49:48","guid":{"rendered":"https:\/\/riff.is\/?post_type=product&#038;p=49484"},"modified":"2024-10-10T10:36:25","modified_gmt":"2024-10-10T10:36:25","slug":"riff-pink-flamingos-hulli","status":"publish","type":"product","link":"https:\/\/riff.is\/pl\/produkt\/riff-pink-flamingos-hulli\/","title":{"rendered":"RIFF \u2013 R\u00f3\u017cowe Flamingi, Hulli"},"content":{"rendered":"","protected":false},"excerpt":{"rendered":"<p>Plakat zaprojektowany przez Hugleikura Dagssona, pochodzi z filmu R\u00f3\u017cowe Flamingi z 1972 roku.<\/p>\n<p>Rozmiar: A3 (29,7 cm x 42 cm)<\/p>\n<p>&nbsp;<\/p>\n<p>Uwaga: Niestety, na razie nie wysy\u0142amy tych produkt\u00f3w. Mo\u017cesz odebra\u0107 sw\u00f3j zakup w naszym biurze przy Tryggvagata 11<\/p>","protected":false},"featured_media":49486,"template":"","meta":{"_monsterinsights_skip_tracking":false,"_monsterinsights_sitenote_active":false,"_monsterinsights_sitenote_note":"","_monsterinsights_sitenote_category":0,"_price":"3000","_stock":"","_tribe_ticket_header":"","_tribe_default_ticket_provider":"","_tribe_ticket_capacity":"0","_ticket_start_date":"","_ticket_end_date":"","_tribe_ticket_show_description":"","_tribe_ticket_show_not_going":false,"_tribe_ticket_use_global_stock":"","_tribe_ticket_global_stock_level":"","_global_stock_mode":"","_global_stock_cap":"","_tribe_rsvp_for_event":"","_tribe_ticket_going_count":"","_tribe_ticket_not_going_count":"","_tribe_tickets_list":"[]","_tribe_ticket_has_attendee_info_fields":false},"product_brand":[],"product_cat":[54,623],"product_tag":[],"class_list":{"0":"post-49484","1":"product","2":"type-product","3":"status-publish","4":"has-post-thumbnail","6":"product_cat-merchandise","7":"product_cat-varningur","9":"first","10":"outofstock","11":"shipping-taxable","12":"purchasable","13":"product-type-simple"},"_links":{"self":[{"href":"https:\/\/riff.is\/pl\/wp-json\/wp\/v2\/product\/49484","targetHints":{"allow":["GET"]}}],"collection":[{"href":"https:\/\/riff.is\/pl\/wp-json\/wp\/v2\/product"}],"about":[{"href":"https:\/\/riff.is\/pl\/wp-json\/wp\/v2\/types\/product"}],"version-history":[{"count":2,"href":"https:\/\/riff.is\/pl\/wp-json\/wp\/v2\/product\/49484\/revisions"}],"predecessor-version":[{"id":49491,"href":"https:\/\/riff.is\/pl\/wp-json\/wp\/v2\/product\/49484\/revisions\/49491"}],"wp:featuredmedia":[{"embeddable":true,"href":"https:\/\/riff.is\/pl\/wp-json\/wp\/v2\/media\/49486"}],"wp:attachment":[{"href":"https:\/\/riff.is\/pl\/wp-json\/wp\/v2\/media?parent=49484"}],"wp:term":[{"taxonomy":"product_brand","embeddable":true,"href":"https:\/\/riff.is\/pl\/wp-json\/wp\/v2\/product_brand?post=49484"},{"taxonomy":"product_cat","embeddable":true,"href":"https:\/\/riff.is\/pl\/wp-json\/wp\/v2\/product_cat?post=49484"},{"taxonomy":"product_tag","embeddable":true,"href":"https:\/\/riff.is\/pl\/wp-json\/wp\/v2\/product_tag?post=49484"}],"curies":[{"name":"wp","href":"https:\/\/api.w.org\/{rel}","templated":true}]}}