{"id":49494,"date":"2023-09-07T16:58:37","date_gmt":"2023-09-07T16:58:37","guid":{"rendered":"https:\/\/riff.is\/?post_type=product&#038;p=49494"},"modified":"2024-10-10T10:35:06","modified_gmt":"2024-10-10T10:35:06","slug":"riff-le-voyage-dans-la-lune-hulli","status":"publish","type":"product","link":"https:\/\/riff.is\/pl\/produkt\/riff-le-voyage-dans-la-lune-hulli\/","title":{"rendered":"RIFF- Le voyage dans la lune, Hulli"},"content":{"rendered":"<p>Plakat zaprojektowany przez Hugleikura Dagssona, pochodzi z filmu Le voyage dans la lune (Podr\u00f3\u017c na Ksi\u0119\u017cyc) z 1902 roku.<\/p>\n<p>Rozmiar: A3 (29,7 cm x 42 cm)<\/p>\n<p>&nbsp;<\/p>\n<p>Uwaga: Niestety, na razie nie wysy\u0142amy tych produkt\u00f3w. Mo\u017cesz odebra\u0107 sw\u00f3j zakup w naszym biurze przy Tryggvagata 11<\/p>","protected":false},"excerpt":{"rendered":"<p>Poster designed by Hugleikur Dagsson, From the 1902 movie Le voyage dans la lune (A trip to the moon). Size: A3 (29.7 cm x 42 cm) &nbsp; Attention: Unfortunately, we [&hellip;]<\/p>\n","protected":false},"featured_media":49496,"template":"","meta":{"_monsterinsights_skip_tracking":false,"_monsterinsights_sitenote_active":false,"_monsterinsights_sitenote_note":"","_monsterinsights_sitenote_category":0,"_price":"3000","_stock":"","_tribe_ticket_header":"","_tribe_default_ticket_provider":"","_tribe_ticket_capacity":"0","_ticket_start_date":"","_ticket_end_date":"","_tribe_ticket_show_description":"","_tribe_ticket_show_not_going":false,"_tribe_ticket_use_global_stock":"","_tribe_ticket_global_stock_level":"","_global_stock_mode":"","_global_stock_cap":"","_tribe_rsvp_for_event":"","_tribe_ticket_going_count":"","_tribe_ticket_not_going_count":"","_tribe_tickets_list":"[]","_tribe_ticket_has_attendee_info_fields":false},"product_brand":[],"product_cat":[54,623],"product_tag":[],"class_list":{"0":"post-49494","1":"product","2":"type-product","3":"status-publish","4":"has-post-thumbnail","6":"product_cat-merchandise","7":"product_cat-varningur","9":"first","10":"outofstock","11":"shipping-taxable","12":"purchasable","13":"product-type-simple"},"_links":{"self":[{"href":"https:\/\/riff.is\/pl\/wp-json\/wp\/v2\/product\/49494","targetHints":{"allow":["GET"]}}],"collection":[{"href":"https:\/\/riff.is\/pl\/wp-json\/wp\/v2\/product"}],"about":[{"href":"https:\/\/riff.is\/pl\/wp-json\/wp\/v2\/types\/product"}],"version-history":[{"count":1,"href":"https:\/\/riff.is\/pl\/wp-json\/wp\/v2\/product\/49494\/revisions"}],"predecessor-version":[{"id":49497,"href":"https:\/\/riff.is\/pl\/wp-json\/wp\/v2\/product\/49494\/revisions\/49497"}],"wp:featuredmedia":[{"embeddable":true,"href":"https:\/\/riff.is\/pl\/wp-json\/wp\/v2\/media\/49496"}],"wp:attachment":[{"href":"https:\/\/riff.is\/pl\/wp-json\/wp\/v2\/media?parent=49494"}],"wp:term":[{"taxonomy":"product_brand","embeddable":true,"href":"https:\/\/riff.is\/pl\/wp-json\/wp\/v2\/product_brand?post=49494"},{"taxonomy":"product_cat","embeddable":true,"href":"https:\/\/riff.is\/pl\/wp-json\/wp\/v2\/product_cat?post=49494"},{"taxonomy":"product_tag","embeddable":true,"href":"https:\/\/riff.is\/pl\/wp-json\/wp\/v2\/product_tag?post=49494"}],"curies":[{"name":"wp","href":"https:\/\/api.w.org\/{rel}","templated":true}]}}