{"id":54758,"date":"2024-08-08T10:37:54","date_gmt":"2024-08-08T10:37:54","guid":{"rendered":"https:\/\/riff.is\/?post_type=product&#038;p=54758"},"modified":"2026-01-07T14:43:16","modified_gmt":"2026-01-07T14:43:16","slug":"u20-ungmennapassi","status":"publish","type":"product","link":"https:\/\/riff.is\/pl\/produkt\/u20-ungmennapassi\/","title":{"rendered":"Karnet dla m\u0142odych &lt;20"},"content":{"rendered":"","protected":false},"excerpt":{"rendered":"<p><strong>Karnet U20 to idealny wyb\u00f3r dla wszystkich mi\u0142o\u015bnik\u00f3w kina w wieku poni\u017cej 20 lat.<\/strong><\/p>\n<p>Karnet obejmuje wst\u0119p na dowolne 4 seanse filmowe RIFF (z wyj\u0105tkiem wydarze\u0144 specjalnych), 30 minut darmowych przejazd\u00f3w hulajnogami elektrycznymi Hopp (do wyczerpania zapas\u00f3w) oraz torb\u0119 z logo RIFF (do wyczerpania zapas\u00f3w).<\/p>\n<p>Passinn gildir \u00e1 Al\u00fej\u00f3\u00f0legu kvikmyndah\u00e1t\u00ed\u00f0ina \u00ed Reykjav\u00edk, sem haldin ver\u00f0ur \u00ed 23. sinn fr\u00e1 24. september til 4. okt\u00f3ber 2026.<\/p>\n<p>Athugi\u00f0 a\u00f0 allir passarnir og klippikort RIFF eru rafr\u00e6n. Til a\u00f0 virkja U20 passann \u00fearf passahafi a\u00f0 m\u00e6ta \u00ed mi\u00f0as\u00f6lu H\u00e1sk\u00f3lab\u00ed\u00f3, sem ver\u00f0ur opin fr\u00e1 21. September til lok h\u00e1t\u00ed\u00f0arinnar, og framv\u00edsa skilr\u00edkjum til a\u00f0 sanna aldur. Passinn gildir einungis fyrir \u00feann sem hann er gefinn \u00fat \u00e1 og er ekki h\u00e6gt a\u00f0 deila<\/p>\n<p>Karnet U20 nie podlega zwrotowi.<\/p>","protected":false},"featured_media":66033,"template":"","meta":{"_monsterinsights_skip_tracking":false,"_monsterinsights_sitenote_active":false,"_monsterinsights_sitenote_note":"","_monsterinsights_sitenote_category":0,"_price":"6490","_stock":"","_tribe_ticket_header":"","_tribe_default_ticket_provider":"","_tribe_ticket_capacity":"0","_ticket_start_date":"","_ticket_end_date":"","_tribe_ticket_show_description":"","_tribe_ticket_show_not_going":false,"_tribe_ticket_use_global_stock":"","_tribe_ticket_global_stock_level":"","_global_stock_mode":"","_global_stock_cap":"","_tribe_rsvp_for_event":"","_tribe_ticket_going_count":"","_tribe_ticket_not_going_count":"","_tribe_tickets_list":"[]","_tribe_ticket_has_attendee_info_fields":false},"product_brand":[],"product_cat":[615,480,710],"product_tag":[],"class_list":{"0":"post-54758","1":"product","2":"type-product","3":"status-publish","4":"has-post-thumbnail","6":"product_cat-passar-og-klippikort","7":"product_cat-midar","8":"product_cat-passes-and-gift-cards","10":"first","11":"instock","12":"downloadable","13":"virtual","14":"purchasable","15":"product-type-simple"},"_links":{"self":[{"href":"https:\/\/riff.is\/pl\/wp-json\/wp\/v2\/product\/54758","targetHints":{"allow":["GET"]}}],"collection":[{"href":"https:\/\/riff.is\/pl\/wp-json\/wp\/v2\/product"}],"about":[{"href":"https:\/\/riff.is\/pl\/wp-json\/wp\/v2\/types\/product"}],"version-history":[{"count":7,"href":"https:\/\/riff.is\/pl\/wp-json\/wp\/v2\/product\/54758\/revisions"}],"predecessor-version":[{"id":66032,"href":"https:\/\/riff.is\/pl\/wp-json\/wp\/v2\/product\/54758\/revisions\/66032"}],"wp:featuredmedia":[{"embeddable":true,"href":"https:\/\/riff.is\/pl\/wp-json\/wp\/v2\/media\/66033"}],"wp:attachment":[{"href":"https:\/\/riff.is\/pl\/wp-json\/wp\/v2\/media?parent=54758"}],"wp:term":[{"taxonomy":"product_brand","embeddable":true,"href":"https:\/\/riff.is\/pl\/wp-json\/wp\/v2\/product_brand?post=54758"},{"taxonomy":"product_cat","embeddable":true,"href":"https:\/\/riff.is\/pl\/wp-json\/wp\/v2\/product_cat?post=54758"},{"taxonomy":"product_tag","embeddable":true,"href":"https:\/\/riff.is\/pl\/wp-json\/wp\/v2\/product_tag?post=54758"}],"curies":[{"name":"wp","href":"https:\/\/api.w.org\/{rel}","templated":true}]}}