{"id":56787,"date":"2024-09-22T18:35:49","date_gmt":"2024-09-22T18:35:49","guid":{"rendered":"https:\/\/riff.is\/?post_type=product&#038;p=56787"},"modified":"2024-09-22T18:49:33","modified_gmt":"2024-09-22T18:49:33","slug":"riff-bolur-2024-appelsinugulur","status":"publish","type":"product","link":"https:\/\/riff.is\/pl\/produkt\/riff-bolur-2024-appelsinugulur\/","title":{"rendered":"Koszulka RIFF 2024: Pomara\u0144czowa"},"content":{"rendered":"","protected":false},"excerpt":{"rendered":"<p>Tegoroczn\u0105 koszulk\u0119 RIFF zaprojektowali Viktor Weisshappel i Gr\u00e9ta \u00deorkelsd\u00f3ttir.<\/p>\n<p>Uwaga: Nie wysy\u0142amy tego produktu poczt\u0105. Mo\u017cesz odebra\u0107 zam\u00f3wienie w naszym biurze przy Tryggvagata 11, 5. pi\u0119tro w godzinach 10:00-12:00 i 13:00-17:00 w dni robocze.<\/p>","protected":false},"featured_media":56788,"template":"","meta":{"_monsterinsights_skip_tracking":false,"_monsterinsights_sitenote_active":false,"_monsterinsights_sitenote_note":"","_monsterinsights_sitenote_category":0,"_price":"4000","_stock":"","_tribe_ticket_header":"","_tribe_default_ticket_provider":"","_tribe_ticket_capacity":"0","_ticket_start_date":"","_ticket_end_date":"","_tribe_ticket_show_description":"","_tribe_ticket_show_not_going":false,"_tribe_ticket_use_global_stock":"","_tribe_ticket_global_stock_level":"","_global_stock_mode":"","_global_stock_cap":"","_tribe_rsvp_for_event":"","_tribe_ticket_going_count":"","_tribe_ticket_not_going_count":"","_tribe_tickets_list":"[]","_tribe_ticket_has_attendee_info_fields":false},"product_brand":[],"product_cat":[54,623],"product_tag":[],"class_list":{"0":"post-56787","1":"product","2":"type-product","3":"status-publish","4":"has-post-thumbnail","6":"product_cat-merchandise","7":"product_cat-varningur","9":"first","10":"instock","11":"shipping-taxable","12":"purchasable","13":"product-type-simple"},"_links":{"self":[{"href":"https:\/\/riff.is\/pl\/wp-json\/wp\/v2\/product\/56787","targetHints":{"allow":["GET"]}}],"collection":[{"href":"https:\/\/riff.is\/pl\/wp-json\/wp\/v2\/product"}],"about":[{"href":"https:\/\/riff.is\/pl\/wp-json\/wp\/v2\/types\/product"}],"version-history":[{"count":2,"href":"https:\/\/riff.is\/pl\/wp-json\/wp\/v2\/product\/56787\/revisions"}],"predecessor-version":[{"id":56796,"href":"https:\/\/riff.is\/pl\/wp-json\/wp\/v2\/product\/56787\/revisions\/56796"}],"wp:featuredmedia":[{"embeddable":true,"href":"https:\/\/riff.is\/pl\/wp-json\/wp\/v2\/media\/56788"}],"wp:attachment":[{"href":"https:\/\/riff.is\/pl\/wp-json\/wp\/v2\/media?parent=56787"}],"wp:term":[{"taxonomy":"product_brand","embeddable":true,"href":"https:\/\/riff.is\/pl\/wp-json\/wp\/v2\/product_brand?post=56787"},{"taxonomy":"product_cat","embeddable":true,"href":"https:\/\/riff.is\/pl\/wp-json\/wp\/v2\/product_cat?post=56787"},{"taxonomy":"product_tag","embeddable":true,"href":"https:\/\/riff.is\/pl\/wp-json\/wp\/v2\/product_tag?post=56787"}],"curies":[{"name":"wp","href":"https:\/\/api.w.org\/{rel}","templated":true}]}}