{"id":62244,"date":"2025-06-05T23:16:58","date_gmt":"2025-06-05T23:16:58","guid":{"rendered":"https:\/\/riff.is\/?post_type=product&#038;p=62244"},"modified":"2026-01-07T14:32:06","modified_gmt":"2026-01-07T14:32:06","slug":"u30-ungmennapassi-gjafakort","status":"publish","type":"product","link":"https:\/\/riff.is\/pl\/produkt\/u30-ungmennapassi-gjafakort\/","title":{"rendered":"Karta podarunkowa U30: dla m\u0142odych &lt;30"},"content":{"rendered":"","protected":false},"excerpt":{"rendered":"<p><strong>RIFF przedstawia kart\u0119 festiwalow\u0105 dla os\u00f3b poni\u017cej 30 roku \u017cycia. Karnet U30 na RIFF to idealny prezent dla mi\u0142o\u015bnik\u00f3w sztuki i kina oraz os\u00f3b, kt\u00f3re maj\u0105 ju\u017c wszystko.<\/strong><\/p>\n<p><span style=\"font-weight: 400;\">Karta uprawnia posiadacza do wst\u0119pu na 6 wybranych pokaz\u00f3w filmowych! Opr\u00f3cz tego kupuj\u0105cy otrzymuje torb\u0119 z logo RIFF oraz 30 minut darmowych przejazd\u00f3w hulajnogami Hopp. Nale\u017cy pami\u0119ta\u0107, \u017ce karta U30 nie mo\u017ce by\u0107 udost\u0119pniana innym osobom ani wykorzystywana podczas wydarze\u0144 specjalnych, chyba \u017ce zaznaczono inaczej. W ramach biletu mo\u017cna obejrze\u0107 ka\u017cdy film jednorazowo.<\/span><\/p>\n<p><span style=\"font-weight: 400;\">Gjafah\u00e1t\u00ed\u00f0arpassinn gildir \u00e1 RIFF sem haldin ver\u00f0ur \u00ed 23. sinn \u00feann 24. september til 4. okt\u00f3ber 2026.\u00a0<\/span><\/p>\n<p><span style=\"font-weight: 400;\">Uwaga: Wszystkie nasze karty i karnety s\u0105 elektroniczne. Po zakupie otrzymasz plik PDF do pobrania, kt\u00f3ry mo\u017cesz wydrukowa\u0107. Kart\u0119 podarunkow\u0105 mo\u017cna r\u00f3wnie\u017c odebra\u0107 w biurze RIFF przy Tryggvagata 11, w dni powszednie w godzinach 10:00-12:00 i 13:00-17:00. Oferujemy mo\u017cliwo\u015b\u0107 wys\u0142ania kart podarunkowych poczt\u0105 na koszt odbiorcy.\u00a0<\/span><\/p>\n<p><span style=\"font-weight: 400;\">Vi\u00f0takandi gjafakortsins getur s\u00ed\u00f0an skipt \u00fev\u00ed \u00fat fyrir passa \u00ed mi\u00f0as\u00f6lunni \u00ed H\u00e1sk\u00f3lab\u00ed\u00f3 fr\u00e1 og me\u00f0 21. september 2026 e\u00f0a hven\u00e6r sem er \u00e1 me\u00f0an h\u00e1t\u00ed\u00f0inni stendur.\u00a0<\/span><\/p>\n<p><em><span style=\"font-weight: 400;\">Karta dla m\u0142odych nie podlega zwrotowi.<\/span><\/em><\/p>","protected":false},"featured_media":66031,"template":"","meta":{"_monsterinsights_skip_tracking":false,"_monsterinsights_sitenote_active":false,"_monsterinsights_sitenote_note":"","_monsterinsights_sitenote_category":0,"_price":"9390","_stock":"","_tribe_ticket_header":"","_tribe_default_ticket_provider":"","_tribe_ticket_capacity":"0","_ticket_start_date":"","_ticket_end_date":"","_tribe_ticket_show_description":"","_tribe_ticket_show_not_going":false,"_tribe_ticket_use_global_stock":"","_tribe_ticket_global_stock_level":"","_global_stock_mode":"","_global_stock_cap":"","_tribe_rsvp_for_event":"","_tribe_ticket_going_count":"","_tribe_ticket_not_going_count":"","_tribe_tickets_list":"[]","_tribe_ticket_has_attendee_info_fields":false},"product_brand":[],"product_cat":[702],"product_tag":[],"class_list":{"0":"post-62244","1":"product","2":"type-product","3":"status-publish","4":"has-post-thumbnail","6":"product_cat-gjafakort","8":"first","9":"instock","10":"downloadable","11":"virtual","12":"purchasable","13":"product-type-simple"},"_links":{"self":[{"href":"https:\/\/riff.is\/pl\/wp-json\/wp\/v2\/product\/62244","targetHints":{"allow":["GET"]}}],"collection":[{"href":"https:\/\/riff.is\/pl\/wp-json\/wp\/v2\/product"}],"about":[{"href":"https:\/\/riff.is\/pl\/wp-json\/wp\/v2\/types\/product"}],"version-history":[{"count":1,"href":"https:\/\/riff.is\/pl\/wp-json\/wp\/v2\/product\/62244\/revisions"}],"predecessor-version":[{"id":65933,"href":"https:\/\/riff.is\/pl\/wp-json\/wp\/v2\/product\/62244\/revisions\/65933"}],"wp:featuredmedia":[{"embeddable":true,"href":"https:\/\/riff.is\/pl\/wp-json\/wp\/v2\/media\/66031"}],"wp:attachment":[{"href":"https:\/\/riff.is\/pl\/wp-json\/wp\/v2\/media?parent=62244"}],"wp:term":[{"taxonomy":"product_brand","embeddable":true,"href":"https:\/\/riff.is\/pl\/wp-json\/wp\/v2\/product_brand?post=62244"},{"taxonomy":"product_cat","embeddable":true,"href":"https:\/\/riff.is\/pl\/wp-json\/wp\/v2\/product_cat?post=62244"},{"taxonomy":"product_tag","embeddable":true,"href":"https:\/\/riff.is\/pl\/wp-json\/wp\/v2\/product_tag?post=62244"}],"curies":[{"name":"wp","href":"https:\/\/api.w.org\/{rel}","templated":true}]}}