{"id":64139,"date":"2025-09-09T16:23:39","date_gmt":"2025-09-09T16:23:39","guid":{"rendered":"https:\/\/riff.is\/?post_type=product&#038;p=64139"},"modified":"2026-01-07T14:24:01","modified_gmt":"2026-01-07T14:24:01","slug":"vinapassi-31","status":"publish","type":"product","link":"https:\/\/riff.is\/pl\/produkt\/vinapassi-31\/","title":{"rendered":"Dla przyjaci\u00f3\u0142 3+1"},"content":{"rendered":"<p><span style=\"font-weight: 400;\">Nasz bilet Dla Przyjaci\u00f3\u0142 3+1 to doskona\u0142y wyb\u00f3r dla wszystkich amator\u00f3w filmu, kultury i festiwali, kt\u00f3rzy chcieliby do\u015bwiadczy\u0107 wsp\u00f3lnie magii kina.<\/span><\/p>\n<p><span style=\"font-weight: 400;\">Bilet Dla Przyjaci\u00f3\u0142 obejmuje 4 bilety w cenie 3, co daje mo\u017cliwo\u015b\u0107 tobie oraz trzem bliskim osobom (przyjacio\u0142om lub cz\u0142onkom rodziny) wsp\u00f3lnego wst\u0119pu na wybrany pokaz podczas RIFF (nie dotyczy wydarze\u0144 specjalnych). Pami\u0119taj, \u017ce te 4 bilety obowi\u0105zuj\u0105 tylko podczas jednego pokazu, nie mo\u017cna ich rozdzieli\u0107 na r\u00f3\u017cne filmy. Karnet mo\u017cna aktywowa\u0107 i odebra\u0107 w kasie biletowej RIFF znajduj\u0105cej si\u0119 w H\u00e1sk\u00f3lab\u00ed\u00f3. Mo\u017cna to zrobi\u0107 albo tu\u017c przed pokazem, albo z wyprzedzeniem, w godzinach otwarcia kasy. Wi\u0119cej informacji o godzinach otwarcia znajduje si\u0119 <\/span><a href=\"https:\/\/riff.is\/pl\/attend\/\"><span style=\"font-weight: 400;\">tutaj<\/span><\/a><span style=\"font-weight: 400;\">.\u00a0<\/span><\/p>\n<p><span style=\"font-weight: 400;\">Vinapassinn gildir \u00e1 RIFF sem haldin ver\u00f0ur \u00ed 23. sinn dagana 24. september til 4. okt\u00f3ber n.k.<\/span><\/p>\n<p><span style=\"font-weight: 400;\">Wszystkie bilety i karnety RIFF s\u0105 w formie elektronicznej - tydzie\u0144 przed rozpocz\u0119ciem festiwalu bilety zostan\u0105 dostarczone na podany adres e-mail.<\/span><\/p>\n<p><span style=\"font-weight: 400;\">Bilet Dla Przyjaci\u00f3\u0142 nie podlega zwrotowi.<\/span><\/p>","protected":false},"excerpt":{"rendered":"<p>Vinapassinn 3+1 er tilvalinn fyrir alla kvikmynda-, menningar- og h\u00e1t\u00ed\u00f0arunnendur sem vilja nj\u00f3ta kvikmynda saman. Passinn inniheldur fj\u00f3ra mi\u00f0a \u00e1 ver\u00f0i \u00feriggja, sem gerir \u00fe\u00e9r og \u00feremur vinum e\u00f0a fj\u00f6lskyldume\u00f0limum [&hellip;]<\/p>\n","protected":false},"featured_media":66029,"template":"","meta":{"_monsterinsights_skip_tracking":false,"_monsterinsights_sitenote_active":false,"_monsterinsights_sitenote_note":"","_monsterinsights_sitenote_category":0,"_price":"7050","_stock":"","_tribe_ticket_header":"","_tribe_default_ticket_provider":"","_tribe_ticket_capacity":"0","_ticket_start_date":"","_ticket_end_date":"","_tribe_ticket_show_description":"","_tribe_ticket_show_not_going":false,"_tribe_ticket_use_global_stock":"","_tribe_ticket_global_stock_level":"","_global_stock_mode":"","_global_stock_cap":"","_tribe_rsvp_for_event":"","_tribe_ticket_going_count":"","_tribe_ticket_not_going_count":"","_tribe_tickets_list":"[]","_tribe_ticket_has_attendee_info_fields":false},"product_brand":[],"product_cat":[615,613,23],"product_tag":[],"class_list":{"0":"post-64139","1":"product","2":"type-product","3":"status-publish","4":"has-post-thumbnail","6":"product_cat-passar-og-klippikort","7":"product_cat-passes-clip-cards","8":"product_cat-uncategorized","10":"first","11":"instock","12":"downloadable","13":"virtual","14":"purchasable","15":"product-type-simple"},"_links":{"self":[{"href":"https:\/\/riff.is\/pl\/wp-json\/wp\/v2\/product\/64139","targetHints":{"allow":["GET"]}}],"collection":[{"href":"https:\/\/riff.is\/pl\/wp-json\/wp\/v2\/product"}],"about":[{"href":"https:\/\/riff.is\/pl\/wp-json\/wp\/v2\/types\/product"}],"version-history":[{"count":1,"href":"https:\/\/riff.is\/pl\/wp-json\/wp\/v2\/product\/64139\/revisions"}],"predecessor-version":[{"id":66009,"href":"https:\/\/riff.is\/pl\/wp-json\/wp\/v2\/product\/64139\/revisions\/66009"}],"wp:featuredmedia":[{"embeddable":true,"href":"https:\/\/riff.is\/pl\/wp-json\/wp\/v2\/media\/66029"}],"wp:attachment":[{"href":"https:\/\/riff.is\/pl\/wp-json\/wp\/v2\/media?parent=64139"}],"wp:term":[{"taxonomy":"product_brand","embeddable":true,"href":"https:\/\/riff.is\/pl\/wp-json\/wp\/v2\/product_brand?post=64139"},{"taxonomy":"product_cat","embeddable":true,"href":"https:\/\/riff.is\/pl\/wp-json\/wp\/v2\/product_cat?post=64139"},{"taxonomy":"product_tag","embeddable":true,"href":"https:\/\/riff.is\/pl\/wp-json\/wp\/v2\/product_tag?post=64139"}],"curies":[{"name":"wp","href":"https:\/\/api.w.org\/{rel}","templated":true}]}}