{"id":67535,"date":"2026-03-25T15:19:05","date_gmt":"2026-03-25T15:19:05","guid":{"rendered":"https:\/\/riff.is\/?post_type=product&#038;p=67535"},"modified":"2026-03-27T15:55:20","modified_gmt":"2026-03-27T15:55:20","slug":"talent-lab-final-payment-without-accommodation","status":"publish","type":"product","link":"https:\/\/riff.is\/pl\/produkt\/talent-lab-final-payment-without-accommodation\/","title":{"rendered":"Talent Lab \u2013 P\u0142atno\u015b\u0107 ko\u0144cowa bez zakwaterowania"},"content":{"rendered":"<div data-elementor-type=\"product-post\" data-elementor-id=\"67535\" class=\"elementor elementor-67535\" data-elementor-post-type=\"product\">\n\t\t\t\t\t\t<section class=\"elementor-section elementor-top-section elementor-element elementor-element-2b46a7df elementor-section-boxed elementor-section-height-default elementor-section-height-default\" data-id=\"2b46a7df\" data-element_type=\"section\" data-e-type=\"section\">\n\t\t\t\t\t\t<div class=\"elementor-container elementor-column-gap-default\">\n\t\t\t\t\t<div class=\"elementor-column elementor-col-100 elementor-top-column elementor-element elementor-element-dd13abf\" data-id=\"dd13abf\" data-element_type=\"column\" data-e-type=\"column\">\n\t\t\t<div class=\"elementor-widget-wrap elementor-element-populated\">\n\t\t\t\t\t\t<div class=\"elementor-element elementor-element-20084c51 elementor-widget elementor-widget-text-editor\" data-id=\"20084c51\" data-element_type=\"widget\" data-e-type=\"widget\" data-widget_type=\"text-editor.default\">\n\t\t\t\t<div class=\"elementor-widget-container\">\n\t\t\t\t\t\t\t\t\t<div>\n<p>Reykjavik Talent Lab to miejsce dla utalentowanych ludzi, kt\u00f3rzy chc\u0105 spotka\u0107 si\u0119 z innymi podobnie my\u015bl\u0105cymi lud\u017ami w Reykjav\u00edku i nawi\u0105za\u0107 bezpo\u015bredni kontakt z producentami filmowymi i innymi profesjonalistami, kt\u00f3rzy pomog\u0105 im i udziel\u0105 im konsultacji przy realizacji ich pierwszego pe\u0142nometra\u017cowego filmu.&nbsp;<\/p>\n<\/div>\n<p>Op\u0142ata obejmuje karnet na festiwal, liczne wydarzenia oraz wszystkie seminaria i dyskusje. Nale\u017cy pami\u0119ta\u0107, \u017ce bilet lotniczy nie jest obj\u0119ty.&nbsp;<\/p>\n<div>&nbsp;<\/div>\t\t\t\t\t\t\t\t<\/div>\n\t\t\t\t<\/div>\n\t\t\t\t\t<\/div>\n\t\t<\/div>\n\t\t\t\t\t<\/div>\n\t\t<\/section>\n\t\t\t\t<\/div>","protected":false},"excerpt":{"rendered":"<p>The final payment is 105.000 kr and is non-refundable. This will secure your seat at the Talent Lab in Reykjav\u00edk without accommodation.<\/p>\n<p>&nbsp;<\/p>","protected":false},"featured_media":11407,"template":"","meta":{"_monsterinsights_skip_tracking":false,"_monsterinsights_sitenote_active":false,"_monsterinsights_sitenote_note":"","_monsterinsights_sitenote_category":0,"_price":"105000","_stock":"95","_tribe_ticket_header":"","_tribe_default_ticket_provider":"","_tribe_ticket_capacity":"40","_ticket_start_date":"","_ticket_end_date":"","_tribe_ticket_show_description":"","_tribe_ticket_show_not_going":false,"_tribe_ticket_use_global_stock":"","_tribe_ticket_global_stock_level":"","_global_stock_mode":"","_global_stock_cap":"","_tribe_rsvp_for_event":"","_tribe_ticket_going_count":"","_tribe_ticket_not_going_count":"","_tribe_tickets_list":"[]","_tribe_ticket_has_attendee_info_fields":false},"product_brand":[],"product_cat":[406],"product_tag":[],"class_list":{"0":"post-67535","1":"product","2":"type-product","3":"status-publish","4":"has-post-thumbnail","6":"product_cat-talent-lab","8":"first","9":"instock","10":"virtual","11":"sold-individually","12":"purchasable","13":"product-type-simple"},"_links":{"self":[{"href":"https:\/\/riff.is\/pl\/wp-json\/wp\/v2\/product\/67535","targetHints":{"allow":["GET"]}}],"collection":[{"href":"https:\/\/riff.is\/pl\/wp-json\/wp\/v2\/product"}],"about":[{"href":"https:\/\/riff.is\/pl\/wp-json\/wp\/v2\/types\/product"}],"version-history":[{"count":2,"href":"https:\/\/riff.is\/pl\/wp-json\/wp\/v2\/product\/67535\/revisions"}],"predecessor-version":[{"id":67577,"href":"https:\/\/riff.is\/pl\/wp-json\/wp\/v2\/product\/67535\/revisions\/67577"}],"wp:featuredmedia":[{"embeddable":true,"href":"https:\/\/riff.is\/pl\/wp-json\/wp\/v2\/media\/11407"}],"wp:attachment":[{"href":"https:\/\/riff.is\/pl\/wp-json\/wp\/v2\/media?parent=67535"}],"wp:term":[{"taxonomy":"product_brand","embeddable":true,"href":"https:\/\/riff.is\/pl\/wp-json\/wp\/v2\/product_brand?post=67535"},{"taxonomy":"product_cat","embeddable":true,"href":"https:\/\/riff.is\/pl\/wp-json\/wp\/v2\/product_cat?post=67535"},{"taxonomy":"product_tag","embeddable":true,"href":"https:\/\/riff.is\/pl\/wp-json\/wp\/v2\/product_tag?post=67535"}],"curies":[{"name":"wp","href":"https:\/\/api.w.org\/{rel}","templated":true}]}}